{"id":2889,"date":"2025-05-21T16:25:05","date_gmt":"2025-05-21T14:25:05","guid":{"rendered":"https:\/\/www.hotel-garden.eu\/?page_id=2889"},"modified":"2025-06-04T16:45:40","modified_gmt":"2025-06-04T14:45:40","slug":"zimmer","status":"publish","type":"page","link":"https:\/\/www.hotel-garden.eu\/de\/zimmer\/","title":{"rendered":"Zimmer"},"content":{"rendered":"\t\t<div data-elementor-type=\"wp-page\" data-elementor-id=\"2889\" class=\"elementor elementor-2889 elementor-2347\" data-elementor-post-type=\"page\">\n\t\t\t\t<div class=\"elementor-element elementor-element-428e7e6 e-flex e-con-boxed e-con e-parent\" data-id=\"428e7e6\" data-element_type=\"container\" data-e-type=\"container\">\n\t\t\t\t\t<div class=\"e-con-inner\">\n\t\t\t\t<div class=\"elementor-element elementor-element-6364606 elementor-widget elementor-widget-heading\" data-id=\"6364606\" data-element_type=\"widget\" data-e-type=\"widget\" data-widget_type=\"heading.default\">\n\t\t\t\t<div class=\"elementor-widget-container\">\n\t\t\t\t\t<h2 class=\"elementor-heading-title elementor-size-default\">Komfortable und gut ausgestattete Zimmer<\/h2>\t\t\t\t<\/div>\n\t\t\t\t<\/div>\n\t\t\t\t<div class=\"elementor-element elementor-element-b7a5e28 elementor-widget elementor-widget-heading\" data-id=\"b7a5e28\" data-element_type=\"widget\" data-e-type=\"widget\" data-widget_type=\"heading.default\">\n\t\t\t\t<div class=\"elementor-widget-container\">\n\t\t\t\t\t<p class=\"elementor-heading-title elementor-size-default\">Das Hotel der 3-Sterne-Kategorie ist neu er\u00f6ffnet und verf\u00fcgt \u00fcber einen gro\u00dfen Parkplatz f\u00fcr Autos und Busse, einen Garten mit einem ausgestatteten Bereich und Veranden.<br>\nIm Inneren gibt es einen gro\u00dfen, modernen Saal, eine Souvenirlade, eine American-Bar und ein Restaurant mit etwa 200 Pl\u00e4tzen.<br>\nDas Hotel verf\u00fcgt \u00fcber einen Aufzug und 37 Zimmer, von denen 2 f\u00fcr Behinderte reserviert sind, insgesamt also etwa 80 Betten.<br>\nAlle Zimmer sind komfortabel und gut eingerichtet und verf\u00fcgen \u00fcber Heizung, TV, WC und Dusche..<\/p>\t\t\t\t<\/div>\n\t\t\t\t<\/div>\n\t\t\t\t\t<\/div>\n\t\t\t\t<\/div>\n\t\t<div class=\"elementor-element elementor-element-ccb5c35 canvas-room-hg e-flex e-con-boxed e-con e-parent\" data-id=\"ccb5c35\" data-element_type=\"container\" data-e-type=\"container\">\n\t\t\t\t\t<div class=\"e-con-inner\">\n\t\t<div class=\"elementor-element elementor-element-b2fab93 e-con-full e-flex e-con e-child\" data-id=\"b2fab93\" data-element_type=\"container\" data-e-type=\"container\">\n\t\t\t\t<div class=\"elementor-element elementor-element-a746d6e elementor-position-top elementor-widget elementor-widget-image-box\" data-id=\"a746d6e\" data-element_type=\"widget\" data-e-type=\"widget\" data-widget_type=\"image-box.default\">\n\t\t\t\t<div class=\"elementor-widget-container\">\n\t\t\t\t\t<div class=\"elementor-image-box-wrapper\"><figure class=\"elementor-image-box-img\"><a href=\"\/de\/zimmer\/zweibettzimmer\/\" tabindex=\"-1\"><img fetchpriority=\"high\" decoding=\"async\" width=\"700\" height=\"480\" src=\"https:\/\/www.hotel-garden.eu\/wp-content\/uploads\/2021\/05\/camere2.jpeg\" class=\"attachment-full size-full wp-image-2050\" alt=\"Hotel Garden\" srcset=\"https:\/\/www.hotel-garden.eu\/wp-content\/uploads\/2021\/05\/camere2.jpeg 700w, https:\/\/www.hotel-garden.eu\/wp-content\/uploads\/2021\/05\/camere2-300x206.jpeg 300w\" sizes=\"(max-width: 700px) 100vw, 700px\" \/><\/a><\/figure><div class=\"elementor-image-box-content\"><h3 class=\"elementor-image-box-title\"><a href=\"\/de\/zimmer\/zweibettzimmer\/\">Zweibettzimmer<\/a><\/h3><p class=\"elementor-image-box-description\">Eleganz und Komfort f\u00fcr einen gem\u00fctlichen und ruhigen Aufenthalt.<\/p><\/div><\/div>\t\t\t\t<\/div>\n\t\t\t\t<\/div>\n\t\t\t\t<\/div>\n\t\t<div class=\"elementor-element elementor-element-6d0e550 e-con-full e-flex e-con e-child\" data-id=\"6d0e550\" data-element_type=\"container\" data-e-type=\"container\">\n\t\t\t\t<div class=\"elementor-element elementor-element-b3eb0b1 elementor-position-top elementor-widget elementor-widget-image-box\" data-id=\"b3eb0b1\" data-element_type=\"widget\" data-e-type=\"widget\" data-widget_type=\"image-box.default\">\n\t\t\t\t<div class=\"elementor-widget-container\">\n\t\t\t\t\t<div class=\"elementor-image-box-wrapper\"><figure class=\"elementor-image-box-img\"><a href=\"\/de\/zimmer\/dreibettzimmer\/\" tabindex=\"-1\"><img decoding=\"async\" width=\"700\" height=\"480\" src=\"https:\/\/www.hotel-garden.eu\/wp-content\/uploads\/2021\/05\/camere6.jpeg\" class=\"attachment-full size-full wp-image-2054\" alt=\"Hotel Garden\" srcset=\"https:\/\/www.hotel-garden.eu\/wp-content\/uploads\/2021\/05\/camere6.jpeg 700w, https:\/\/www.hotel-garden.eu\/wp-content\/uploads\/2021\/05\/camere6-300x206.jpeg 300w\" sizes=\"(max-width: 700px) 100vw, 700px\" \/><\/a><\/figure><div class=\"elementor-image-box-content\"><h3 class=\"elementor-image-box-title\"><a href=\"\/de\/zimmer\/dreibettzimmer\/\">Dreibettzimmer<\/a><\/h3><p class=\"elementor-image-box-description\">Ger\u00e4umig und vielseitig, ideal zum Teilen mit Freunden, Familie oder Kollegen.<\/p><\/div><\/div>\t\t\t\t<\/div>\n\t\t\t\t<\/div>\n\t\t\t\t<\/div>\n\t\t<div class=\"elementor-element elementor-element-f61d961 e-con-full e-flex e-con e-child\" data-id=\"f61d961\" data-element_type=\"container\" data-e-type=\"container\">\n\t\t\t\t<div class=\"elementor-element elementor-element-e63656b elementor-position-top elementor-widget elementor-widget-image-box\" data-id=\"e63656b\" data-element_type=\"widget\" data-e-type=\"widget\" data-widget_type=\"image-box.default\">\n\t\t\t\t<div class=\"elementor-widget-container\">\n\t\t\t\t\t<div class=\"elementor-image-box-wrapper\"><figure class=\"elementor-image-box-img\"><a href=\"\/de\/zimmer\/vierbettzimmer\/\" tabindex=\"-1\"><img decoding=\"async\" width=\"700\" height=\"480\" src=\"https:\/\/www.hotel-garden.eu\/wp-content\/uploads\/2021\/05\/camere7.jpeg\" class=\"attachment-full size-full wp-image-2053\" alt=\"Hotel Garden\" srcset=\"https:\/\/www.hotel-garden.eu\/wp-content\/uploads\/2021\/05\/camere7.jpeg 700w, https:\/\/www.hotel-garden.eu\/wp-content\/uploads\/2021\/05\/camere7-300x206.jpeg 300w\" sizes=\"(max-width: 700px) 100vw, 700px\" \/><\/a><\/figure><div class=\"elementor-image-box-content\"><h3 class=\"elementor-image-box-title\"><a href=\"\/de\/zimmer\/vierbettzimmer\/\">Vierbettzimmer<\/a><\/h3><p class=\"elementor-image-box-description\">Praktisch und bequem, f\u00fcr bis zu vier Personen mit maximalem Komfort.<\/p><\/div><\/div>\t\t\t\t<\/div>\n\t\t\t\t<\/div>\n\t\t\t\t<\/div>\n\t\t\t\t\t<\/div>\n\t\t\t\t<\/div>\n\t\t<div class=\"elementor-element elementor-element-a1503c5 e-flex e-con-boxed e-con e-parent\" data-id=\"a1503c5\" data-element_type=\"container\" data-e-type=\"container\" data-settings=\"{&quot;background_background&quot;:&quot;classic&quot;}\">\n\t\t\t\t\t<div class=\"e-con-inner\">\n\t\t<div class=\"elementor-element elementor-element-b84b0b6 e-flex e-con-boxed e-con e-child\" data-id=\"b84b0b6\" data-element_type=\"container\" data-e-type=\"container\" data-settings=\"{&quot;shape_divider_top&quot;:&quot;split&quot;}\">\n\t\t\t\t\t<div class=\"e-con-inner\">\n\t\t\t\t<div class=\"elementor-shape elementor-shape-top\" aria-hidden=\"true\" data-negative=\"false\">\n\t\t\t<svg xmlns=\"http:\/\/www.w3.org\/2000\/svg\" viewBox=\"0 0 1000 20\" preserveAspectRatio=\"none\">\n\t<path class=\"elementor-shape-fill\" d=\"M0,0v3c0,0,393.8,0,483.4,0c9.2,0,16.6,7.4,16.6,16.6c0-9.1,7.4-16.6,16.6-16.6C606.2,3,1000,3,1000,3V0H0z\"\/>\n<\/svg>\t\t<\/div>\n\t\t<div class=\"elementor-element elementor-element-bd6c2f4 e-con-full e-flex e-con e-child\" data-id=\"bd6c2f4\" data-element_type=\"container\" data-e-type=\"container\">\n\t\t\t\t<div class=\"elementor-element elementor-element-5b0c7ab elementor-position-top elementor-widget elementor-widget-image-box\" data-id=\"5b0c7ab\" data-element_type=\"widget\" data-e-type=\"widget\" data-widget_type=\"image-box.default\">\n\t\t\t\t<div class=\"elementor-widget-container\">\n\t\t\t\t\t<div class=\"elementor-image-box-wrapper\"><figure class=\"elementor-image-box-img\"><img loading=\"lazy\" decoding=\"async\" width=\"100\" height=\"100\" src=\"https:\/\/www.hotel-garden.eu\/wp-content\/uploads\/2025\/05\/service-nosmoking.png\" class=\"attachment-full size-full wp-image-2255\" alt=\"\" \/><\/figure><div class=\"elementor-image-box-content\"><h3 class=\"elementor-image-box-title\">Nicht-Raucher-Zimmer<\/h3><\/div><\/div>\t\t\t\t<\/div>\n\t\t\t\t<\/div>\n\t\t\t\t<\/div>\n\t\t<div class=\"elementor-element elementor-element-10fd55e e-con-full e-flex e-con e-child\" data-id=\"10fd55e\" data-element_type=\"container\" data-e-type=\"container\">\n\t\t\t\t<div class=\"elementor-element elementor-element-71b4247 elementor-position-top elementor-widget elementor-widget-image-box\" data-id=\"71b4247\" data-element_type=\"widget\" data-e-type=\"widget\" data-widget_type=\"image-box.default\">\n\t\t\t\t<div class=\"elementor-widget-container\">\n\t\t\t\t\t<div class=\"elementor-image-box-wrapper\"><figure class=\"elementor-image-box-img\"><img loading=\"lazy\" decoding=\"async\" width=\"100\" height=\"100\" src=\"https:\/\/www.hotel-garden.eu\/wp-content\/uploads\/2025\/05\/service-familiare.png\" class=\"attachment-full size-full wp-image-2254\" alt=\"\" \/><\/figure><div class=\"elementor-image-box-content\"><h3 class=\"elementor-image-box-title\">Ganzj\u00e4hrig verf\u00fcgbar<\/h3><\/div><\/div>\t\t\t\t<\/div>\n\t\t\t\t<\/div>\n\t\t\t\t<\/div>\n\t\t<div class=\"elementor-element elementor-element-6a1c101 e-con-full e-flex e-con e-child\" data-id=\"6a1c101\" data-element_type=\"container\" data-e-type=\"container\">\n\t\t\t\t<div class=\"elementor-element elementor-element-acbf6f6 elementor-position-top elementor-widget elementor-widget-image-box\" data-id=\"acbf6f6\" data-element_type=\"widget\" data-e-type=\"widget\" data-widget_type=\"image-box.default\">\n\t\t\t\t<div class=\"elementor-widget-container\">\n\t\t\t\t\t<div class=\"elementor-image-box-wrapper\"><figure class=\"elementor-image-box-img\"><img loading=\"lazy\" decoding=\"async\" width=\"100\" height=\"100\" src=\"https:\/\/www.hotel-garden.eu\/wp-content\/uploads\/2025\/05\/service-disabili.png\" class=\"attachment-full size-full wp-image-2253\" alt=\"\" \/><\/figure><div class=\"elementor-image-box-content\"><h3 class=\"elementor-image-box-title\">Zimmer f\u00fcr behinderte G\u00e4ste<\/h3><\/div><\/div>\t\t\t\t<\/div>\n\t\t\t\t<\/div>\n\t\t\t\t<\/div>\n\t\t<div class=\"elementor-element elementor-element-8f48b69 e-con-full e-flex e-con e-child\" data-id=\"8f48b69\" data-element_type=\"container\" data-e-type=\"container\">\n\t\t\t\t<div class=\"elementor-element elementor-element-c8662bd elementor-position-top elementor-widget elementor-widget-image-box\" data-id=\"c8662bd\" data-element_type=\"widget\" data-e-type=\"widget\" data-widget_type=\"image-box.default\">\n\t\t\t\t<div class=\"elementor-widget-container\">\n\t\t\t\t\t<div class=\"elementor-image-box-wrapper\"><figure class=\"elementor-image-box-img\"><img loading=\"lazy\" decoding=\"async\" width=\"100\" height=\"100\" src=\"https:\/\/www.hotel-garden.eu\/wp-content\/uploads\/2025\/05\/service-animali.png\" class=\"attachment-full size-full wp-image-2252\" alt=\"\" \/><\/figure><div class=\"elementor-image-box-content\"><h3 class=\"elementor-image-box-title\">Zugelassene Tiere<\/h3><\/div><\/div>\t\t\t\t<\/div>\n\t\t\t\t<\/div>\n\t\t\t\t<\/div>\n\t\t<div class=\"elementor-element elementor-element-0d47ca9 e-con-full e-flex e-con e-child\" data-id=\"0d47ca9\" data-element_type=\"container\" data-e-type=\"container\">\n\t\t\t\t<div class=\"elementor-element elementor-element-4bbcd91 elementor-position-top elementor-widget elementor-widget-image-box\" data-id=\"4bbcd91\" data-element_type=\"widget\" data-e-type=\"widget\" data-widget_type=\"image-box.default\">\n\t\t\t\t<div class=\"elementor-widget-container\">\n\t\t\t\t\t<div class=\"elementor-image-box-wrapper\"><figure class=\"elementor-image-box-img\"><img loading=\"lazy\" decoding=\"async\" width=\"107\" height=\"107\" src=\"https:\/\/www.hotel-garden.eu\/wp-content\/uploads\/2025\/05\/service-wifi.png\" class=\"attachment-full size-full wp-image-2256\" alt=\"\" \/><\/figure><div class=\"elementor-image-box-content\"><h3 class=\"elementor-image-box-title\">Kostenloses WiFi<\/h3><\/div><\/div>\t\t\t\t<\/div>\n\t\t\t\t<\/div>\n\t\t\t\t<\/div>\n\t\t\t\t\t<\/div>\n\t\t\t\t<\/div>\n\t\t\t\t\t<\/div>\n\t\t\t\t<\/div>\n\t\t<div class=\"elementor-element elementor-element-e69bfb4 e-con-full e-flex e-con e-parent\" data-id=\"e69bfb4\" data-element_type=\"container\" data-e-type=\"container\" data-settings=\"{&quot;background_background&quot;:&quot;classic&quot;}\">\n\t\t\t\t<div class=\"elementor-element elementor-element-3e44a51 elementor-widget elementor-widget-heading\" data-id=\"3e44a51\" data-element_type=\"widget\" data-e-type=\"widget\" data-widget_type=\"heading.default\">\n\t\t\t\t<div class=\"elementor-widget-container\">\n\t\t\t\t\t<h4 class=\"elementor-heading-title elementor-size-default\">Reisen Sie mit Ihrem \u201evierbeinigen\u201c Freund?<\/h4>\t\t\t\t<\/div>\n\t\t\t\t<\/div>\n\t\t\t\t<div class=\"elementor-element elementor-element-43cbf53 elementor-widget elementor-widget-heading\" data-id=\"43cbf53\" data-element_type=\"widget\" data-e-type=\"widget\" data-widget_type=\"heading.default\">\n\t\t\t\t<div class=\"elementor-widget-container\">\n\t\t\t\t\t<p class=\"elementor-heading-title elementor-size-default\">W\u00e4hlen Sie unser Hotel und verpassen Sie nicht die Gelegenheit, mit Ihrem treuen Begleiter zu reisen!\n<\/p>\t\t\t\t<\/div>\n\t\t\t\t<\/div>\n\t\t\t\t<div class=\"elementor-element elementor-element-a1a2efb link-bold elementor-widget elementor-widget-heading\" data-id=\"a1a2efb\" data-element_type=\"widget\" data-e-type=\"widget\" data-widget_type=\"heading.default\">\n\t\t\t\t<div class=\"elementor-widget-container\">\n\t\t\t\t\t<h3 class=\"elementor-heading-title elementor-size-default\"><a href=\"\/de\/reisen-sie-mit-ihrem-vierbeinigen-freund\/\">Klicken Sie hier und entdecken Sie alle Informationen \u00bb<\/a><\/h3>\t\t\t\t<\/div>\n\t\t\t\t<\/div>\n\t\t\t\t<\/div>\n\t\t\t\t<\/div>\n\t\t","protected":false},"excerpt":{"rendered":"<p>Camere confortevoli e ben arredate L\u2019Hotel, cat. 3 stelle, \u00e8 di nuova apertura e dispone all\u2019esterno di un vasto parcheggio riservato per auto e pullman, giardino con area attrezzata e verande. All\u2019interno un\u2019ampia hall in stile moderno, box-souvenirs, American-bar, e sala ristorante di circa 200 posti. L\u2019Hotel dispone di ascensore e di 37 camere, di [&hellip;]<\/p>\n","protected":false},"author":1,"featured_media":0,"parent":0,"menu_order":3,"comment_status":"closed","ping_status":"closed","template":"","meta":{"footnotes":""},"class_list":["post-2889","page","type-page","status-publish","hentry"],"yoast_head":"<!-- This site is optimized with the Yoast SEO plugin v27.4 - https:\/\/yoast.com\/product\/yoast-seo-wordpress\/ -->\n<title>Zimmer - Hotel Garden<\/title>\n<meta name=\"description\" content=\"Das Hotel Garden ist ein 3-Sterne-Hotel und verf\u00fcgt \u00fcber eine gro\u00dfe Halle im modernen Stil, eine Souvenirbox, eine amerikanische Bar und ein Restaurant mit etwa 200 Sitzpl\u00e4tzen.\" \/>\n<meta name=\"robots\" content=\"index, follow, max-snippet:-1, max-image-preview:large, max-video-preview:-1\" \/>\n<link rel=\"canonical\" href=\"https:\/\/www.hotel-garden.eu\/de\/zimmer\/\" \/>\n<meta property=\"og:locale\" content=\"de_DE\" \/>\n<meta property=\"og:type\" content=\"article\" \/>\n<meta property=\"og:title\" content=\"Zimmer - Hotel Garden\" \/>\n<meta property=\"og:description\" content=\"Das Hotel Garden ist ein 3-Sterne-Hotel und verf\u00fcgt \u00fcber eine gro\u00dfe Halle im modernen Stil, eine Souvenirbox, eine amerikanische Bar und ein Restaurant mit etwa 200 Sitzpl\u00e4tzen.\" \/>\n<meta property=\"og:url\" content=\"https:\/\/www.hotel-garden.eu\/de\/zimmer\/\" \/>\n<meta property=\"og:site_name\" content=\"Hotel Garden\" \/>\n<meta property=\"article:publisher\" content=\"https:\/\/www.facebook.com\/hotelristorantegardensangiovanni\" \/>\n<meta property=\"article:modified_time\" content=\"2025-06-04T14:45:40+00:00\" \/>\n<meta property=\"og:image\" content=\"https:\/\/www.hotel-garden.eu\/wp-content\/uploads\/2021\/05\/camere2.jpeg\" \/>\n<meta name=\"twitter:card\" content=\"summary_large_image\" \/>\n<meta name=\"twitter:label1\" content=\"Gesch\u00e4tzte Lesezeit\" \/>\n\t<meta name=\"twitter:data1\" content=\"3\u00a0Minuten\" \/>\n<script type=\"application\/ld+json\" class=\"yoast-schema-graph\">{\"@context\":\"https:\\\/\\\/schema.org\",\"@graph\":[{\"@type\":\"WebPage\",\"@id\":\"https:\\\/\\\/www.hotel-garden.eu\\\/de\\\/zimmer\\\/\",\"url\":\"https:\\\/\\\/www.hotel-garden.eu\\\/de\\\/zimmer\\\/\",\"name\":\"Zimmer - Hotel Garden\",\"isPartOf\":{\"@id\":\"https:\\\/\\\/www.hotel-garden.eu\\\/de\\\/#website\"},\"primaryImageOfPage\":{\"@id\":\"https:\\\/\\\/www.hotel-garden.eu\\\/de\\\/zimmer\\\/#primaryimage\"},\"image\":{\"@id\":\"https:\\\/\\\/www.hotel-garden.eu\\\/de\\\/zimmer\\\/#primaryimage\"},\"thumbnailUrl\":\"https:\\\/\\\/www.hotel-garden.eu\\\/wp-content\\\/uploads\\\/2021\\\/05\\\/camere2.jpeg\",\"datePublished\":\"2025-05-21T14:25:05+00:00\",\"dateModified\":\"2025-06-04T14:45:40+00:00\",\"description\":\"Das Hotel Garden ist ein 3-Sterne-Hotel und verf\u00fcgt \u00fcber eine gro\u00dfe Halle im modernen Stil, eine Souvenirbox, eine amerikanische Bar und ein Restaurant mit etwa 200 Sitzpl\u00e4tzen.\",\"breadcrumb\":{\"@id\":\"https:\\\/\\\/www.hotel-garden.eu\\\/de\\\/zimmer\\\/#breadcrumb\"},\"inLanguage\":\"de\",\"potentialAction\":[{\"@type\":\"ReadAction\",\"target\":[\"https:\\\/\\\/www.hotel-garden.eu\\\/de\\\/zimmer\\\/\"]}]},{\"@type\":\"ImageObject\",\"inLanguage\":\"de\",\"@id\":\"https:\\\/\\\/www.hotel-garden.eu\\\/de\\\/zimmer\\\/#primaryimage\",\"url\":\"https:\\\/\\\/www.hotel-garden.eu\\\/wp-content\\\/uploads\\\/2021\\\/05\\\/camere2.jpeg\",\"contentUrl\":\"https:\\\/\\\/www.hotel-garden.eu\\\/wp-content\\\/uploads\\\/2021\\\/05\\\/camere2.jpeg\"},{\"@type\":\"BreadcrumbList\",\"@id\":\"https:\\\/\\\/www.hotel-garden.eu\\\/de\\\/zimmer\\\/#breadcrumb\",\"itemListElement\":[{\"@type\":\"ListItem\",\"position\":1,\"name\":\"Home\",\"item\":\"https:\\\/\\\/www.hotel-garden.eu\\\/de\\\/\"},{\"@type\":\"ListItem\",\"position\":2,\"name\":\"Zimmer\"}]},{\"@type\":\"WebSite\",\"@id\":\"https:\\\/\\\/www.hotel-garden.eu\\\/de\\\/#website\",\"url\":\"https:\\\/\\\/www.hotel-garden.eu\\\/de\\\/\",\"name\":\"Hotel Garden - Hotel a San Giovanni Rotondo\",\"description\":\"Hotel a San Giovanni Rotondo\",\"publisher\":{\"@id\":\"https:\\\/\\\/www.hotel-garden.eu\\\/de\\\/#organization\"},\"potentialAction\":[{\"@type\":\"SearchAction\",\"target\":{\"@type\":\"EntryPoint\",\"urlTemplate\":\"https:\\\/\\\/www.hotel-garden.eu\\\/de\\\/?s={search_term_string}\"},\"query-input\":{\"@type\":\"PropertyValueSpecification\",\"valueRequired\":true,\"valueName\":\"search_term_string\"}}],\"inLanguage\":\"de\"},{\"@type\":\"Organization\",\"@id\":\"https:\\\/\\\/www.hotel-garden.eu\\\/de\\\/#organization\",\"name\":\"Hotel Garden\",\"url\":\"https:\\\/\\\/www.hotel-garden.eu\\\/de\\\/\",\"logo\":{\"@type\":\"ImageObject\",\"inLanguage\":\"de\",\"@id\":\"https:\\\/\\\/www.hotel-garden.eu\\\/de\\\/#\\\/schema\\\/logo\\\/image\\\/\",\"url\":\"https:\\\/\\\/www.hotel-garden.eu\\\/wp-content\\\/uploads\\\/2021\\\/05\\\/logo-hg.png\",\"contentUrl\":\"https:\\\/\\\/www.hotel-garden.eu\\\/wp-content\\\/uploads\\\/2021\\\/05\\\/logo-hg.png\",\"width\":500,\"height\":150,\"caption\":\"Hotel Garden\"},\"image\":{\"@id\":\"https:\\\/\\\/www.hotel-garden.eu\\\/de\\\/#\\\/schema\\\/logo\\\/image\\\/\"},\"sameAs\":[\"https:\\\/\\\/www.facebook.com\\\/hotelristorantegardensangiovanni\"]}]}<\/script>\n<!-- \/ Yoast SEO plugin. -->","yoast_head_json":{"title":"Zimmer - Hotel Garden","description":"Das Hotel Garden ist ein 3-Sterne-Hotel und verf\u00fcgt \u00fcber eine gro\u00dfe Halle im modernen Stil, eine Souvenirbox, eine amerikanische Bar und ein Restaurant mit etwa 200 Sitzpl\u00e4tzen.","robots":{"index":"index","follow":"follow","max-snippet":"max-snippet:-1","max-image-preview":"max-image-preview:large","max-video-preview":"max-video-preview:-1"},"canonical":"https:\/\/www.hotel-garden.eu\/de\/zimmer\/","og_locale":"de_DE","og_type":"article","og_title":"Zimmer - Hotel Garden","og_description":"Das Hotel Garden ist ein 3-Sterne-Hotel und verf\u00fcgt \u00fcber eine gro\u00dfe Halle im modernen Stil, eine Souvenirbox, eine amerikanische Bar und ein Restaurant mit etwa 200 Sitzpl\u00e4tzen.","og_url":"https:\/\/www.hotel-garden.eu\/de\/zimmer\/","og_site_name":"Hotel Garden","article_publisher":"https:\/\/www.facebook.com\/hotelristorantegardensangiovanni","article_modified_time":"2025-06-04T14:45:40+00:00","og_image":[{"url":"https:\/\/www.hotel-garden.eu\/wp-content\/uploads\/2021\/05\/camere2.jpeg","type":"","width":"","height":""}],"twitter_card":"summary_large_image","twitter_misc":{"Gesch\u00e4tzte Lesezeit":"3\u00a0Minuten"},"schema":{"@context":"https:\/\/schema.org","@graph":[{"@type":"WebPage","@id":"https:\/\/www.hotel-garden.eu\/de\/zimmer\/","url":"https:\/\/www.hotel-garden.eu\/de\/zimmer\/","name":"Zimmer - Hotel Garden","isPartOf":{"@id":"https:\/\/www.hotel-garden.eu\/de\/#website"},"primaryImageOfPage":{"@id":"https:\/\/www.hotel-garden.eu\/de\/zimmer\/#primaryimage"},"image":{"@id":"https:\/\/www.hotel-garden.eu\/de\/zimmer\/#primaryimage"},"thumbnailUrl":"https:\/\/www.hotel-garden.eu\/wp-content\/uploads\/2021\/05\/camere2.jpeg","datePublished":"2025-05-21T14:25:05+00:00","dateModified":"2025-06-04T14:45:40+00:00","description":"Das Hotel Garden ist ein 3-Sterne-Hotel und verf\u00fcgt \u00fcber eine gro\u00dfe Halle im modernen Stil, eine Souvenirbox, eine amerikanische Bar und ein Restaurant mit etwa 200 Sitzpl\u00e4tzen.","breadcrumb":{"@id":"https:\/\/www.hotel-garden.eu\/de\/zimmer\/#breadcrumb"},"inLanguage":"de","potentialAction":[{"@type":"ReadAction","target":["https:\/\/www.hotel-garden.eu\/de\/zimmer\/"]}]},{"@type":"ImageObject","inLanguage":"de","@id":"https:\/\/www.hotel-garden.eu\/de\/zimmer\/#primaryimage","url":"https:\/\/www.hotel-garden.eu\/wp-content\/uploads\/2021\/05\/camere2.jpeg","contentUrl":"https:\/\/www.hotel-garden.eu\/wp-content\/uploads\/2021\/05\/camere2.jpeg"},{"@type":"BreadcrumbList","@id":"https:\/\/www.hotel-garden.eu\/de\/zimmer\/#breadcrumb","itemListElement":[{"@type":"ListItem","position":1,"name":"Home","item":"https:\/\/www.hotel-garden.eu\/de\/"},{"@type":"ListItem","position":2,"name":"Zimmer"}]},{"@type":"WebSite","@id":"https:\/\/www.hotel-garden.eu\/de\/#website","url":"https:\/\/www.hotel-garden.eu\/de\/","name":"Hotel Garden - Hotel a San Giovanni Rotondo","description":"Hotel a San Giovanni Rotondo","publisher":{"@id":"https:\/\/www.hotel-garden.eu\/de\/#organization"},"potentialAction":[{"@type":"SearchAction","target":{"@type":"EntryPoint","urlTemplate":"https:\/\/www.hotel-garden.eu\/de\/?s={search_term_string}"},"query-input":{"@type":"PropertyValueSpecification","valueRequired":true,"valueName":"search_term_string"}}],"inLanguage":"de"},{"@type":"Organization","@id":"https:\/\/www.hotel-garden.eu\/de\/#organization","name":"Hotel Garden","url":"https:\/\/www.hotel-garden.eu\/de\/","logo":{"@type":"ImageObject","inLanguage":"de","@id":"https:\/\/www.hotel-garden.eu\/de\/#\/schema\/logo\/image\/","url":"https:\/\/www.hotel-garden.eu\/wp-content\/uploads\/2021\/05\/logo-hg.png","contentUrl":"https:\/\/www.hotel-garden.eu\/wp-content\/uploads\/2021\/05\/logo-hg.png","width":500,"height":150,"caption":"Hotel Garden"},"image":{"@id":"https:\/\/www.hotel-garden.eu\/de\/#\/schema\/logo\/image\/"},"sameAs":["https:\/\/www.facebook.com\/hotelristorantegardensangiovanni"]}]}},"_links":{"self":[{"href":"https:\/\/www.hotel-garden.eu\/de\/wp-json\/wp\/v2\/pages\/2889","targetHints":{"allow":["GET"]}}],"collection":[{"href":"https:\/\/www.hotel-garden.eu\/de\/wp-json\/wp\/v2\/pages"}],"about":[{"href":"https:\/\/www.hotel-garden.eu\/de\/wp-json\/wp\/v2\/types\/page"}],"author":[{"embeddable":true,"href":"https:\/\/www.hotel-garden.eu\/de\/wp-json\/wp\/v2\/users\/1"}],"replies":[{"embeddable":true,"href":"https:\/\/www.hotel-garden.eu\/de\/wp-json\/wp\/v2\/comments?post=2889"}],"version-history":[{"count":0,"href":"https:\/\/www.hotel-garden.eu\/de\/wp-json\/wp\/v2\/pages\/2889\/revisions"}],"wp:attachment":[{"href":"https:\/\/www.hotel-garden.eu\/de\/wp-json\/wp\/v2\/media?parent=2889"}],"curies":[{"name":"wp","href":"https:\/\/api.w.org\/{rel}","templated":true}]}}