{"id":2894,"date":"2021-05-22T16:30:49","date_gmt":"2021-05-22T14:30:49","guid":{"rendered":"https:\/\/www.hotel-garden.eu\/?page_id=2894"},"modified":"2025-06-04T16:56:37","modified_gmt":"2025-06-04T14:56:37","slug":"restaurant-pizzeria","status":"publish","type":"page","link":"https:\/\/www.hotel-garden.eu\/de\/restaurant-pizzeria\/","title":{"rendered":"Restaurant &#038; Pizzeria"},"content":{"rendered":"<div class=\"wpb-content-wrapper\"><p>[vc_row css=&#8220;.vc_custom_1748428876223{padding-top: 50px !important;}&#8220;][vc_column width=&#8220;4\/12&#8243; css=&#8220;.vc_custom_1467360650255{margin-top: 10px !important;margin-bottom: 10px !important;padding-top: 0px !important;padding-right: 40px !important;}&#8220;][vc_single_image image=&#8220;2191&#8243; img_size=&#8220;large&#8220; alignment=&#8220;right&#8220; css=&#8220;&#8220; el_class=&#8220;nd_options_text_align_center_responsive_important&#8220;][\/vc_column][vc_column width=&#8220;8\/12&#8243; css=&#8220;.vc_custom_1467207292391{margin-top: 10px !important;margin-bottom: 10px !important;padding-top: 0px !important;}&#8220;] <h2 style=\"color:;padding:px;text-align:;font-size:40px;line-height:50px;letter-spacing: px;font-weight:lighter\" class=\"  nd_options_text_align_center_responsive_important nd_options_first_font \">Gerichte mit typischen Geschmacksrichtungen, die mit den Traditionen Apuliens verbunden sind<\/h2> [vc_column_text css=&#8220;&#8220; el_class=&#8220;nd_options_text_align_center_responsive&#8220;]Unser Restaurant bietet eine hochwertige K\u00fcche mit viel Liebe zum Detail. Am Tisch finden Sie die Freude am Zusammensein und das ideale Ambiente f\u00fcr jeden Anlass.<\/p>\n<p>K\u00fcchenchef Matteo Quitadamo \u00fcbertr\u00e4gt seinen fr\u00f6hlichen und optimistischen Charakter auf seine Gerichte. Die Kunst des Kochens geht Hand in Hand mit der \u00c4sthetik der Pr\u00e4sentation: das Vergn\u00fcgen des Geschmacks und das Vergn\u00fcgen des Blicks, der von den Farben und den geschickt nebeneinander gestellten Formen verzaubert wird.<\/p>\n<p>Die Authentizit\u00e4t und Frische, die mit Sorgfalt und Aufmerksamkeit gesucht werden, sind hier zu Hause. Die einfachen und reichhaltigen Originalrezepte sind mit der Tradition des Gargano verbunden. Sowohl bei den \u00c0-la-carte-Men\u00fcs als auch beim Buffet streben wir nach Qualit\u00e4t. Jeden Tag wird zum Mittag- und Abendessen ein Men\u00fc mit einer Auswahl von drei verschiedenen Gerichten angeboten.<\/p>\n<p>Au\u00dferdem steht unseren G\u00e4sten unsere Pizzeria mit ihrem traditionellen Holzofen zur Verf\u00fcgung. Hier k\u00f6nnen Sie traditionelle Pizzen probieren, die von erfahrenen Pizzab\u00e4ckern aus steingemahlenem Getreide zubereitet werden, sowie Gourmet-Kombinationen, die die klassischen Gerichte auf der Speisekarte erg\u00e4nzen. Erg\u00e4nzen Sie diese mit leichten Gerichten aus unserem Angebot.<\/p>\n<p>Um den unterschiedlichen Bed\u00fcrfnissen gerecht zu werden, bietet das Restaurant auch Men\u00fcs f\u00fcr organisierte Gruppen an, die sich den Genuss des Zusammenseins in einem idealen Rahmen f\u00fcr jeden Anlass nicht entgehen lassen wollen.[\/vc_column_text][\/vc_column][\/vc_row][vc_row][vc_column][vc_separator][\/vc_column][\/vc_row][vc_row][vc_column width=&#8220;1\/5&#8243;][vc_icon icon_fontawesome=&#8220;fas fa-fish&#8220; color=&#8220;chino&#8220; background_style=&#8220;rounded-outline&#8220; background_color=&#8220;chino&#8220; align=&#8220;center&#8220; css=&#8220;.vc_custom_1621694252633{margin-bottom: 0px !important;}&#8220;][vc_column_text]<\/p>\n<p style=\"text-align: center;\">Immer frische Produkte<\/p>\n<p>[\/vc_column_text][\/vc_column][vc_column width=&#8220;1\/5&#8243;][vc_icon icon_fontawesome=&#8220;fas fa-users&#8220; color=&#8220;chino&#8220; background_style=&#8220;rounded-outline&#8220; background_color=&#8220;chino&#8220; align=&#8220;center&#8220; css=&#8220;.vc_custom_1621694198865{margin-bottom: 0px !important;}&#8220;][vc_column_text]<\/p>\n<p style=\"text-align: center;\">Men\u00fcs f\u00fcr organisierte Gruppen<\/p>\n<p>[\/vc_column_text][\/vc_column][vc_column width=&#8220;1\/5&#8243;][vc_icon icon_fontawesome=&#8220;fas fa-utensils&#8220; color=&#8220;chino&#8220; background_style=&#8220;rounded-outline&#8220; background_color=&#8220;chino&#8220; align=&#8220;center&#8220; css=&#8220;.vc_custom_1621694336709{margin-bottom: 0px !important;}&#8220;][vc_column_text]<\/p>\n<p style=\"text-align: center;\">Men\u00fc f\u00fcr Unvertr\u00e4gliche und Allergiker<\/p>\n<p>[\/vc_column_text][\/vc_column][vc_column width=&#8220;1\/5&#8243;][vc_icon icon_fontawesome=&#8220;fas fa-birthday-cake&#8220; color=&#8220;chino&#8220; background_style=&#8220;rounded-outline&#8220; background_color=&#8220;chino&#8220; align=&#8220;center&#8220; css=&#8220;.vc_custom_1621694454349{margin-bottom: 0px !important;}&#8220;][vc_column_text]<\/p>\n<p style=\"text-align: center;\">Bankett- und Festsaal<\/p>\n<p>[\/vc_column_text][\/vc_column][vc_column width=&#8220;1\/5&#8243;][vc_icon icon_fontawesome=&#8220;fas fa-pizza-slice&#8220; color=&#8220;chino&#8220; background_style=&#8220;rounded-outline&#8220; background_color=&#8220;chino&#8220; align=&#8220;center&#8220; css=&#8220;.vc_custom_1622726814750{margin-bottom: 0px !important;}&#8220;][vc_column_text]<\/p>\n<p style=\"text-align: center;\">Pizzeria mit holzbefeuertem Ofen<\/p>\n<p>[\/vc_column_text][\/vc_column][\/vc_row][vc_row content_placement=&#8220;middle&#8220;][vc_column][vc_empty_space][vc_media_grid element_width=&#8220;3&#8243; gap=&#8220;10&#8243; grid_id=&#8220;vc_gid:1749048869897-a202215a-eaf3-6&#8243; include=&#8220;2065,2060,2067,2068,2061,2116,2117,2115,2108,2112,2113,2114,2105,2106,2107,2109,2110,2111,2069,2070&#8243;][\/vc_column][\/vc_row]<\/p>\n<\/div>","protected":false},"excerpt":{"rendered":"<p>[vc_row css=&#8220;.vc_custom_1748428876223{padding-top: 50px !important;}&#8220;][vc_column width=&#8220;4\/12&#8243; css=&#8220;.vc_custom_1467360650255{margin-top: 10px !important;margin-bottom: 10px !important;padding-top: 0px !important;padding-right: 40px !important;}&#8220;][vc_single_image image=&#8220;2191&#8243; img_size=&#8220;large&#8220; alignment=&#8220;right&#8220; css=&#8220;&#8220; el_class=&#8220;nd_options_text_align_center_responsive_important&#8220;][\/vc_column][vc_column width=&#8220;8\/12&#8243; css=&#8220;.vc_custom_1467207292391{margin-top: 10px !important;margin-bottom: 10px !important;padding-top: 0px !important;}&#8220;][vc_column_text css=&#8220;&#8220; el_class=&#8220;nd_options_text_align_center_responsive&#8220;]Unser Restaurant bietet eine hochwertige K\u00fcche mit viel Liebe zum Detail. Am Tisch finden Sie die Freude am Zusammensein und das ideale Ambiente f\u00fcr jeden Anlass. K\u00fcchenchef [&hellip;]<\/p>\n","protected":false},"author":1,"featured_media":0,"parent":0,"menu_order":4,"comment_status":"closed","ping_status":"closed","template":"","meta":{"footnotes":""},"class_list":["post-2894","page","type-page","status-publish","hentry"],"yoast_head":"<!-- This site is optimized with the Yoast SEO plugin v27.4 - https:\/\/yoast.com\/product\/yoast-seo-wordpress\/ -->\n<title>Restaurant &amp; Pizzeria - Hotel Garden<\/title>\n<meta name=\"description\" content=\"Das Restaurant bietet eine hochwertige K\u00fcche mit viel Liebe zum Detail. Am Tisch finden Sie die Freude am Zusammensein und das ideale Ambiente f\u00fcr jeden Anlass.\" \/>\n<meta name=\"robots\" content=\"index, follow, max-snippet:-1, max-image-preview:large, max-video-preview:-1\" \/>\n<link rel=\"canonical\" href=\"https:\/\/www.hotel-garden.eu\/de\/restaurant-pizzeria\/\" \/>\n<meta property=\"og:locale\" content=\"de_DE\" \/>\n<meta property=\"og:type\" content=\"article\" \/>\n<meta property=\"og:title\" content=\"Restaurant &amp; Pizzeria - Hotel Garden\" \/>\n<meta property=\"og:description\" content=\"Das Restaurant bietet eine hochwertige K\u00fcche mit viel Liebe zum Detail. Am Tisch finden Sie die Freude am Zusammensein und das ideale Ambiente f\u00fcr jeden Anlass.\" \/>\n<meta property=\"og:url\" content=\"https:\/\/www.hotel-garden.eu\/de\/restaurant-pizzeria\/\" \/>\n<meta property=\"og:site_name\" content=\"Hotel Garden\" \/>\n<meta property=\"article:publisher\" content=\"https:\/\/www.facebook.com\/hotelristorantegardensangiovanni\" \/>\n<meta property=\"article:modified_time\" content=\"2025-06-04T14:56:37+00:00\" \/>\n<meta property=\"og:image\" content=\"https:\/\/www.hotel-garden.eu\/wp-content\/uploads\/2021\/05\/hg_1673.jpg\" \/>\n\t<meta property=\"og:image:width\" content=\"1920\" \/>\n\t<meta property=\"og:image:height\" content=\"1280\" \/>\n\t<meta property=\"og:image:type\" content=\"image\/jpeg\" \/>\n<meta name=\"twitter:card\" content=\"summary_large_image\" \/>\n<meta name=\"twitter:label1\" content=\"Gesch\u00e4tzte Lesezeit\" \/>\n\t<meta name=\"twitter:data1\" content=\"6\u00a0Minuten\" \/>\n<script type=\"application\/ld+json\" class=\"yoast-schema-graph\">{\"@context\":\"https:\\\/\\\/schema.org\",\"@graph\":[{\"@type\":\"WebPage\",\"@id\":\"https:\\\/\\\/www.hotel-garden.eu\\\/de\\\/restaurant-pizzeria\\\/\",\"url\":\"https:\\\/\\\/www.hotel-garden.eu\\\/de\\\/restaurant-pizzeria\\\/\",\"name\":\"Restaurant & Pizzeria - Hotel Garden\",\"isPartOf\":{\"@id\":\"https:\\\/\\\/www.hotel-garden.eu\\\/de\\\/#website\"},\"datePublished\":\"2021-05-22T14:30:49+00:00\",\"dateModified\":\"2025-06-04T14:56:37+00:00\",\"description\":\"Das Restaurant bietet eine hochwertige K\u00fcche mit viel Liebe zum Detail. Am Tisch finden Sie die Freude am Zusammensein und das ideale Ambiente f\u00fcr jeden Anlass.\",\"breadcrumb\":{\"@id\":\"https:\\\/\\\/www.hotel-garden.eu\\\/de\\\/restaurant-pizzeria\\\/#breadcrumb\"},\"inLanguage\":\"de\",\"potentialAction\":[{\"@type\":\"ReadAction\",\"target\":[\"https:\\\/\\\/www.hotel-garden.eu\\\/de\\\/restaurant-pizzeria\\\/\"]}]},{\"@type\":\"BreadcrumbList\",\"@id\":\"https:\\\/\\\/www.hotel-garden.eu\\\/de\\\/restaurant-pizzeria\\\/#breadcrumb\",\"itemListElement\":[{\"@type\":\"ListItem\",\"position\":1,\"name\":\"Home\",\"item\":\"https:\\\/\\\/www.hotel-garden.eu\\\/de\\\/\"},{\"@type\":\"ListItem\",\"position\":2,\"name\":\"Restaurant &#038; Pizzeria\"}]},{\"@type\":\"WebSite\",\"@id\":\"https:\\\/\\\/www.hotel-garden.eu\\\/de\\\/#website\",\"url\":\"https:\\\/\\\/www.hotel-garden.eu\\\/de\\\/\",\"name\":\"Hotel Garden - Hotel a San Giovanni Rotondo\",\"description\":\"Hotel a San Giovanni Rotondo\",\"publisher\":{\"@id\":\"https:\\\/\\\/www.hotel-garden.eu\\\/de\\\/#organization\"},\"potentialAction\":[{\"@type\":\"SearchAction\",\"target\":{\"@type\":\"EntryPoint\",\"urlTemplate\":\"https:\\\/\\\/www.hotel-garden.eu\\\/de\\\/?s={search_term_string}\"},\"query-input\":{\"@type\":\"PropertyValueSpecification\",\"valueRequired\":true,\"valueName\":\"search_term_string\"}}],\"inLanguage\":\"de\"},{\"@type\":\"Organization\",\"@id\":\"https:\\\/\\\/www.hotel-garden.eu\\\/de\\\/#organization\",\"name\":\"Hotel Garden\",\"url\":\"https:\\\/\\\/www.hotel-garden.eu\\\/de\\\/\",\"logo\":{\"@type\":\"ImageObject\",\"inLanguage\":\"de\",\"@id\":\"https:\\\/\\\/www.hotel-garden.eu\\\/de\\\/#\\\/schema\\\/logo\\\/image\\\/\",\"url\":\"https:\\\/\\\/www.hotel-garden.eu\\\/wp-content\\\/uploads\\\/2021\\\/05\\\/logo-hg.png\",\"contentUrl\":\"https:\\\/\\\/www.hotel-garden.eu\\\/wp-content\\\/uploads\\\/2021\\\/05\\\/logo-hg.png\",\"width\":500,\"height\":150,\"caption\":\"Hotel Garden\"},\"image\":{\"@id\":\"https:\\\/\\\/www.hotel-garden.eu\\\/de\\\/#\\\/schema\\\/logo\\\/image\\\/\"},\"sameAs\":[\"https:\\\/\\\/www.facebook.com\\\/hotelristorantegardensangiovanni\"]}]}<\/script>\n<!-- \/ Yoast SEO plugin. -->","yoast_head_json":{"title":"Restaurant & Pizzeria - Hotel Garden","description":"Das Restaurant bietet eine hochwertige K\u00fcche mit viel Liebe zum Detail. Am Tisch finden Sie die Freude am Zusammensein und das ideale Ambiente f\u00fcr jeden Anlass.","robots":{"index":"index","follow":"follow","max-snippet":"max-snippet:-1","max-image-preview":"max-image-preview:large","max-video-preview":"max-video-preview:-1"},"canonical":"https:\/\/www.hotel-garden.eu\/de\/restaurant-pizzeria\/","og_locale":"de_DE","og_type":"article","og_title":"Restaurant & Pizzeria - Hotel Garden","og_description":"Das Restaurant bietet eine hochwertige K\u00fcche mit viel Liebe zum Detail. Am Tisch finden Sie die Freude am Zusammensein und das ideale Ambiente f\u00fcr jeden Anlass.","og_url":"https:\/\/www.hotel-garden.eu\/de\/restaurant-pizzeria\/","og_site_name":"Hotel Garden","article_publisher":"https:\/\/www.facebook.com\/hotelristorantegardensangiovanni","article_modified_time":"2025-06-04T14:56:37+00:00","og_image":[{"width":1920,"height":1280,"url":"https:\/\/www.hotel-garden.eu\/wp-content\/uploads\/2021\/05\/hg_1673.jpg","type":"image\/jpeg"}],"twitter_card":"summary_large_image","twitter_misc":{"Gesch\u00e4tzte Lesezeit":"6\u00a0Minuten"},"schema":{"@context":"https:\/\/schema.org","@graph":[{"@type":"WebPage","@id":"https:\/\/www.hotel-garden.eu\/de\/restaurant-pizzeria\/","url":"https:\/\/www.hotel-garden.eu\/de\/restaurant-pizzeria\/","name":"Restaurant & Pizzeria - Hotel Garden","isPartOf":{"@id":"https:\/\/www.hotel-garden.eu\/de\/#website"},"datePublished":"2021-05-22T14:30:49+00:00","dateModified":"2025-06-04T14:56:37+00:00","description":"Das Restaurant bietet eine hochwertige K\u00fcche mit viel Liebe zum Detail. Am Tisch finden Sie die Freude am Zusammensein und das ideale Ambiente f\u00fcr jeden Anlass.","breadcrumb":{"@id":"https:\/\/www.hotel-garden.eu\/de\/restaurant-pizzeria\/#breadcrumb"},"inLanguage":"de","potentialAction":[{"@type":"ReadAction","target":["https:\/\/www.hotel-garden.eu\/de\/restaurant-pizzeria\/"]}]},{"@type":"BreadcrumbList","@id":"https:\/\/www.hotel-garden.eu\/de\/restaurant-pizzeria\/#breadcrumb","itemListElement":[{"@type":"ListItem","position":1,"name":"Home","item":"https:\/\/www.hotel-garden.eu\/de\/"},{"@type":"ListItem","position":2,"name":"Restaurant &#038; Pizzeria"}]},{"@type":"WebSite","@id":"https:\/\/www.hotel-garden.eu\/de\/#website","url":"https:\/\/www.hotel-garden.eu\/de\/","name":"Hotel Garden - Hotel a San Giovanni Rotondo","description":"Hotel a San Giovanni Rotondo","publisher":{"@id":"https:\/\/www.hotel-garden.eu\/de\/#organization"},"potentialAction":[{"@type":"SearchAction","target":{"@type":"EntryPoint","urlTemplate":"https:\/\/www.hotel-garden.eu\/de\/?s={search_term_string}"},"query-input":{"@type":"PropertyValueSpecification","valueRequired":true,"valueName":"search_term_string"}}],"inLanguage":"de"},{"@type":"Organization","@id":"https:\/\/www.hotel-garden.eu\/de\/#organization","name":"Hotel Garden","url":"https:\/\/www.hotel-garden.eu\/de\/","logo":{"@type":"ImageObject","inLanguage":"de","@id":"https:\/\/www.hotel-garden.eu\/de\/#\/schema\/logo\/image\/","url":"https:\/\/www.hotel-garden.eu\/wp-content\/uploads\/2021\/05\/logo-hg.png","contentUrl":"https:\/\/www.hotel-garden.eu\/wp-content\/uploads\/2021\/05\/logo-hg.png","width":500,"height":150,"caption":"Hotel Garden"},"image":{"@id":"https:\/\/www.hotel-garden.eu\/de\/#\/schema\/logo\/image\/"},"sameAs":["https:\/\/www.facebook.com\/hotelristorantegardensangiovanni"]}]}},"_links":{"self":[{"href":"https:\/\/www.hotel-garden.eu\/de\/wp-json\/wp\/v2\/pages\/2894","targetHints":{"allow":["GET"]}}],"collection":[{"href":"https:\/\/www.hotel-garden.eu\/de\/wp-json\/wp\/v2\/pages"}],"about":[{"href":"https:\/\/www.hotel-garden.eu\/de\/wp-json\/wp\/v2\/types\/page"}],"author":[{"embeddable":true,"href":"https:\/\/www.hotel-garden.eu\/de\/wp-json\/wp\/v2\/users\/1"}],"replies":[{"embeddable":true,"href":"https:\/\/www.hotel-garden.eu\/de\/wp-json\/wp\/v2\/comments?post=2894"}],"version-history":[{"count":0,"href":"https:\/\/www.hotel-garden.eu\/de\/wp-json\/wp\/v2\/pages\/2894\/revisions"}],"wp:attachment":[{"href":"https:\/\/www.hotel-garden.eu\/de\/wp-json\/wp\/v2\/media?parent=2894"}],"curies":[{"name":"wp","href":"https:\/\/api.w.org\/{rel}","templated":true}]}}