{"id":2895,"date":"2021-05-23T17:01:45","date_gmt":"2021-05-23T15:01:45","guid":{"rendered":"https:\/\/www.hotel-garden.eu\/?page_id=2895"},"modified":"2025-06-04T17:01:39","modified_gmt":"2025-06-04T15:01:39","slug":"serviceleistungen","status":"publish","type":"page","link":"https:\/\/www.hotel-garden.eu\/de\/serviceleistungen\/","title":{"rendered":"Serviceleistungen"},"content":{"rendered":"<div class=\"wpb-content-wrapper\"><p>[vc_row][vc_column css=&#8220;.vc_custom_1747824666847{margin-top: 10px !important;margin-bottom: 10px !important;padding-top: 0px !important;}&#8220;] <h2 style=\"color:;padding:px;text-align:center;font-size:40px;line-height:50px;letter-spacing: px;font-weight:lighter\" class=\"  nd_options_text_align_center_responsive_important nd_options_first_font \">Die Dienstleistungen des Garden Hotels bereichern die Erfahrung des Aufenthalts unserer G\u00e4ste<\/h2> [vc_column_text css=&#8220;&#8220; el_class=&#8220;nd_options_text_align_center_responsive&#8220;]<\/p>\n<p style=\"text-align: center;\">Das Hotel Garden liegt in San Giovanni Rotondo, eine 5-min\u00fctige Fahrt von der Wallfahrtskirche von Padre Pio entfernt. Es bietet kostenlose Parkpl\u00e4tze und ein Restaurant, das apulische K\u00fcche und frische Fischspezialit\u00e4ten serviert.<\/p>\n<p style=\"text-align: center;\">Die Zimmer sind einfach eingerichtet und verf\u00fcgen \u00fcber helle Holzm\u00f6bel, ein eigenes Bad mit Toilettenartikeln und einen Fernseher. Einige verf\u00fcgen \u00fcber einen Balkon.<\/p>\n<p style=\"text-align: center;\">Die G\u00e4ste k\u00f6nnen sich in der TV-Lounge mit bequemen Sofas entspannen und das kostenlose WLAN in den \u00f6ffentlichen Bereichen nutzen.<\/p>\n<p style=\"text-align: center;\">Jeden Morgen wird im Fr\u00fchst\u00fccksraum ein Fr\u00fchst\u00fcck nach italienischer Art serviert.<\/p>\n<p style=\"text-align: center;\">Das Hotel Garden liegt an der Staatsstra\u00dfe SP45, eine 30-min\u00fctige Fahrt von Foggia entfernt.<\/p>\n<p>[\/vc_column_text][\/vc_column][\/vc_row][vc_row][vc_column][vc_separator][\/vc_column][\/vc_row][vc_row][vc_column width=&#8220;1\/6&#8243;][vc_icon icon_fontawesome=&#8220;fas fa-car&#8220; color=&#8220;chino&#8220; background_style=&#8220;rounded-outline&#8220; background_color=&#8220;chino&#8220; align=&#8220;center&#8220; css=&#8220;.vc_custom_1621693212713{margin-bottom: 0px !important;}&#8220;][vc_column_text]<\/p>\n<p style=\"text-align: center;\">Gro\u00dfer Parkplatz<\/p>\n<p>[\/vc_column_text][\/vc_column][vc_column width=&#8220;1\/6&#8243;][vc_icon icon_fontawesome=&#8220;fas fa-tree&#8220; color=&#8220;chino&#8220; background_style=&#8220;rounded-outline&#8220; background_color=&#8220;chino&#8220; align=&#8220;center&#8220; css=&#8220;.vc_custom_1621693225895{margin-bottom: 0px !important;}&#8220;][vc_column_text]<\/p>\n<p style=\"text-align: center;\">Garten mit Picknickplatz<\/p>\n<p>[\/vc_column_text][\/vc_column][vc_column width=&#8220;1\/6&#8243;][vc_icon icon_fontawesome=&#8220;fas fa-glass-cheers&#8220; color=&#8220;chino&#8220; background_style=&#8220;rounded-outline&#8220; background_color=&#8220;chino&#8220; align=&#8220;center&#8220; css=&#8220;.vc_custom_1621693232095{margin-bottom: 0px !important;}&#8220;][vc_column_text]<\/p>\n<p style=\"text-align: center;\">Amerikanische Bar<\/p>\n<p>[\/vc_column_text][\/vc_column][vc_column width=&#8220;1\/6&#8243;][vc_icon icon_fontawesome=&#8220;fas fa-utensils&#8220; color=&#8220;chino&#8220; background_style=&#8220;rounded-outline&#8220; background_color=&#8220;chino&#8220; align=&#8220;center&#8220; css=&#8220;.vc_custom_1621693238256{margin-bottom: 0px !important;}&#8220;][vc_column_text]<\/p>\n<p style=\"text-align: center;\">Restaurant<\/p>\n<p>[\/vc_column_text][\/vc_column][vc_column width=&#8220;1\/6&#8243;][vc_icon icon_fontawesome=&#8220;fas fa-wifi&#8220; color=&#8220;chino&#8220; background_style=&#8220;rounded-outline&#8220; background_color=&#8220;chino&#8220; align=&#8220;center&#8220; css=&#8220;.vc_custom_1621693250397{margin-bottom: 0px !important;}&#8220;][vc_column_text]<\/p>\n<p style=\"text-align: center;\">Kostenloses WiFi<\/p>\n<p>[\/vc_column_text][\/vc_column][vc_column width=&#8220;1\/6&#8243;][vc_icon icon_fontawesome=&#8220;fas fa-dog&#8220; color=&#8220;chino&#8220; background_style=&#8220;rounded-outline&#8220; background_color=&#8220;chino&#8220; align=&#8220;center&#8220; css=&#8220;.vc_custom_1621693244760{margin-bottom: 0px !important;}&#8220;][vc_column_text]<\/p>\n<p style=\"text-align: center;\">Zugelassene Tiere<\/p>\n<p>[\/vc_column_text][\/vc_column][\/vc_row][vc_row][vc_column width=&#8220;1\/6&#8243;][vc_icon icon_fontawesome=&#8220;fas fa-bus&#8220; color=&#8220;chino&#8220; background_style=&#8220;rounded-outline&#8220; background_color=&#8220;chino&#8220; align=&#8220;center&#8220; css=&#8220;.vc_custom_1621782770813{margin-bottom: 0px !important;}&#8220;][vc_column_text]<\/p>\n<p style=\"text-align: center;\">Shuttle zum und vom Flughafen<br \/>\n(gegen Bezahlung)<\/p>\n<p>[\/vc_column_text][\/vc_column][vc_column width=&#8220;1\/6&#8243;][vc_icon icon_fontawesome=&#8220;fas fa-shapes&#8220; color=&#8220;chino&#8220; background_style=&#8220;rounded-outline&#8220; background_color=&#8220;chino&#8220; align=&#8220;center&#8220; css=&#8220;.vc_custom_1621782870939{margin-bottom: 0px !important;}&#8220;][vc_column_text]<\/p>\n<p style=\"text-align: center;\">Spielplatz im Freien<\/p>\n<p>[\/vc_column_text][\/vc_column][vc_column width=&#8220;1\/6&#8243;][vc_icon icon_fontawesome=&#8220;fas fa-birthday-cake&#8220; color=&#8220;chino&#8220; background_style=&#8220;rounded-outline&#8220; background_color=&#8220;chino&#8220; align=&#8220;center&#8220; css=&#8220;.vc_custom_1621782955100{margin-bottom: 0px !important;}&#8220;][vc_column_text]<\/p>\n<p style=\"text-align: center;\">Tagungs-\/Bankettr\u00e4ume<\/p>\n<p>[\/vc_column_text][\/vc_column][vc_column width=&#8220;1\/6&#8243;][vc_icon icon_fontawesome=&#8220;fas fa-users&#8220; color=&#8220;chino&#8220; background_style=&#8220;rounded-outline&#8220; background_color=&#8220;chino&#8220; align=&#8220;center&#8220; css=&#8220;.vc_custom_1621783002898{margin-bottom: 0px !important;}&#8220;][vc_column_text]<\/p>\n<p style=\"text-align: center;\">Familienzimmer verf\u00fcgbar<\/p>\n<p>[\/vc_column_text][\/vc_column][vc_column width=&#8220;1\/6&#8243;][vc_icon icon_fontawesome=&#8220;fas fa-wheelchair&#8220; color=&#8220;chino&#8220; background_style=&#8220;rounded-outline&#8220; background_color=&#8220;chino&#8220; align=&#8220;center&#8220; css=&#8220;.vc_custom_1621783037666{margin-bottom: 0px !important;}&#8220;][vc_column_text]<\/p>\n<p style=\"text-align: center;\">Zimmer f\u00fcr behinderte G\u00e4ste<\/p>\n<p>[\/vc_column_text][\/vc_column][vc_column width=&#8220;1\/6&#8243;][vc_icon icon_fontawesome=&#8220;fas fa-smoking-ban&#8220; color=&#8220;chino&#8220; background_style=&#8220;rounded-outline&#8220; background_color=&#8220;chino&#8220; align=&#8220;center&#8220; css=&#8220;.vc_custom_1621783098259{margin-bottom: 0px !important;}&#8220;][vc_column_text]<\/p>\n<p style=\"text-align: center;\">Nicht-Raucher-Zimmer<\/p>\n<p>[\/vc_column_text][\/vc_column][\/vc_row][vc_row content_placement=&#8220;middle&#8220;][vc_column][vc_empty_space][vc_media_grid element_width=&#8220;3&#8243; gap=&#8220;10&#8243; grid_id=&#8220;vc_gid:1749049151484-d2dc1b4e-500b-6&#8243; include=&#8220;2034,2035,2038,2037,2046,2054,2052,2060,2149,2150,2040,2079,2078,2077,2076,2075&#8243;][\/vc_column][\/vc_row]<\/p>\n<\/div>","protected":false},"excerpt":{"rendered":"<p>[vc_row][vc_column css=&#8220;.vc_custom_1747824666847{margin-top: 10px !important;margin-bottom: 10px !important;padding-top: 0px !important;}&#8220;][vc_column_text css=&#8220;&#8220; el_class=&#8220;nd_options_text_align_center_responsive&#8220;] Das Hotel Garden liegt in San Giovanni Rotondo, eine 5-min\u00fctige Fahrt von der Wallfahrtskirche von Padre Pio entfernt. Es bietet kostenlose Parkpl\u00e4tze und ein Restaurant, das apulische K\u00fcche und frische Fischspezialit\u00e4ten serviert. Die Zimmer sind einfach eingerichtet und verf\u00fcgen \u00fcber helle Holzm\u00f6bel, ein eigenes Bad [&hellip;]<\/p>\n","protected":false},"author":1,"featured_media":0,"parent":0,"menu_order":5,"comment_status":"closed","ping_status":"closed","template":"","meta":{"footnotes":""},"class_list":["post-2895","page","type-page","status-publish","hentry"],"yoast_head":"<!-- This site is optimized with the Yoast SEO plugin v27.4 - https:\/\/yoast.com\/product\/yoast-seo-wordpress\/ -->\n<title>Serviceleistungen - Hotel Garden<\/title>\n<meta name=\"description\" content=\"Die Dienstleistungen des Garden Hotels bereichern den Aufenthalt unserer G\u00e4ste mit Komfort und Gastfreundschaft.\" \/>\n<meta name=\"robots\" content=\"index, follow, max-snippet:-1, max-image-preview:large, max-video-preview:-1\" \/>\n<link rel=\"canonical\" href=\"https:\/\/www.hotel-garden.eu\/de\/serviceleistungen\/\" \/>\n<meta property=\"og:locale\" content=\"de_DE\" \/>\n<meta property=\"og:type\" content=\"article\" \/>\n<meta property=\"og:title\" content=\"Serviceleistungen - Hotel Garden\" \/>\n<meta property=\"og:description\" content=\"Die Dienstleistungen des Garden Hotels bereichern den Aufenthalt unserer G\u00e4ste mit Komfort und Gastfreundschaft.\" \/>\n<meta property=\"og:url\" content=\"https:\/\/www.hotel-garden.eu\/de\/serviceleistungen\/\" \/>\n<meta property=\"og:site_name\" content=\"Hotel Garden\" \/>\n<meta property=\"article:publisher\" content=\"https:\/\/www.facebook.com\/hotelristorantegardensangiovanni\" \/>\n<meta property=\"article:modified_time\" content=\"2025-06-04T15:01:39+00:00\" \/>\n<meta property=\"og:image\" content=\"https:\/\/www.hotel-garden.eu\/wp-content\/uploads\/2021\/05\/hg_1673.jpg\" \/>\n\t<meta property=\"og:image:width\" content=\"1920\" \/>\n\t<meta property=\"og:image:height\" content=\"1280\" \/>\n\t<meta property=\"og:image:type\" content=\"image\/jpeg\" \/>\n<meta name=\"twitter:card\" content=\"summary_large_image\" \/>\n<meta name=\"twitter:label1\" content=\"Gesch\u00e4tzte Lesezeit\" \/>\n\t<meta name=\"twitter:data1\" content=\"5\u00a0Minuten\" \/>\n<script type=\"application\/ld+json\" class=\"yoast-schema-graph\">{\"@context\":\"https:\\\/\\\/schema.org\",\"@graph\":[{\"@type\":\"WebPage\",\"@id\":\"https:\\\/\\\/www.hotel-garden.eu\\\/de\\\/serviceleistungen\\\/\",\"url\":\"https:\\\/\\\/www.hotel-garden.eu\\\/de\\\/serviceleistungen\\\/\",\"name\":\"Serviceleistungen - Hotel Garden\",\"isPartOf\":{\"@id\":\"https:\\\/\\\/www.hotel-garden.eu\\\/de\\\/#website\"},\"datePublished\":\"2021-05-23T15:01:45+00:00\",\"dateModified\":\"2025-06-04T15:01:39+00:00\",\"description\":\"Die Dienstleistungen des Garden Hotels bereichern den Aufenthalt unserer G\u00e4ste mit Komfort und Gastfreundschaft.\",\"breadcrumb\":{\"@id\":\"https:\\\/\\\/www.hotel-garden.eu\\\/de\\\/serviceleistungen\\\/#breadcrumb\"},\"inLanguage\":\"de\",\"potentialAction\":[{\"@type\":\"ReadAction\",\"target\":[\"https:\\\/\\\/www.hotel-garden.eu\\\/de\\\/serviceleistungen\\\/\"]}]},{\"@type\":\"BreadcrumbList\",\"@id\":\"https:\\\/\\\/www.hotel-garden.eu\\\/de\\\/serviceleistungen\\\/#breadcrumb\",\"itemListElement\":[{\"@type\":\"ListItem\",\"position\":1,\"name\":\"Home\",\"item\":\"https:\\\/\\\/www.hotel-garden.eu\\\/de\\\/\"},{\"@type\":\"ListItem\",\"position\":2,\"name\":\"Serviceleistungen\"}]},{\"@type\":\"WebSite\",\"@id\":\"https:\\\/\\\/www.hotel-garden.eu\\\/de\\\/#website\",\"url\":\"https:\\\/\\\/www.hotel-garden.eu\\\/de\\\/\",\"name\":\"Hotel Garden - Hotel a San Giovanni Rotondo\",\"description\":\"Hotel a San Giovanni Rotondo\",\"publisher\":{\"@id\":\"https:\\\/\\\/www.hotel-garden.eu\\\/de\\\/#organization\"},\"potentialAction\":[{\"@type\":\"SearchAction\",\"target\":{\"@type\":\"EntryPoint\",\"urlTemplate\":\"https:\\\/\\\/www.hotel-garden.eu\\\/de\\\/?s={search_term_string}\"},\"query-input\":{\"@type\":\"PropertyValueSpecification\",\"valueRequired\":true,\"valueName\":\"search_term_string\"}}],\"inLanguage\":\"de\"},{\"@type\":\"Organization\",\"@id\":\"https:\\\/\\\/www.hotel-garden.eu\\\/de\\\/#organization\",\"name\":\"Hotel Garden\",\"url\":\"https:\\\/\\\/www.hotel-garden.eu\\\/de\\\/\",\"logo\":{\"@type\":\"ImageObject\",\"inLanguage\":\"de\",\"@id\":\"https:\\\/\\\/www.hotel-garden.eu\\\/de\\\/#\\\/schema\\\/logo\\\/image\\\/\",\"url\":\"https:\\\/\\\/www.hotel-garden.eu\\\/wp-content\\\/uploads\\\/2021\\\/05\\\/logo-hg.png\",\"contentUrl\":\"https:\\\/\\\/www.hotel-garden.eu\\\/wp-content\\\/uploads\\\/2021\\\/05\\\/logo-hg.png\",\"width\":500,\"height\":150,\"caption\":\"Hotel Garden\"},\"image\":{\"@id\":\"https:\\\/\\\/www.hotel-garden.eu\\\/de\\\/#\\\/schema\\\/logo\\\/image\\\/\"},\"sameAs\":[\"https:\\\/\\\/www.facebook.com\\\/hotelristorantegardensangiovanni\"]}]}<\/script>\n<!-- \/ Yoast SEO plugin. -->","yoast_head_json":{"title":"Serviceleistungen - Hotel Garden","description":"Die Dienstleistungen des Garden Hotels bereichern den Aufenthalt unserer G\u00e4ste mit Komfort und Gastfreundschaft.","robots":{"index":"index","follow":"follow","max-snippet":"max-snippet:-1","max-image-preview":"max-image-preview:large","max-video-preview":"max-video-preview:-1"},"canonical":"https:\/\/www.hotel-garden.eu\/de\/serviceleistungen\/","og_locale":"de_DE","og_type":"article","og_title":"Serviceleistungen - Hotel Garden","og_description":"Die Dienstleistungen des Garden Hotels bereichern den Aufenthalt unserer G\u00e4ste mit Komfort und Gastfreundschaft.","og_url":"https:\/\/www.hotel-garden.eu\/de\/serviceleistungen\/","og_site_name":"Hotel Garden","article_publisher":"https:\/\/www.facebook.com\/hotelristorantegardensangiovanni","article_modified_time":"2025-06-04T15:01:39+00:00","og_image":[{"width":1920,"height":1280,"url":"https:\/\/www.hotel-garden.eu\/wp-content\/uploads\/2021\/05\/hg_1673.jpg","type":"image\/jpeg"}],"twitter_card":"summary_large_image","twitter_misc":{"Gesch\u00e4tzte Lesezeit":"5\u00a0Minuten"},"schema":{"@context":"https:\/\/schema.org","@graph":[{"@type":"WebPage","@id":"https:\/\/www.hotel-garden.eu\/de\/serviceleistungen\/","url":"https:\/\/www.hotel-garden.eu\/de\/serviceleistungen\/","name":"Serviceleistungen - Hotel Garden","isPartOf":{"@id":"https:\/\/www.hotel-garden.eu\/de\/#website"},"datePublished":"2021-05-23T15:01:45+00:00","dateModified":"2025-06-04T15:01:39+00:00","description":"Die Dienstleistungen des Garden Hotels bereichern den Aufenthalt unserer G\u00e4ste mit Komfort und Gastfreundschaft.","breadcrumb":{"@id":"https:\/\/www.hotel-garden.eu\/de\/serviceleistungen\/#breadcrumb"},"inLanguage":"de","potentialAction":[{"@type":"ReadAction","target":["https:\/\/www.hotel-garden.eu\/de\/serviceleistungen\/"]}]},{"@type":"BreadcrumbList","@id":"https:\/\/www.hotel-garden.eu\/de\/serviceleistungen\/#breadcrumb","itemListElement":[{"@type":"ListItem","position":1,"name":"Home","item":"https:\/\/www.hotel-garden.eu\/de\/"},{"@type":"ListItem","position":2,"name":"Serviceleistungen"}]},{"@type":"WebSite","@id":"https:\/\/www.hotel-garden.eu\/de\/#website","url":"https:\/\/www.hotel-garden.eu\/de\/","name":"Hotel Garden - Hotel a San Giovanni Rotondo","description":"Hotel a San Giovanni Rotondo","publisher":{"@id":"https:\/\/www.hotel-garden.eu\/de\/#organization"},"potentialAction":[{"@type":"SearchAction","target":{"@type":"EntryPoint","urlTemplate":"https:\/\/www.hotel-garden.eu\/de\/?s={search_term_string}"},"query-input":{"@type":"PropertyValueSpecification","valueRequired":true,"valueName":"search_term_string"}}],"inLanguage":"de"},{"@type":"Organization","@id":"https:\/\/www.hotel-garden.eu\/de\/#organization","name":"Hotel Garden","url":"https:\/\/www.hotel-garden.eu\/de\/","logo":{"@type":"ImageObject","inLanguage":"de","@id":"https:\/\/www.hotel-garden.eu\/de\/#\/schema\/logo\/image\/","url":"https:\/\/www.hotel-garden.eu\/wp-content\/uploads\/2021\/05\/logo-hg.png","contentUrl":"https:\/\/www.hotel-garden.eu\/wp-content\/uploads\/2021\/05\/logo-hg.png","width":500,"height":150,"caption":"Hotel Garden"},"image":{"@id":"https:\/\/www.hotel-garden.eu\/de\/#\/schema\/logo\/image\/"},"sameAs":["https:\/\/www.facebook.com\/hotelristorantegardensangiovanni"]}]}},"_links":{"self":[{"href":"https:\/\/www.hotel-garden.eu\/de\/wp-json\/wp\/v2\/pages\/2895","targetHints":{"allow":["GET"]}}],"collection":[{"href":"https:\/\/www.hotel-garden.eu\/de\/wp-json\/wp\/v2\/pages"}],"about":[{"href":"https:\/\/www.hotel-garden.eu\/de\/wp-json\/wp\/v2\/types\/page"}],"author":[{"embeddable":true,"href":"https:\/\/www.hotel-garden.eu\/de\/wp-json\/wp\/v2\/users\/1"}],"replies":[{"embeddable":true,"href":"https:\/\/www.hotel-garden.eu\/de\/wp-json\/wp\/v2\/comments?post=2895"}],"version-history":[{"count":0,"href":"https:\/\/www.hotel-garden.eu\/de\/wp-json\/wp\/v2\/pages\/2895\/revisions"}],"wp:attachment":[{"href":"https:\/\/www.hotel-garden.eu\/de\/wp-json\/wp\/v2\/media?parent=2895"}],"curies":[{"name":"wp","href":"https:\/\/api.w.org\/{rel}","templated":true}]}}