{"id":2896,"date":"2021-05-23T17:28:39","date_gmt":"2021-05-23T15:28:39","guid":{"rendered":"https:\/\/www.hotel-garden.eu\/?page_id=2896"},"modified":"2025-06-04T17:05:36","modified_gmt":"2025-06-04T15:05:36","slug":"san-giovanni-rotondo","status":"publish","type":"page","link":"https:\/\/www.hotel-garden.eu\/de\/san-giovanni-rotondo\/","title":{"rendered":"San Giovanni Rotondo"},"content":{"rendered":"<div class=\"wpb-content-wrapper\"><p>[vc_row][vc_column css=&#8220;.vc_custom_1747824816586{margin-top: 10px !important;margin-bottom: 10px !important;padding-top: 0px !important;}&#8220;] <h2 style=\"color:;padding:px;text-align:center;font-size:40px;line-height:50px;letter-spacing: px;font-weight:lighter\" class=\"  nd_options_text_align_center_responsive_important nd_options_first_font \">Das Heiligtum von Pater Pio von Pietralcina und das von Pater Pio gew\u00fcnschte Krankenhaus Casa Sollievo della Sofferenza<\/h2> [vc_column_text css=&#8220;&#8220; el_class=&#8220;nd_options_text_align_center_responsive&#8220;]<\/p>\n<p style=\"text-align: center;\">San Giovanni Rotondo ist das Zentrum der Spiritualit\u00e4t des Gargano und der Pilger, die jedes Jahr in die Stadt kommen, um an den Gebeinen des Heiligen Pater Pio von Pietrelcina zu beten.<\/p>\n<p style=\"text-align: center;\">Die Stadt liegt in einem gut bewirtschafteten Becken, das sich s\u00fcd\u00f6stlich des Monte Castellana am S\u00fcdhang des Gargano \u00f6ffnet und Manfredonia \u00fcberragt.<\/p>\n<p style=\"text-align: center;\">San Giovanni ist ber\u00fchmt f\u00fcr das Heiligtum von Pater Pio von Pietralcina und f\u00fcr das Krankenhaus Casa Sollievo della Sofferenza, das der Heilige wollte. Seit \u00fcber 50 Jahren ist San Giovanni Rotondo wegen des Klosters, in dem Pater Pio von Pietralcina lebte und die Stigmata empfing, ein Ziel f\u00fcr Pilger aus aller Welt.<\/p>\n<p>[\/vc_column_text][\/vc_column][\/vc_row][vc_row][vc_column][vc_separator][\/vc_column][\/vc_row][vc_row][vc_column width=&#8220;1\/6&#8243;][vc_icon icon_fontawesome=&#8220;fas fa-car&#8220; color=&#8220;chino&#8220; background_style=&#8220;rounded-outline&#8220; background_color=&#8220;chino&#8220; align=&#8220;center&#8220; css=&#8220;.vc_custom_1621693212713{margin-bottom: 0px !important;}&#8220;][vc_column_text css=&#8220;&#8220;]<\/p>\n<p style=\"text-align: center;\">Gro\u00dfer Parkplatz<\/p>\n<p>[\/vc_column_text][\/vc_column][vc_column width=&#8220;1\/6&#8243;][vc_icon icon_fontawesome=&#8220;fas fa-tree&#8220; color=&#8220;chino&#8220; background_style=&#8220;rounded-outline&#8220; background_color=&#8220;chino&#8220; align=&#8220;center&#8220; css=&#8220;.vc_custom_1621693225895{margin-bottom: 0px !important;}&#8220;][vc_column_text css=&#8220;&#8220;]<\/p>\n<p style=\"text-align: center;\">Garten mit Picknickplatz<\/p>\n<p>[\/vc_column_text][\/vc_column][vc_column width=&#8220;1\/6&#8243;][vc_icon icon_fontawesome=&#8220;fas fa-glass-cheers&#8220; color=&#8220;chino&#8220; background_style=&#8220;rounded-outline&#8220; background_color=&#8220;chino&#8220; align=&#8220;center&#8220; css=&#8220;.vc_custom_1621693232095{margin-bottom: 0px !important;}&#8220;][vc_column_text css=&#8220;&#8220;]<\/p>\n<p style=\"text-align: center;\">Amerikanische Bar<\/p>\n<p>[\/vc_column_text][\/vc_column][vc_column width=&#8220;1\/6&#8243;][vc_icon icon_fontawesome=&#8220;fas fa-utensils&#8220; color=&#8220;chino&#8220; background_style=&#8220;rounded-outline&#8220; background_color=&#8220;chino&#8220; align=&#8220;center&#8220; css=&#8220;.vc_custom_1621693238256{margin-bottom: 0px !important;}&#8220;][vc_column_text css=&#8220;&#8220;]<\/p>\n<p style=\"text-align: center;\">Restaurant<\/p>\n<p>[\/vc_column_text][\/vc_column][vc_column width=&#8220;1\/6&#8243;][vc_icon icon_fontawesome=&#8220;fas fa-wifi&#8220; color=&#8220;chino&#8220; background_style=&#8220;rounded-outline&#8220; background_color=&#8220;chino&#8220; align=&#8220;center&#8220; css=&#8220;.vc_custom_1621693250397{margin-bottom: 0px !important;}&#8220;][vc_column_text css=&#8220;&#8220;]<\/p>\n<p style=\"text-align: center;\">Kostenloses WiFi<\/p>\n<p>[\/vc_column_text][\/vc_column][vc_column width=&#8220;1\/6&#8243;][vc_icon icon_fontawesome=&#8220;fas fa-dog&#8220; color=&#8220;chino&#8220; background_style=&#8220;rounded-outline&#8220; background_color=&#8220;chino&#8220; align=&#8220;center&#8220; css=&#8220;.vc_custom_1621693244760{margin-bottom: 0px !important;}&#8220;][vc_column_text css=&#8220;&#8220;]<\/p>\n<p style=\"text-align: center;\">Zugelassene Tiere<\/p>\n<p>[\/vc_column_text][\/vc_column][\/vc_row][vc_row][vc_column][vc_empty_space][vc_media_grid grid_id=&#8220;vc_gid:1749049499768-b2b495e7-9a67-0&#8243; include=&#8220;2084,2083,2085&#8243;][\/vc_column][\/vc_row]<\/p>\n<\/div>","protected":false},"excerpt":{"rendered":"<p>[vc_row][vc_column css=&#8220;.vc_custom_1747824816586{margin-top: 10px !important;margin-bottom: 10px !important;padding-top: 0px !important;}&#8220;][vc_column_text css=&#8220;&#8220; el_class=&#8220;nd_options_text_align_center_responsive&#8220;] San Giovanni Rotondo ist das Zentrum der Spiritualit\u00e4t des Gargano und der Pilger, die jedes Jahr in die Stadt kommen, um an den Gebeinen des Heiligen Pater Pio von Pietrelcina zu beten. Die Stadt liegt in einem gut bewirtschafteten Becken, das sich s\u00fcd\u00f6stlich des Monte [&hellip;]<\/p>\n","protected":false},"author":1,"featured_media":0,"parent":0,"menu_order":6,"comment_status":"closed","ping_status":"closed","template":"","meta":{"footnotes":""},"class_list":["post-2896","page","type-page","status-publish","hentry"],"yoast_head":"<!-- This site is optimized with the Yoast SEO plugin v27.4 - https:\/\/yoast.com\/product\/yoast-seo-wordpress\/ -->\n<title>San Giovanni Rotondo - Hotel Garden<\/title>\n<meta name=\"description\" content=\"Das Hotel Garden befindet sich in San Giovanni Rotondo, einem touristischen Ziel f\u00fcr Gl\u00e4ubige aus der ganzen Welt, die die Stadt und Padre Pio besuchen.\" \/>\n<meta name=\"robots\" content=\"index, follow, max-snippet:-1, max-image-preview:large, max-video-preview:-1\" \/>\n<link rel=\"canonical\" href=\"https:\/\/www.hotel-garden.eu\/de\/san-giovanni-rotondo\/\" \/>\n<meta property=\"og:locale\" content=\"de_DE\" \/>\n<meta property=\"og:type\" content=\"article\" \/>\n<meta property=\"og:title\" content=\"San Giovanni Rotondo - Hotel Garden\" \/>\n<meta property=\"og:description\" content=\"Das Hotel Garden befindet sich in San Giovanni Rotondo, einem touristischen Ziel f\u00fcr Gl\u00e4ubige aus der ganzen Welt, die die Stadt und Padre Pio besuchen.\" \/>\n<meta property=\"og:url\" content=\"https:\/\/www.hotel-garden.eu\/de\/san-giovanni-rotondo\/\" \/>\n<meta property=\"og:site_name\" content=\"Hotel Garden\" \/>\n<meta property=\"article:publisher\" content=\"https:\/\/www.facebook.com\/hotelristorantegardensangiovanni\" \/>\n<meta property=\"article:modified_time\" content=\"2025-06-04T15:05:36+00:00\" \/>\n<meta property=\"og:image\" content=\"https:\/\/www.hotel-garden.eu\/wp-content\/uploads\/2021\/05\/hg_1673.jpg\" \/>\n\t<meta property=\"og:image:width\" content=\"1920\" \/>\n\t<meta property=\"og:image:height\" content=\"1280\" \/>\n\t<meta property=\"og:image:type\" content=\"image\/jpeg\" \/>\n<meta name=\"twitter:card\" content=\"summary_large_image\" \/>\n<meta name=\"twitter:label1\" content=\"Gesch\u00e4tzte Lesezeit\" \/>\n\t<meta name=\"twitter:data1\" content=\"2\u00a0Minuten\" \/>\n<script type=\"application\/ld+json\" class=\"yoast-schema-graph\">{\"@context\":\"https:\\\/\\\/schema.org\",\"@graph\":[{\"@type\":\"WebPage\",\"@id\":\"https:\\\/\\\/www.hotel-garden.eu\\\/de\\\/san-giovanni-rotondo\\\/\",\"url\":\"https:\\\/\\\/www.hotel-garden.eu\\\/de\\\/san-giovanni-rotondo\\\/\",\"name\":\"San Giovanni Rotondo - Hotel Garden\",\"isPartOf\":{\"@id\":\"https:\\\/\\\/www.hotel-garden.eu\\\/de\\\/#website\"},\"datePublished\":\"2021-05-23T15:28:39+00:00\",\"dateModified\":\"2025-06-04T15:05:36+00:00\",\"description\":\"Das Hotel Garden befindet sich in San Giovanni Rotondo, einem touristischen Ziel f\u00fcr Gl\u00e4ubige aus der ganzen Welt, die die Stadt und Padre Pio besuchen.\",\"breadcrumb\":{\"@id\":\"https:\\\/\\\/www.hotel-garden.eu\\\/de\\\/san-giovanni-rotondo\\\/#breadcrumb\"},\"inLanguage\":\"de\",\"potentialAction\":[{\"@type\":\"ReadAction\",\"target\":[\"https:\\\/\\\/www.hotel-garden.eu\\\/de\\\/san-giovanni-rotondo\\\/\"]}]},{\"@type\":\"BreadcrumbList\",\"@id\":\"https:\\\/\\\/www.hotel-garden.eu\\\/de\\\/san-giovanni-rotondo\\\/#breadcrumb\",\"itemListElement\":[{\"@type\":\"ListItem\",\"position\":1,\"name\":\"Home\",\"item\":\"https:\\\/\\\/www.hotel-garden.eu\\\/de\\\/\"},{\"@type\":\"ListItem\",\"position\":2,\"name\":\"San Giovanni Rotondo\"}]},{\"@type\":\"WebSite\",\"@id\":\"https:\\\/\\\/www.hotel-garden.eu\\\/de\\\/#website\",\"url\":\"https:\\\/\\\/www.hotel-garden.eu\\\/de\\\/\",\"name\":\"Hotel Garden - Hotel a San Giovanni Rotondo\",\"description\":\"Hotel a San Giovanni Rotondo\",\"publisher\":{\"@id\":\"https:\\\/\\\/www.hotel-garden.eu\\\/de\\\/#organization\"},\"potentialAction\":[{\"@type\":\"SearchAction\",\"target\":{\"@type\":\"EntryPoint\",\"urlTemplate\":\"https:\\\/\\\/www.hotel-garden.eu\\\/de\\\/?s={search_term_string}\"},\"query-input\":{\"@type\":\"PropertyValueSpecification\",\"valueRequired\":true,\"valueName\":\"search_term_string\"}}],\"inLanguage\":\"de\"},{\"@type\":\"Organization\",\"@id\":\"https:\\\/\\\/www.hotel-garden.eu\\\/de\\\/#organization\",\"name\":\"Hotel Garden\",\"url\":\"https:\\\/\\\/www.hotel-garden.eu\\\/de\\\/\",\"logo\":{\"@type\":\"ImageObject\",\"inLanguage\":\"de\",\"@id\":\"https:\\\/\\\/www.hotel-garden.eu\\\/de\\\/#\\\/schema\\\/logo\\\/image\\\/\",\"url\":\"https:\\\/\\\/www.hotel-garden.eu\\\/wp-content\\\/uploads\\\/2021\\\/05\\\/logo-hg.png\",\"contentUrl\":\"https:\\\/\\\/www.hotel-garden.eu\\\/wp-content\\\/uploads\\\/2021\\\/05\\\/logo-hg.png\",\"width\":500,\"height\":150,\"caption\":\"Hotel Garden\"},\"image\":{\"@id\":\"https:\\\/\\\/www.hotel-garden.eu\\\/de\\\/#\\\/schema\\\/logo\\\/image\\\/\"},\"sameAs\":[\"https:\\\/\\\/www.facebook.com\\\/hotelristorantegardensangiovanni\"]}]}<\/script>\n<!-- \/ Yoast SEO plugin. -->","yoast_head_json":{"title":"San Giovanni Rotondo - Hotel Garden","description":"Das Hotel Garden befindet sich in San Giovanni Rotondo, einem touristischen Ziel f\u00fcr Gl\u00e4ubige aus der ganzen Welt, die die Stadt und Padre Pio besuchen.","robots":{"index":"index","follow":"follow","max-snippet":"max-snippet:-1","max-image-preview":"max-image-preview:large","max-video-preview":"max-video-preview:-1"},"canonical":"https:\/\/www.hotel-garden.eu\/de\/san-giovanni-rotondo\/","og_locale":"de_DE","og_type":"article","og_title":"San Giovanni Rotondo - Hotel Garden","og_description":"Das Hotel Garden befindet sich in San Giovanni Rotondo, einem touristischen Ziel f\u00fcr Gl\u00e4ubige aus der ganzen Welt, die die Stadt und Padre Pio besuchen.","og_url":"https:\/\/www.hotel-garden.eu\/de\/san-giovanni-rotondo\/","og_site_name":"Hotel Garden","article_publisher":"https:\/\/www.facebook.com\/hotelristorantegardensangiovanni","article_modified_time":"2025-06-04T15:05:36+00:00","og_image":[{"width":1920,"height":1280,"url":"https:\/\/www.hotel-garden.eu\/wp-content\/uploads\/2021\/05\/hg_1673.jpg","type":"image\/jpeg"}],"twitter_card":"summary_large_image","twitter_misc":{"Gesch\u00e4tzte Lesezeit":"2\u00a0Minuten"},"schema":{"@context":"https:\/\/schema.org","@graph":[{"@type":"WebPage","@id":"https:\/\/www.hotel-garden.eu\/de\/san-giovanni-rotondo\/","url":"https:\/\/www.hotel-garden.eu\/de\/san-giovanni-rotondo\/","name":"San Giovanni Rotondo - Hotel Garden","isPartOf":{"@id":"https:\/\/www.hotel-garden.eu\/de\/#website"},"datePublished":"2021-05-23T15:28:39+00:00","dateModified":"2025-06-04T15:05:36+00:00","description":"Das Hotel Garden befindet sich in San Giovanni Rotondo, einem touristischen Ziel f\u00fcr Gl\u00e4ubige aus der ganzen Welt, die die Stadt und Padre Pio besuchen.","breadcrumb":{"@id":"https:\/\/www.hotel-garden.eu\/de\/san-giovanni-rotondo\/#breadcrumb"},"inLanguage":"de","potentialAction":[{"@type":"ReadAction","target":["https:\/\/www.hotel-garden.eu\/de\/san-giovanni-rotondo\/"]}]},{"@type":"BreadcrumbList","@id":"https:\/\/www.hotel-garden.eu\/de\/san-giovanni-rotondo\/#breadcrumb","itemListElement":[{"@type":"ListItem","position":1,"name":"Home","item":"https:\/\/www.hotel-garden.eu\/de\/"},{"@type":"ListItem","position":2,"name":"San Giovanni Rotondo"}]},{"@type":"WebSite","@id":"https:\/\/www.hotel-garden.eu\/de\/#website","url":"https:\/\/www.hotel-garden.eu\/de\/","name":"Hotel Garden - Hotel a San Giovanni Rotondo","description":"Hotel a San Giovanni Rotondo","publisher":{"@id":"https:\/\/www.hotel-garden.eu\/de\/#organization"},"potentialAction":[{"@type":"SearchAction","target":{"@type":"EntryPoint","urlTemplate":"https:\/\/www.hotel-garden.eu\/de\/?s={search_term_string}"},"query-input":{"@type":"PropertyValueSpecification","valueRequired":true,"valueName":"search_term_string"}}],"inLanguage":"de"},{"@type":"Organization","@id":"https:\/\/www.hotel-garden.eu\/de\/#organization","name":"Hotel Garden","url":"https:\/\/www.hotel-garden.eu\/de\/","logo":{"@type":"ImageObject","inLanguage":"de","@id":"https:\/\/www.hotel-garden.eu\/de\/#\/schema\/logo\/image\/","url":"https:\/\/www.hotel-garden.eu\/wp-content\/uploads\/2021\/05\/logo-hg.png","contentUrl":"https:\/\/www.hotel-garden.eu\/wp-content\/uploads\/2021\/05\/logo-hg.png","width":500,"height":150,"caption":"Hotel Garden"},"image":{"@id":"https:\/\/www.hotel-garden.eu\/de\/#\/schema\/logo\/image\/"},"sameAs":["https:\/\/www.facebook.com\/hotelristorantegardensangiovanni"]}]}},"_links":{"self":[{"href":"https:\/\/www.hotel-garden.eu\/de\/wp-json\/wp\/v2\/pages\/2896","targetHints":{"allow":["GET"]}}],"collection":[{"href":"https:\/\/www.hotel-garden.eu\/de\/wp-json\/wp\/v2\/pages"}],"about":[{"href":"https:\/\/www.hotel-garden.eu\/de\/wp-json\/wp\/v2\/types\/page"}],"author":[{"embeddable":true,"href":"https:\/\/www.hotel-garden.eu\/de\/wp-json\/wp\/v2\/users\/1"}],"replies":[{"embeddable":true,"href":"https:\/\/www.hotel-garden.eu\/de\/wp-json\/wp\/v2\/comments?post=2896"}],"version-history":[{"count":0,"href":"https:\/\/www.hotel-garden.eu\/de\/wp-json\/wp\/v2\/pages\/2896\/revisions"}],"wp:attachment":[{"href":"https:\/\/www.hotel-garden.eu\/de\/wp-json\/wp\/v2\/media?parent=2896"}],"curies":[{"name":"wp","href":"https:\/\/api.w.org\/{rel}","templated":true}]}}