{"id":2898,"date":"2021-05-24T11:13:37","date_gmt":"2021-05-24T09:13:37","guid":{"rendered":"https:\/\/www.hotel-garden.eu\/?page_id=2898"},"modified":"2025-06-04T17:25:48","modified_gmt":"2025-06-04T15:25:48","slug":"reiserouten","status":"publish","type":"page","link":"https:\/\/www.hotel-garden.eu\/de\/reiserouten\/","title":{"rendered":"Reiserouten"},"content":{"rendered":"<div class=\"wpb-content-wrapper\"><p>[vc_row][vc_column css=&#8220;.vc_custom_1747824502615{margin-top: 10px !important;margin-bottom: 10px !important;padding-top: 0px !important;}&#8220;] <h2 style=\"color:;padding:px;text-align:center;font-size:40px;line-height:50px;letter-spacing: px;font-weight:lighter\" class=\"  nd_options_text_align_center_responsive_important nd_options_first_font \">Der gesamte Gargano ist durchzogen von Wegen und Pfaden der Heiligen<\/h2> [vc_column_text css=&#8220;&#8220; el_class=&#8220;nd_options_text_align_center_responsive&#8220;]<\/p>\n<p style=\"text-align: center;\">Im Leben der Gl\u00e4ubigen war die Pilgerreise schon immer ein bedeutendes Ereignis, das den Glauben st\u00e4rkt.<\/p>\n<p style=\"text-align: center;\">Die Pilgerfahrt geh\u00f6rt zur Geschichte des Christentums. Eine Analyse der Geschichte der Religionen zeigt, dass es sich um ein Ph\u00e4nomen mit universellem Charakter handelt, das den Menschen mit dem G\u00f6ttlichen in Verbindung bringt. Neben den religi\u00f6sen Motiven gibt es auch kulturelle und relationale Anreize.<\/p>\n<p style=\"text-align: center;\">Im Gebiet des Gargano gibt es zwei religi\u00f6se Wege, einen alten, der auf die ersten Jahrhunderte des Christentums zur\u00fcckgeht, und einen neueren: St. Michael in Monte Sant&#8217;Angelo und St. Pio von Pietralcina in San Giovanni Rotondo. Der gesamte Gargano ist von den Wegen und Pfaden des Heiligen durchzogen. Wege, die zu den Andachtsst\u00e4tten in der N\u00e4he der D\u00f6rfer f\u00fchren (l\u00e4ndliche Kirchen, S. Maria di Merino, die Michaelsgrotte am Varano-See&#8230;) und Wege, die zu den gro\u00dfen Heiligt\u00fcmern f\u00fchren: vor allem S. Michael, aber auch S. Matth\u00e4us und die Incoronata.<\/p>\n<p>[\/vc_column_text][\/vc_column][\/vc_row][vc_row][vc_column css=&#8220;.vc_custom_1747824506240{margin-top: 10px !important;margin-bottom: 10px !important;padding-top: 0px !important;}&#8220;] <h2 style=\"color:;padding:px;text-align:center;font-size:40px;line-height:50px;letter-spacing: px;font-weight:lighter\" class=\"  nd_options_text_align_center_responsive_important nd_options_first_font \">Das Heiligtum von St. Matth\u00e4us in San Marco in Lamis<\/h2> [vc_column_text css=&#8220;&#8220; el_class=&#8220;nd_options_text_align_center_responsive&#8220;]<\/p>\n<p style=\"text-align: center;\">Das Kloster steht heute in seiner ganzen Pracht an den bewaldeten H\u00e4ngen eines H\u00fcgels. Eine lange Treppe inmitten der unber\u00fchrten Natur des Ortes oder eine Kutschenstra\u00dfe sind die Alternativen, um das Kloster zu erreichen, in dem zahlreiche k\u00fcnstlerische Zeugnisse sowie antike Reliquien von Heiligen und eine reiche Bibliothek, in der wertvolle Kodizes und Manuskripte aufbewahrt werden, aufbewahrt werden.<\/p>\n<p style=\"text-align: center;\">Nach dem Verlassen des Klosters geht es weiter bergab, dem Tal von Stignano folgend. Nachdem wir den charakteristischen Ortskern von San Marco in Lamis passiert haben, der den antiken Charme seiner Reihenh\u00e4user bewahrt hat, die sich um den Abtpalast, das heutige Rathaus, gruppieren, erreichen wir Stignano, von dem das zweite Heiligtum auf unserem Rundgang seinen Namen hat: S. Maria di Stignano.<\/p>\n<p style=\"text-align: center;\">Der bereits im 13. Jahrhundert erw\u00e4hnte Klosterkomplex, der aus einer Kirche und zwei sch\u00f6nen Kreuzg\u00e4ngen mit barocken Kunstzeugnissen besteht, pr\u00e4sentiert sich dem Besucher als eine Oase des Friedens, die in ihrer Umgebung von den Ruinen zahlreicher Einsiedeleien (in den Fels gehauene Einsiedeleien) umgeben ist, von denen die der Heiligen Dreifaltigkeit geweihte zu erw\u00e4hnen ist. Die Stra\u00dfe, die wir in Richtung S. Severo nehmen, ist eine der \u00e4ltesten Zufahrtsstra\u00dfen zum Gargano, die Via Sacra dei Longobardi; ein tausendj\u00e4hriger Weg, dem die Pilger auf ihrem Weg zu den Heiligt\u00fcmern auf dem Vorgebirge und weiter nach Pal\u00e4stina folgten. Am Bahnhof von S. Marco in Lamis, am Ende des Tals, m\u00fcssen wir links auf die Stra\u00dfe \u201ePedegarganica\u201c abbiegen. Folgen Sie dem Schild Manfredonia.<\/p>\n<p>[\/vc_column_text][\/vc_column][\/vc_row][vc_row][vc_column css=&#8220;.vc_custom_1747824511933{margin-top: 10px !important;margin-bottom: 10px !important;padding-top: 0px !important;}&#8220;] <h2 style=\"color:;padding:px;text-align:center;font-size:40px;line-height:50px;letter-spacing: px;font-weight:lighter\" class=\"  nd_options_text_align_center_responsive_important nd_options_first_font \">Santa Maria di Siponto in Manfredonia<\/h2> [vc_column_text css=&#8220;&#8220; el_class=&#8220;nd_options_text_align_center_responsive&#8220;]<\/p>\n<p style=\"text-align: center;\">Wenn man weiter in Richtung Manfredonia f\u00e4hrt, st\u00f6\u00dft man auf die Kirche S. Maria di Siponto (auf der rechten Seite, auch von der Stra\u00dfe aus gut sichtbar). Die Kathedrale der antiken Stadt Siponto, die heute verschwunden ist, steht inmitten der Ruinen einer fr\u00fchchristlichen Basilika und anderer antiker Geb\u00e4ude; unter den \u00dcberresten verschiedener arch\u00e4ologischer Materialien kann man S\u00e4ulen, Mosaike, Kapitelle und Sarkophage in ihrer Einzigartigkeit bewundern.<\/p>\n<p style=\"text-align: center;\">Neben einem raffinierten Portal ist die Krypta aus dem 12. Jahrhundert, in der sich S\u00e4ulentheorien mit antiken Gr\u00e4bern abwechseln, besonders reizvoll. Au\u00dferhalb der Kirche f\u00fchrt ein langer Weg durch den arch\u00e4ologischen Bereich aus dem 4.<\/p>\n<p>[\/vc_column_text][\/vc_column][\/vc_row][vc_row][vc_column css=&#8220;.vc_custom_1747824517277{margin-top: 10px !important;margin-bottom: 10px !important;padding-top: 0px !important;}&#8220;] <h2 style=\"color:;padding:px;text-align:center;font-size:40px;line-height:50px;letter-spacing: px;font-weight:lighter\" class=\"  nd_options_text_align_center_responsive_important nd_options_first_font \">Manfredonia, die von K\u00f6nig ManfredI gegr\u00fcndete Stadt<\/h2> [vc_column_text css=&#8220;&#8220; el_class=&#8220;nd_options_text_align_center_responsive&#8220;]<\/p>\n<p style=\"text-align: center;\">Nicht weit vom antiken Siponto entfernt liegt die Stadt Manfredi, Manfredonia. So wurde das Zentrum genannt, das nach der Zerst\u00f6rung des alten Siponto auf Gehei\u00df von K\u00f6nig Manfredi, dem Sohn von Kaiser Friedrich II. von Schwaben, entstand.<\/p>\n<p style=\"text-align: center;\">Manfredonia ist eine Stadt mit T\u00fcrmen, einer m\u00e4chtigen Burg \u00fcber dem Meer, reich an Kirchen und Adelspal\u00e4sten und beherbergt im Nationalmuseum, das sich in den majest\u00e4tischen R\u00e4umen der Burg befindet, zahlreiche arch\u00e4ologische Funde, darunter die Stele Daunie, besondere Artefakte der antiken Bev\u00f6lkerung dieses Gebiets.<\/p>\n<p>[\/vc_column_text][\/vc_column][\/vc_row][vc_row][vc_column css=&#8220;.vc_custom_1747824522405{margin-top: 10px !important;margin-bottom: 10px !important;padding-top: 0px !important;}&#8220;] <h2 style=\"color:;padding:px;text-align:center;font-size:40px;line-height:50px;letter-spacing: px;font-weight:lighter\" class=\"  nd_options_text_align_center_responsive_important nd_options_first_font \">Die Wallfahrtskirche Santa Maria Di Pulsano, ein Kloster aus dem 12.<\/h2> [vc_column_text css=&#8220;&#8220; el_class=&#8220;nd_options_text_align_center_responsive&#8220;]<\/p>\n<p style=\"text-align: center;\">Auf dem Weg hinauf zum Monte Sant&#8217;Angelo lohnt es sich, anzuhalten und die Landschaft \u00fcber dem Golf von Manfredonia zu bewundern. Das Santuario di S. Maria Di Pulsano (Heiligtum der Heiligen Maria von Pulsano) steht fast wachend \u00fcber dem weiten Golf der Stadt. Das alte Kloster aus dem 12. Jahrhundert (heute vollst\u00e4ndig restauriert und bewohnt) erhebt sich auf den H\u00f6hen, die den Badeort am Tor zum Gargano \u00fcberragen.<\/p>\n<p style=\"text-align: center;\">Die Kirche befindet sich teilweise in einer nat\u00fcrlichen H\u00f6hle voller Charme und Geheimnisse, und der Klosterkomplex, der von massiven Mauern gesch\u00fctzt wird, verf\u00fcgt \u00fcber ein kunstvolles Portal, das mit zoomorphen Reliefs und alten Wappen verziert ist.<\/p>\n<p>[\/vc_column_text][\/vc_column][\/vc_row][vc_row][vc_column css=&#8220;.vc_custom_1747824527543{margin-top: 10px !important;margin-bottom: 10px !important;padding-top: 0px !important;}&#8220;] <h2 style=\"color:;padding:px;text-align:center;font-size:40px;line-height:50px;letter-spacing: px;font-weight:lighter\" class=\"  nd_options_text_align_center_responsive_important nd_options_first_font \">Das Heiligtum des Erzengels Michael in Monte Sant'Angelo<\/h2> [vc_column_text css=&#8220;&#8220; el_class=&#8220;nd_options_text_align_center_responsive&#8220;]<\/p>\n<p style=\"text-align: center;\">Monte Sant&#8217;Angelo beherbergt das tausendj\u00e4hrige Heiligtum des Erzengels Michael und ist eine wahre Fundgrube der Kunst: alte romanische Kirchen, ein antikes Baptisterium, eine normannische Burg und ganze mittelalterliche Viertel, die noch intakt sind.<\/p>\n<p style=\"text-align: center;\">Das Mittelalter ist in Monte Sant&#8217;Angelo zu Hause, wo die Wallfahrtskirche San Michele, die sich im Inneren der Erde in einer riesigen und feuchten nat\u00fcrlichen Grotte befindet, den Besucher in die Antike zur\u00fcckversetzt und ihn sich vorstellen l\u00e4sst, wie betende Pilger bei Kerzenlicht die Hunderte von Stufen hinabsteigen, die unter die Erde f\u00fchren. Die Theorie der Stufen, der Heiligt\u00fcmer, der Kapellen und der Grabst\u00e4tten begleitet uns noch heute bei unserem Besuch dieses antiken Heiligtums des Gargano, das im Mittelalter das wichtigste Zentrum des Christentums war. Die Stra\u00dfe ins Landesinnere durch die gr\u00fcnen W\u00e4lder und die noch in Betrieb befindlichen Bauernh\u00f6fe f\u00fchrt uns zur\u00fcck nach San Giovanni Rotondo, dem Dorf an der von den Pilgern begangenen Via Sacra.<\/p>\n<p style=\"text-align: center;\">Die alte Via Sacra f\u00fchrte durch S. Giovanni Rotondo, wo sich vor den Toren des Dorfes im Kapuzinerkloster das Grab des heiligen Pio von Pietrelcina befindet, des Franziskanerm\u00f6nchs, der die Geschichte dieser Ecke des Gargano gepr\u00e4gt hat und der wegen der zahlreichen ihm zugeschriebenen Wunder verehrt wird.<\/p>\n<p style=\"text-align: center;\">Pater Pio, geboren als Francesco Forgione, wurde am 25. Mai 1887 in Pietrelcina, einem kleinen Ort in der Provinz Benevento, in einfachen Verh\u00e4ltnissen geboren. Im Alter von nur f\u00fcnfzehn Jahren trat er in das Noviziat der Kapuziner in Morcone ein, und nach mehreren Aufenthalten in verschiedenen Kl\u00f6stern seines Ordens, darunter S. Marco la Catola und Foggia, lie\u00df er sich im Franziskanerkloster San Giovanni Rotondo nieder.<\/p>\n<p style=\"text-align: center;\">Im Chor der zu diesem Kloster geh\u00f6renden Kirche Santa Maria delle Grazie empfing er am 20. September 1918 die Stigmata. Von diesem Tag an bis zu seinem Tod am 23. September 1968 war sein Kloster das Ziel von Millionen von Pilgern, die von seiner geistlichen Hilfe und seinem Gebet profitierten.<\/p>\n<p style=\"text-align: center;\">Die Pilger, die heute das Grab von Pater Pio und die neue Kirche besuchen, machen auch Halt am monumentalen Kreuzweg, der sich durch die W\u00e4lder rund um das Kloster S. Maria delle Grazie schl\u00e4ngelt, und verschm\u00e4hen nicht einen Besuch des historischen Zentrums von S. Giovanni Rotondo, in dem noch einige der T\u00fcrme der Stadtmauer solide und unver\u00e4ndert erhalten sind.<\/p>\n<p>[\/vc_column_text][\/vc_column][\/vc_row][vc_row][vc_column][vc_separator][\/vc_column][\/vc_row][vc_row][vc_column][vc_empty_space][vc_media_grid grid_id=&#8220;vc_gid:1749050589687-1267c83e-e06e-8&#8243; include=&#8220;2084,2083,2092,2091,2090,2089,2088,2093,2094&#8243;][\/vc_column][\/vc_row]<\/p>\n<\/div>","protected":false},"excerpt":{"rendered":"<p>[vc_row][vc_column css=&#8220;.vc_custom_1747824502615{margin-top: 10px !important;margin-bottom: 10px !important;padding-top: 0px !important;}&#8220;][vc_column_text css=&#8220;&#8220; el_class=&#8220;nd_options_text_align_center_responsive&#8220;] Im Leben der Gl\u00e4ubigen war die Pilgerreise schon immer ein bedeutendes Ereignis, das den Glauben st\u00e4rkt. Die Pilgerfahrt geh\u00f6rt zur Geschichte des Christentums. Eine Analyse der Geschichte der Religionen zeigt, dass es sich um ein Ph\u00e4nomen mit universellem Charakter handelt, das den Menschen mit dem [&hellip;]<\/p>\n","protected":false},"author":1,"featured_media":0,"parent":0,"menu_order":7,"comment_status":"closed","ping_status":"closed","template":"","meta":{"footnotes":""},"class_list":["post-2898","page","type-page","status-publish","hentry"],"yoast_head":"<!-- This site is optimized with the Yoast SEO plugin v27.4 - https:\/\/yoast.com\/product\/yoast-seo-wordpress\/ -->\n<title>Reiserouten - Hotel Garden<\/title>\n<meta name=\"description\" content=\"Das Hotel Garden liegt strategisch g\u00fcnstig in der Region Gargano, so dass Sie jeden geschichtstr\u00e4chtigen Ort und jede Sehensw\u00fcrdigkeit besuchen k\u00f6nnen.\" \/>\n<meta name=\"robots\" content=\"index, follow, max-snippet:-1, max-image-preview:large, max-video-preview:-1\" \/>\n<link rel=\"canonical\" href=\"https:\/\/www.hotel-garden.eu\/de\/reiserouten\/\" \/>\n<meta property=\"og:locale\" content=\"de_DE\" \/>\n<meta property=\"og:type\" content=\"article\" \/>\n<meta property=\"og:title\" content=\"Reiserouten - Hotel Garden\" \/>\n<meta property=\"og:description\" content=\"Das Hotel Garden liegt strategisch g\u00fcnstig in der Region Gargano, so dass Sie jeden geschichtstr\u00e4chtigen Ort und jede Sehensw\u00fcrdigkeit besuchen k\u00f6nnen.\" \/>\n<meta property=\"og:url\" content=\"https:\/\/www.hotel-garden.eu\/de\/reiserouten\/\" \/>\n<meta property=\"og:site_name\" content=\"Hotel Garden\" \/>\n<meta property=\"article:publisher\" content=\"https:\/\/www.facebook.com\/hotelristorantegardensangiovanni\" \/>\n<meta property=\"article:modified_time\" content=\"2025-06-04T15:25:48+00:00\" \/>\n<meta property=\"og:image\" content=\"https:\/\/www.hotel-garden.eu\/wp-content\/uploads\/2021\/05\/hg_1673.jpg\" \/>\n\t<meta property=\"og:image:width\" content=\"1920\" \/>\n\t<meta property=\"og:image:height\" content=\"1280\" \/>\n\t<meta property=\"og:image:type\" content=\"image\/jpeg\" \/>\n<meta name=\"twitter:card\" content=\"summary_large_image\" \/>\n<meta name=\"twitter:label1\" content=\"Gesch\u00e4tzte Lesezeit\" \/>\n\t<meta name=\"twitter:data1\" content=\"9\u00a0Minuten\" \/>\n<script type=\"application\/ld+json\" class=\"yoast-schema-graph\">{\"@context\":\"https:\\\/\\\/schema.org\",\"@graph\":[{\"@type\":\"WebPage\",\"@id\":\"https:\\\/\\\/www.hotel-garden.eu\\\/de\\\/reiserouten\\\/\",\"url\":\"https:\\\/\\\/www.hotel-garden.eu\\\/de\\\/reiserouten\\\/\",\"name\":\"Reiserouten - Hotel Garden\",\"isPartOf\":{\"@id\":\"https:\\\/\\\/www.hotel-garden.eu\\\/de\\\/#website\"},\"datePublished\":\"2021-05-24T09:13:37+00:00\",\"dateModified\":\"2025-06-04T15:25:48+00:00\",\"description\":\"Das Hotel Garden liegt strategisch g\u00fcnstig in der Region Gargano, so dass Sie jeden geschichtstr\u00e4chtigen Ort und jede Sehensw\u00fcrdigkeit besuchen k\u00f6nnen.\",\"breadcrumb\":{\"@id\":\"https:\\\/\\\/www.hotel-garden.eu\\\/de\\\/reiserouten\\\/#breadcrumb\"},\"inLanguage\":\"de\",\"potentialAction\":[{\"@type\":\"ReadAction\",\"target\":[\"https:\\\/\\\/www.hotel-garden.eu\\\/de\\\/reiserouten\\\/\"]}]},{\"@type\":\"BreadcrumbList\",\"@id\":\"https:\\\/\\\/www.hotel-garden.eu\\\/de\\\/reiserouten\\\/#breadcrumb\",\"itemListElement\":[{\"@type\":\"ListItem\",\"position\":1,\"name\":\"Home\",\"item\":\"https:\\\/\\\/www.hotel-garden.eu\\\/de\\\/\"},{\"@type\":\"ListItem\",\"position\":2,\"name\":\"Reiserouten\"}]},{\"@type\":\"WebSite\",\"@id\":\"https:\\\/\\\/www.hotel-garden.eu\\\/de\\\/#website\",\"url\":\"https:\\\/\\\/www.hotel-garden.eu\\\/de\\\/\",\"name\":\"Hotel Garden - Hotel a San Giovanni Rotondo\",\"description\":\"Hotel a San Giovanni Rotondo\",\"publisher\":{\"@id\":\"https:\\\/\\\/www.hotel-garden.eu\\\/de\\\/#organization\"},\"potentialAction\":[{\"@type\":\"SearchAction\",\"target\":{\"@type\":\"EntryPoint\",\"urlTemplate\":\"https:\\\/\\\/www.hotel-garden.eu\\\/de\\\/?s={search_term_string}\"},\"query-input\":{\"@type\":\"PropertyValueSpecification\",\"valueRequired\":true,\"valueName\":\"search_term_string\"}}],\"inLanguage\":\"de\"},{\"@type\":\"Organization\",\"@id\":\"https:\\\/\\\/www.hotel-garden.eu\\\/de\\\/#organization\",\"name\":\"Hotel Garden\",\"url\":\"https:\\\/\\\/www.hotel-garden.eu\\\/de\\\/\",\"logo\":{\"@type\":\"ImageObject\",\"inLanguage\":\"de\",\"@id\":\"https:\\\/\\\/www.hotel-garden.eu\\\/de\\\/#\\\/schema\\\/logo\\\/image\\\/\",\"url\":\"https:\\\/\\\/www.hotel-garden.eu\\\/wp-content\\\/uploads\\\/2021\\\/05\\\/logo-hg.png\",\"contentUrl\":\"https:\\\/\\\/www.hotel-garden.eu\\\/wp-content\\\/uploads\\\/2021\\\/05\\\/logo-hg.png\",\"width\":500,\"height\":150,\"caption\":\"Hotel Garden\"},\"image\":{\"@id\":\"https:\\\/\\\/www.hotel-garden.eu\\\/de\\\/#\\\/schema\\\/logo\\\/image\\\/\"},\"sameAs\":[\"https:\\\/\\\/www.facebook.com\\\/hotelristorantegardensangiovanni\"]}]}<\/script>\n<!-- \/ Yoast SEO plugin. -->","yoast_head_json":{"title":"Reiserouten - Hotel Garden","description":"Das Hotel Garden liegt strategisch g\u00fcnstig in der Region Gargano, so dass Sie jeden geschichtstr\u00e4chtigen Ort und jede Sehensw\u00fcrdigkeit besuchen k\u00f6nnen.","robots":{"index":"index","follow":"follow","max-snippet":"max-snippet:-1","max-image-preview":"max-image-preview:large","max-video-preview":"max-video-preview:-1"},"canonical":"https:\/\/www.hotel-garden.eu\/de\/reiserouten\/","og_locale":"de_DE","og_type":"article","og_title":"Reiserouten - Hotel Garden","og_description":"Das Hotel Garden liegt strategisch g\u00fcnstig in der Region Gargano, so dass Sie jeden geschichtstr\u00e4chtigen Ort und jede Sehensw\u00fcrdigkeit besuchen k\u00f6nnen.","og_url":"https:\/\/www.hotel-garden.eu\/de\/reiserouten\/","og_site_name":"Hotel Garden","article_publisher":"https:\/\/www.facebook.com\/hotelristorantegardensangiovanni","article_modified_time":"2025-06-04T15:25:48+00:00","og_image":[{"width":1920,"height":1280,"url":"https:\/\/www.hotel-garden.eu\/wp-content\/uploads\/2021\/05\/hg_1673.jpg","type":"image\/jpeg"}],"twitter_card":"summary_large_image","twitter_misc":{"Gesch\u00e4tzte Lesezeit":"9\u00a0Minuten"},"schema":{"@context":"https:\/\/schema.org","@graph":[{"@type":"WebPage","@id":"https:\/\/www.hotel-garden.eu\/de\/reiserouten\/","url":"https:\/\/www.hotel-garden.eu\/de\/reiserouten\/","name":"Reiserouten - Hotel Garden","isPartOf":{"@id":"https:\/\/www.hotel-garden.eu\/de\/#website"},"datePublished":"2021-05-24T09:13:37+00:00","dateModified":"2025-06-04T15:25:48+00:00","description":"Das Hotel Garden liegt strategisch g\u00fcnstig in der Region Gargano, so dass Sie jeden geschichtstr\u00e4chtigen Ort und jede Sehensw\u00fcrdigkeit besuchen k\u00f6nnen.","breadcrumb":{"@id":"https:\/\/www.hotel-garden.eu\/de\/reiserouten\/#breadcrumb"},"inLanguage":"de","potentialAction":[{"@type":"ReadAction","target":["https:\/\/www.hotel-garden.eu\/de\/reiserouten\/"]}]},{"@type":"BreadcrumbList","@id":"https:\/\/www.hotel-garden.eu\/de\/reiserouten\/#breadcrumb","itemListElement":[{"@type":"ListItem","position":1,"name":"Home","item":"https:\/\/www.hotel-garden.eu\/de\/"},{"@type":"ListItem","position":2,"name":"Reiserouten"}]},{"@type":"WebSite","@id":"https:\/\/www.hotel-garden.eu\/de\/#website","url":"https:\/\/www.hotel-garden.eu\/de\/","name":"Hotel Garden - Hotel a San Giovanni Rotondo","description":"Hotel a San Giovanni Rotondo","publisher":{"@id":"https:\/\/www.hotel-garden.eu\/de\/#organization"},"potentialAction":[{"@type":"SearchAction","target":{"@type":"EntryPoint","urlTemplate":"https:\/\/www.hotel-garden.eu\/de\/?s={search_term_string}"},"query-input":{"@type":"PropertyValueSpecification","valueRequired":true,"valueName":"search_term_string"}}],"inLanguage":"de"},{"@type":"Organization","@id":"https:\/\/www.hotel-garden.eu\/de\/#organization","name":"Hotel Garden","url":"https:\/\/www.hotel-garden.eu\/de\/","logo":{"@type":"ImageObject","inLanguage":"de","@id":"https:\/\/www.hotel-garden.eu\/de\/#\/schema\/logo\/image\/","url":"https:\/\/www.hotel-garden.eu\/wp-content\/uploads\/2021\/05\/logo-hg.png","contentUrl":"https:\/\/www.hotel-garden.eu\/wp-content\/uploads\/2021\/05\/logo-hg.png","width":500,"height":150,"caption":"Hotel Garden"},"image":{"@id":"https:\/\/www.hotel-garden.eu\/de\/#\/schema\/logo\/image\/"},"sameAs":["https:\/\/www.facebook.com\/hotelristorantegardensangiovanni"]}]}},"_links":{"self":[{"href":"https:\/\/www.hotel-garden.eu\/de\/wp-json\/wp\/v2\/pages\/2898","targetHints":{"allow":["GET"]}}],"collection":[{"href":"https:\/\/www.hotel-garden.eu\/de\/wp-json\/wp\/v2\/pages"}],"about":[{"href":"https:\/\/www.hotel-garden.eu\/de\/wp-json\/wp\/v2\/types\/page"}],"author":[{"embeddable":true,"href":"https:\/\/www.hotel-garden.eu\/de\/wp-json\/wp\/v2\/users\/1"}],"replies":[{"embeddable":true,"href":"https:\/\/www.hotel-garden.eu\/de\/wp-json\/wp\/v2\/comments?post=2898"}],"version-history":[{"count":0,"href":"https:\/\/www.hotel-garden.eu\/de\/wp-json\/wp\/v2\/pages\/2898\/revisions"}],"wp:attachment":[{"href":"https:\/\/www.hotel-garden.eu\/de\/wp-json\/wp\/v2\/media?parent=2898"}],"curies":[{"name":"wp","href":"https:\/\/api.w.org\/{rel}","templated":true}]}}