{"id":2902,"date":"2025-05-09T13:05:33","date_gmt":"2025-05-09T11:05:33","guid":{"rendered":"https:\/\/www.hotel-garden.eu\/?page_id=2902"},"modified":"2025-06-12T17:35:31","modified_gmt":"2025-06-12T15:35:31","slug":"das-menu","status":"publish","type":"page","link":"https:\/\/www.hotel-garden.eu\/de\/das-menu\/","title":{"rendered":"Das Men\u00fc"},"content":{"rendered":"<div class=\"wpb-content-wrapper\"><p>[vc_row full_width=&#8220;stretch_row_content&#8220; css=&#8220;.vc_custom_1746800214956{background-color: #F1F1F1 !important;}&#8220;][vc_column css=&#8220;.vc_custom_1467207292391{margin-top: 10px !important;margin-bottom: 10px !important;padding-top: 0px !important;}&#8220;]<div style=\"background-color:;height: 20px\" class=\"nicdark_section  \"><\/div>[vc_column_text css=&#8220;&#8220;]<div class=\"df-element df-lite\"  data-slug=\"menu-ger\" data-_slug=\"menu-ger\" data-title=\"menu-ger\" id=\"df_2954\" data-option=\"df_option_2954\" ><\/div><script class=\"df-shortcode-script\" type=\"application\/javascript\">window.df_option_2954 = {\"source\":\"https:\\\/\\\/www.hotel-garden.eu\\\/wp-content\\\/uploads\\\/2025\\\/06\\\/menu-garden-eng.pdf\",\"viewerType\":\"flipbook\",\"is3D\":true,\"backgroundColor\":\"#f1f1f1\",\"showDownloadControl\":false,\"slug\":\"menu-ger\",\"id\":2954}; if(window.DEARPDF && window.DEARPDF.parseElements){window.DEARPDF.parseElements();}<\/script>[\/vc_column_text][\/vc_column][\/vc_row][vc_row][vc_column][vc_separator][\/vc_column][\/vc_row][vc_row][vc_column width=&#8220;1\/5&#8243;][vc_icon icon_fontawesome=&#8220;fas fa-fish&#8220; color=&#8220;chino&#8220; background_style=&#8220;rounded-outline&#8220; background_color=&#8220;chino&#8220; align=&#8220;center&#8220; css=&#8220;.vc_custom_1621694252633{margin-bottom: 0px !important;}&#8220;][vc_column_text css=&#8220;&#8220;]<\/p>\n<p style=\"text-align: center;\">Immer frische Produkte<\/p>\n<p>[\/vc_column_text][\/vc_column][vc_column width=&#8220;1\/5&#8243;][vc_icon icon_fontawesome=&#8220;fas fa-users&#8220; color=&#8220;chino&#8220; background_style=&#8220;rounded-outline&#8220; background_color=&#8220;chino&#8220; align=&#8220;center&#8220; css=&#8220;.vc_custom_1621694198865{margin-bottom: 0px !important;}&#8220;][vc_column_text css=&#8220;&#8220;]<\/p>\n<p style=\"text-align: center;\">Men\u00fcs f\u00fcr organisierte Gruppen<\/p>\n<p>[\/vc_column_text][\/vc_column][vc_column width=&#8220;1\/5&#8243;][vc_icon icon_fontawesome=&#8220;fas fa-utensils&#8220; color=&#8220;chino&#8220; background_style=&#8220;rounded-outline&#8220; background_color=&#8220;chino&#8220; align=&#8220;center&#8220; css=&#8220;.vc_custom_1621694336709{margin-bottom: 0px !important;}&#8220;][vc_column_text css=&#8220;&#8220;]<\/p>\n<p style=\"text-align: center;\">Men\u00fc f\u00fcr Unvertr\u00e4gliche und Allergiker<\/p>\n<p>[\/vc_column_text][\/vc_column][vc_column width=&#8220;1\/5&#8243;][vc_icon icon_fontawesome=&#8220;fas fa-birthday-cake&#8220; color=&#8220;chino&#8220; background_style=&#8220;rounded-outline&#8220; background_color=&#8220;chino&#8220; align=&#8220;center&#8220; css=&#8220;.vc_custom_1621694454349{margin-bottom: 0px !important;}&#8220;][vc_column_text css=&#8220;&#8220;]<\/p>\n<p style=\"text-align: center;\">Bankett- und Festsaal<\/p>\n<p>[\/vc_column_text][\/vc_column][vc_column width=&#8220;1\/5&#8243;][vc_icon icon_fontawesome=&#8220;fas fa-pizza-slice&#8220; color=&#8220;chino&#8220; background_style=&#8220;rounded-outline&#8220; background_color=&#8220;chino&#8220; align=&#8220;center&#8220; css=&#8220;.vc_custom_1622726814750{margin-bottom: 0px !important;}&#8220;][vc_column_text css=&#8220;&#8220;]<\/p>\n<p style=\"text-align: center;\">Pizzeria mit holzbefeuertem Ofen<\/p>\n<p>[\/vc_column_text][\/vc_column][\/vc_row][vc_row content_placement=&#8220;middle&#8220;][vc_column][vc_empty_space][vc_media_grid element_width=&#8220;3&#8243; gap=&#8220;10&#8243; grid_id=&#8220;vc_gid:1749742489530-bc79bb2f-1fd1-10&#8243; include=&#8220;2065,2060,2067,2068,2061,2116,2117,2115,2108,2112,2113,2114,2105,2106,2107,2109,2110,2111,2069,2070&#8243;][\/vc_column][\/vc_row]<\/p>\n<\/div>","protected":false},"excerpt":{"rendered":"<p>[vc_row full_width=&#8220;stretch_row_content&#8220; css=&#8220;.vc_custom_1746800214956{background-color: #F1F1F1 !important;}&#8220;][vc_column css=&#8220;.vc_custom_1467207292391{margin-top: 10px !important;margin-bottom: 10px !important;padding-top: 0px !important;}&#8220;][vc_column_text css=&#8220;&#8220;][\/vc_column_text][\/vc_column][\/vc_row][vc_row][vc_column][vc_separator][\/vc_column][\/vc_row][vc_row][vc_column width=&#8220;1\/5&#8243;][vc_icon icon_fontawesome=&#8220;fas fa-fish&#8220; color=&#8220;chino&#8220; background_style=&#8220;rounded-outline&#8220; background_color=&#8220;chino&#8220; align=&#8220;center&#8220; css=&#8220;.vc_custom_1621694252633{margin-bottom: 0px !important;}&#8220;][vc_column_text css=&#8220;&#8220;] Immer frische Produkte [\/vc_column_text][\/vc_column][vc_column width=&#8220;1\/5&#8243;][vc_icon icon_fontawesome=&#8220;fas fa-users&#8220; color=&#8220;chino&#8220; background_style=&#8220;rounded-outline&#8220; background_color=&#8220;chino&#8220; align=&#8220;center&#8220; css=&#8220;.vc_custom_1621694198865{margin-bottom: 0px !important;}&#8220;][vc_column_text css=&#8220;&#8220;] Men\u00fcs f\u00fcr organisierte Gruppen [\/vc_column_text][\/vc_column][vc_column width=&#8220;1\/5&#8243;][vc_icon icon_fontawesome=&#8220;fas fa-utensils&#8220; color=&#8220;chino&#8220; background_style=&#8220;rounded-outline&#8220; background_color=&#8220;chino&#8220; align=&#8220;center&#8220; css=&#8220;.vc_custom_1621694336709{margin-bottom: 0px !important;}&#8220;][vc_column_text css=&#8220;&#8220;] [&hellip;]<\/p>\n","protected":false},"author":1,"featured_media":0,"parent":0,"menu_order":9,"comment_status":"closed","ping_status":"closed","template":"","meta":{"footnotes":""},"class_list":["post-2902","page","type-page","status-publish","hentry"],"yoast_head":"<!-- This site is optimized with the Yoast SEO plugin v27.4 - https:\/\/yoast.com\/product\/yoast-seo-wordpress\/ -->\n<title>Das Men\u00fc - Hotel Garden<\/title>\n<meta name=\"robots\" content=\"index, follow, max-snippet:-1, max-image-preview:large, max-video-preview:-1\" \/>\n<link rel=\"canonical\" href=\"https:\/\/www.hotel-garden.eu\/de\/das-menu\/\" \/>\n<meta property=\"og:locale\" content=\"de_DE\" \/>\n<meta property=\"og:type\" content=\"article\" \/>\n<meta property=\"og:title\" content=\"Das Men\u00fc - Hotel Garden\" \/>\n<meta property=\"og:description\" content=\"[vc_row full_width=&#8220;stretch_row_content&#8220; css=&#8220;.vc_custom_1746800214956{background-color: #F1F1F1 !important;}&#8220;][vc_column css=&#8220;.vc_custom_1467207292391{margin-top: 10px !important;margin-bottom: 10px !important;padding-top: 0px !important;}&#8220;][vc_column_text css=&#8220;&#8220;][\/vc_column_text][\/vc_column][\/vc_row][vc_row][vc_column][vc_separator][\/vc_column][\/vc_row][vc_row][vc_column width=&#8220;1\/5&#8243;][vc_icon icon_fontawesome=&#8220;fas fa-fish&#8220; color=&#8220;chino&#8220; background_style=&#8220;rounded-outline&#8220; background_color=&#8220;chino&#8220; align=&#8220;center&#8220; css=&#8220;.vc_custom_1621694252633{margin-bottom: 0px !important;}&#8220;][vc_column_text css=&#8220;&#8220;] Immer frische Produkte [\/vc_column_text][\/vc_column][vc_column width=&#8220;1\/5&#8243;][vc_icon icon_fontawesome=&#8220;fas fa-users&#8220; color=&#8220;chino&#8220; background_style=&#8220;rounded-outline&#8220; background_color=&#8220;chino&#8220; align=&#8220;center&#8220; css=&#8220;.vc_custom_1621694198865{margin-bottom: 0px !important;}&#8220;][vc_column_text css=&#8220;&#8220;] Men\u00fcs f\u00fcr organisierte Gruppen [\/vc_column_text][\/vc_column][vc_column width=&#8220;1\/5&#8243;][vc_icon icon_fontawesome=&#8220;fas fa-utensils&#8220; color=&#8220;chino&#8220; background_style=&#8220;rounded-outline&#8220; background_color=&#8220;chino&#8220; align=&#8220;center&#8220; css=&#8220;.vc_custom_1621694336709{margin-bottom: 0px !important;}&#8220;][vc_column_text css=&#8220;&#8220;] [&hellip;]\" \/>\n<meta property=\"og:url\" content=\"https:\/\/www.hotel-garden.eu\/de\/das-menu\/\" \/>\n<meta property=\"og:site_name\" content=\"Hotel Garden\" \/>\n<meta property=\"article:publisher\" content=\"https:\/\/www.facebook.com\/hotelristorantegardensangiovanni\" \/>\n<meta property=\"article:modified_time\" content=\"2025-06-12T15:35:31+00:00\" \/>\n<meta property=\"og:image\" content=\"https:\/\/www.hotel-garden.eu\/wp-content\/uploads\/2021\/05\/hg_1673.jpg\" \/>\n\t<meta property=\"og:image:width\" content=\"1920\" \/>\n\t<meta property=\"og:image:height\" content=\"1280\" \/>\n\t<meta property=\"og:image:type\" content=\"image\/jpeg\" \/>\n<meta name=\"twitter:card\" content=\"summary_large_image\" \/>\n<meta name=\"twitter:label1\" content=\"Gesch\u00e4tzte Lesezeit\" \/>\n\t<meta name=\"twitter:data1\" content=\"1\u00a0Minute\" \/>\n<script type=\"application\/ld+json\" class=\"yoast-schema-graph\">{\"@context\":\"https:\\\/\\\/schema.org\",\"@graph\":[{\"@type\":\"WebPage\",\"@id\":\"https:\\\/\\\/www.hotel-garden.eu\\\/de\\\/das-menu\\\/\",\"url\":\"https:\\\/\\\/www.hotel-garden.eu\\\/de\\\/das-menu\\\/\",\"name\":\"Das Men\u00fc - Hotel Garden\",\"isPartOf\":{\"@id\":\"https:\\\/\\\/www.hotel-garden.eu\\\/de\\\/#website\"},\"datePublished\":\"2025-05-09T11:05:33+00:00\",\"dateModified\":\"2025-06-12T15:35:31+00:00\",\"breadcrumb\":{\"@id\":\"https:\\\/\\\/www.hotel-garden.eu\\\/de\\\/das-menu\\\/#breadcrumb\"},\"inLanguage\":\"de\",\"potentialAction\":[{\"@type\":\"ReadAction\",\"target\":[\"https:\\\/\\\/www.hotel-garden.eu\\\/de\\\/das-menu\\\/\"]}]},{\"@type\":\"BreadcrumbList\",\"@id\":\"https:\\\/\\\/www.hotel-garden.eu\\\/de\\\/das-menu\\\/#breadcrumb\",\"itemListElement\":[{\"@type\":\"ListItem\",\"position\":1,\"name\":\"Home\",\"item\":\"https:\\\/\\\/www.hotel-garden.eu\\\/de\\\/\"},{\"@type\":\"ListItem\",\"position\":2,\"name\":\"Das Men\u00fc\"}]},{\"@type\":\"WebSite\",\"@id\":\"https:\\\/\\\/www.hotel-garden.eu\\\/de\\\/#website\",\"url\":\"https:\\\/\\\/www.hotel-garden.eu\\\/de\\\/\",\"name\":\"Hotel Garden - Hotel a San Giovanni Rotondo\",\"description\":\"Hotel a San Giovanni Rotondo\",\"publisher\":{\"@id\":\"https:\\\/\\\/www.hotel-garden.eu\\\/de\\\/#organization\"},\"potentialAction\":[{\"@type\":\"SearchAction\",\"target\":{\"@type\":\"EntryPoint\",\"urlTemplate\":\"https:\\\/\\\/www.hotel-garden.eu\\\/de\\\/?s={search_term_string}\"},\"query-input\":{\"@type\":\"PropertyValueSpecification\",\"valueRequired\":true,\"valueName\":\"search_term_string\"}}],\"inLanguage\":\"de\"},{\"@type\":\"Organization\",\"@id\":\"https:\\\/\\\/www.hotel-garden.eu\\\/de\\\/#organization\",\"name\":\"Hotel Garden\",\"url\":\"https:\\\/\\\/www.hotel-garden.eu\\\/de\\\/\",\"logo\":{\"@type\":\"ImageObject\",\"inLanguage\":\"de\",\"@id\":\"https:\\\/\\\/www.hotel-garden.eu\\\/de\\\/#\\\/schema\\\/logo\\\/image\\\/\",\"url\":\"https:\\\/\\\/www.hotel-garden.eu\\\/wp-content\\\/uploads\\\/2021\\\/05\\\/logo-hg.png\",\"contentUrl\":\"https:\\\/\\\/www.hotel-garden.eu\\\/wp-content\\\/uploads\\\/2021\\\/05\\\/logo-hg.png\",\"width\":500,\"height\":150,\"caption\":\"Hotel Garden\"},\"image\":{\"@id\":\"https:\\\/\\\/www.hotel-garden.eu\\\/de\\\/#\\\/schema\\\/logo\\\/image\\\/\"},\"sameAs\":[\"https:\\\/\\\/www.facebook.com\\\/hotelristorantegardensangiovanni\"]}]}<\/script>\n<!-- \/ Yoast SEO plugin. -->","yoast_head_json":{"title":"Das Men\u00fc - Hotel Garden","robots":{"index":"index","follow":"follow","max-snippet":"max-snippet:-1","max-image-preview":"max-image-preview:large","max-video-preview":"max-video-preview:-1"},"canonical":"https:\/\/www.hotel-garden.eu\/de\/das-menu\/","og_locale":"de_DE","og_type":"article","og_title":"Das Men\u00fc - Hotel Garden","og_description":"[vc_row full_width=&#8220;stretch_row_content&#8220; css=&#8220;.vc_custom_1746800214956{background-color: #F1F1F1 !important;}&#8220;][vc_column css=&#8220;.vc_custom_1467207292391{margin-top: 10px !important;margin-bottom: 10px !important;padding-top: 0px !important;}&#8220;][vc_column_text css=&#8220;&#8220;][\/vc_column_text][\/vc_column][\/vc_row][vc_row][vc_column][vc_separator][\/vc_column][\/vc_row][vc_row][vc_column width=&#8220;1\/5&#8243;][vc_icon icon_fontawesome=&#8220;fas fa-fish&#8220; color=&#8220;chino&#8220; background_style=&#8220;rounded-outline&#8220; background_color=&#8220;chino&#8220; align=&#8220;center&#8220; css=&#8220;.vc_custom_1621694252633{margin-bottom: 0px !important;}&#8220;][vc_column_text css=&#8220;&#8220;] Immer frische Produkte [\/vc_column_text][\/vc_column][vc_column width=&#8220;1\/5&#8243;][vc_icon icon_fontawesome=&#8220;fas fa-users&#8220; color=&#8220;chino&#8220; background_style=&#8220;rounded-outline&#8220; background_color=&#8220;chino&#8220; align=&#8220;center&#8220; css=&#8220;.vc_custom_1621694198865{margin-bottom: 0px !important;}&#8220;][vc_column_text css=&#8220;&#8220;] Men\u00fcs f\u00fcr organisierte Gruppen [\/vc_column_text][\/vc_column][vc_column width=&#8220;1\/5&#8243;][vc_icon icon_fontawesome=&#8220;fas fa-utensils&#8220; color=&#8220;chino&#8220; background_style=&#8220;rounded-outline&#8220; background_color=&#8220;chino&#8220; align=&#8220;center&#8220; css=&#8220;.vc_custom_1621694336709{margin-bottom: 0px !important;}&#8220;][vc_column_text css=&#8220;&#8220;] [&hellip;]","og_url":"https:\/\/www.hotel-garden.eu\/de\/das-menu\/","og_site_name":"Hotel Garden","article_publisher":"https:\/\/www.facebook.com\/hotelristorantegardensangiovanni","article_modified_time":"2025-06-12T15:35:31+00:00","og_image":[{"width":1920,"height":1280,"url":"https:\/\/www.hotel-garden.eu\/wp-content\/uploads\/2021\/05\/hg_1673.jpg","type":"image\/jpeg"}],"twitter_card":"summary_large_image","twitter_misc":{"Gesch\u00e4tzte Lesezeit":"1\u00a0Minute"},"schema":{"@context":"https:\/\/schema.org","@graph":[{"@type":"WebPage","@id":"https:\/\/www.hotel-garden.eu\/de\/das-menu\/","url":"https:\/\/www.hotel-garden.eu\/de\/das-menu\/","name":"Das Men\u00fc - Hotel Garden","isPartOf":{"@id":"https:\/\/www.hotel-garden.eu\/de\/#website"},"datePublished":"2025-05-09T11:05:33+00:00","dateModified":"2025-06-12T15:35:31+00:00","breadcrumb":{"@id":"https:\/\/www.hotel-garden.eu\/de\/das-menu\/#breadcrumb"},"inLanguage":"de","potentialAction":[{"@type":"ReadAction","target":["https:\/\/www.hotel-garden.eu\/de\/das-menu\/"]}]},{"@type":"BreadcrumbList","@id":"https:\/\/www.hotel-garden.eu\/de\/das-menu\/#breadcrumb","itemListElement":[{"@type":"ListItem","position":1,"name":"Home","item":"https:\/\/www.hotel-garden.eu\/de\/"},{"@type":"ListItem","position":2,"name":"Das Men\u00fc"}]},{"@type":"WebSite","@id":"https:\/\/www.hotel-garden.eu\/de\/#website","url":"https:\/\/www.hotel-garden.eu\/de\/","name":"Hotel Garden - Hotel a San Giovanni Rotondo","description":"Hotel a San Giovanni Rotondo","publisher":{"@id":"https:\/\/www.hotel-garden.eu\/de\/#organization"},"potentialAction":[{"@type":"SearchAction","target":{"@type":"EntryPoint","urlTemplate":"https:\/\/www.hotel-garden.eu\/de\/?s={search_term_string}"},"query-input":{"@type":"PropertyValueSpecification","valueRequired":true,"valueName":"search_term_string"}}],"inLanguage":"de"},{"@type":"Organization","@id":"https:\/\/www.hotel-garden.eu\/de\/#organization","name":"Hotel Garden","url":"https:\/\/www.hotel-garden.eu\/de\/","logo":{"@type":"ImageObject","inLanguage":"de","@id":"https:\/\/www.hotel-garden.eu\/de\/#\/schema\/logo\/image\/","url":"https:\/\/www.hotel-garden.eu\/wp-content\/uploads\/2021\/05\/logo-hg.png","contentUrl":"https:\/\/www.hotel-garden.eu\/wp-content\/uploads\/2021\/05\/logo-hg.png","width":500,"height":150,"caption":"Hotel Garden"},"image":{"@id":"https:\/\/www.hotel-garden.eu\/de\/#\/schema\/logo\/image\/"},"sameAs":["https:\/\/www.facebook.com\/hotelristorantegardensangiovanni"]}]}},"_links":{"self":[{"href":"https:\/\/www.hotel-garden.eu\/de\/wp-json\/wp\/v2\/pages\/2902","targetHints":{"allow":["GET"]}}],"collection":[{"href":"https:\/\/www.hotel-garden.eu\/de\/wp-json\/wp\/v2\/pages"}],"about":[{"href":"https:\/\/www.hotel-garden.eu\/de\/wp-json\/wp\/v2\/types\/page"}],"author":[{"embeddable":true,"href":"https:\/\/www.hotel-garden.eu\/de\/wp-json\/wp\/v2\/users\/1"}],"replies":[{"embeddable":true,"href":"https:\/\/www.hotel-garden.eu\/de\/wp-json\/wp\/v2\/comments?post=2902"}],"version-history":[{"count":0,"href":"https:\/\/www.hotel-garden.eu\/de\/wp-json\/wp\/v2\/pages\/2902\/revisions"}],"wp:attachment":[{"href":"https:\/\/www.hotel-garden.eu\/de\/wp-json\/wp\/v2\/media?parent=2902"}],"curies":[{"name":"wp","href":"https:\/\/api.w.org\/{rel}","templated":true}]}}