{"id":2851,"date":"2021-05-21T22:13:32","date_gmt":"2021-05-21T20:13:32","guid":{"rendered":"https:\/\/www.hotel-garden.eu\/?page_id=2851"},"modified":"2025-05-29T18:33:41","modified_gmt":"2025-05-29T16:33:41","slug":"hotel-garden","status":"publish","type":"page","link":"https:\/\/www.hotel-garden.eu\/fr\/hotel-garden\/","title":{"rendered":"H\u00f4tel"},"content":{"rendered":"<div class=\"wpb-content-wrapper\"><p>[vc_row][vc_column css=\u00a0\u00bb.vc_custom_1747824614726{margin-top: 10px !important;margin-bottom: 10px !important;padding-top: 0px !important;}\u00a0\u00bb] <h2 style=\"color:;padding:px;text-align:center;font-size:40px;line-height:50px;letter-spacing: px;font-weight:lighter\" class=\"  nd_options_text_align_center_responsive_important nd_options_first_font \">Bienvenue \u00e0 l'H\u00f4tel Garden \u00e0 San Giovanni Rotondo<\/h2> [vc_column_text css=\u00a0\u00bb\u00a0\u00bb el_class=\u00a0\u00bbnd_options_text_align_center_responsive\u00a0\u00bb]<\/p>\n<p style=\"text-align: center;\">L&rsquo;H\u00f4tel Restaurant Garden est situ\u00e9 \u00e0 San Giovanni Rotondo, sur la route de Foggia, dans une position panoramique avec une vue splendide sur les Tavoliere di Puglia et le golfe de Manfredonia en contrebas.<\/p>\n<p style=\"text-align: center;\">Il se trouve \u00e0 environ 2 km du couvent de Padre Pio et du centre-ville. Depuis l&rsquo;h\u00f4tel, il est possible de rejoindre le couvent de Saint Pio ou d&rsquo;autres destinations historico-religieuses.<\/p>\n<p style=\"text-align: center;\">Vous trouverez des meubles \u00e9l\u00e9gants, un service attentif et professionnel et une cuisine qui respecte les saveurs du Gargano ainsi que les sp\u00e9cialit\u00e9s nationales et internationales. Tout est men\u00e9 de main de ma\u00eetre par les propri\u00e9taires.<\/p>\n<p style=\"text-align: center;\">L&rsquo;H\u00f4tel Restaurant Garden vous attend!<\/p>\n<p>[\/vc_column_text][\/vc_column][\/vc_row][vc_row][vc_column][vc_separator][\/vc_column][\/vc_row][vc_row][vc_column width=\u00a0\u00bb1\/6&Prime;][vc_icon icon_fontawesome=\u00a0\u00bbfas fa-car\u00a0\u00bb color=\u00a0\u00bbchino\u00a0\u00bb background_style=\u00a0\u00bbrounded-outline\u00a0\u00bb background_color=\u00a0\u00bbchino\u00a0\u00bb align=\u00a0\u00bbcenter\u00a0\u00bb css=\u00a0\u00bb.vc_custom_1621693212713{margin-bottom: 0px !important;}\u00a0\u00bb][vc_column_text]<\/p>\n<p style=\"text-align: center;\">Grand parking<\/p>\n<p>[\/vc_column_text][\/vc_column][vc_column width=\u00a0\u00bb1\/6&Prime;][vc_icon icon_fontawesome=\u00a0\u00bbfas fa-tree\u00a0\u00bb color=\u00a0\u00bbchino\u00a0\u00bb background_style=\u00a0\u00bbrounded-outline\u00a0\u00bb background_color=\u00a0\u00bbchino\u00a0\u00bb align=\u00a0\u00bbcenter\u00a0\u00bb css=\u00a0\u00bb.vc_custom_1621693225895{margin-bottom: 0px !important;}\u00a0\u00bb][vc_column_text]<\/p>\n<p style=\"text-align: center;\">Jardin avec aire de pique-nique<\/p>\n<p>[\/vc_column_text][\/vc_column][vc_column width=\u00a0\u00bb1\/6&Prime;][vc_icon icon_fontawesome=\u00a0\u00bbfas fa-glass-cheers\u00a0\u00bb color=\u00a0\u00bbchino\u00a0\u00bb background_style=\u00a0\u00bbrounded-outline\u00a0\u00bb background_color=\u00a0\u00bbchino\u00a0\u00bb align=\u00a0\u00bbcenter\u00a0\u00bb css=\u00a0\u00bb.vc_custom_1621693232095{margin-bottom: 0px !important;}\u00a0\u00bb][vc_column_text]<\/p>\n<p style=\"text-align: center;\">Bar am\u00e9ricain<\/p>\n<p>[\/vc_column_text][\/vc_column][vc_column width=\u00a0\u00bb1\/6&Prime;][vc_icon icon_fontawesome=\u00a0\u00bbfas fa-utensils\u00a0\u00bb color=\u00a0\u00bbchino\u00a0\u00bb background_style=\u00a0\u00bbrounded-outline\u00a0\u00bb background_color=\u00a0\u00bbchino\u00a0\u00bb align=\u00a0\u00bbcenter\u00a0\u00bb css=\u00a0\u00bb.vc_custom_1621693238256{margin-bottom: 0px !important;}\u00a0\u00bb][vc_column_text]<\/p>\n<p style=\"text-align: center;\">Restaurant de l&rsquo;h\u00f4tel<\/p>\n<p>[\/vc_column_text][\/vc_column][vc_column width=\u00a0\u00bb1\/6&Prime;][vc_icon icon_fontawesome=\u00a0\u00bbfas fa-wifi\u00a0\u00bb color=\u00a0\u00bbchino\u00a0\u00bb background_style=\u00a0\u00bbrounded-outline\u00a0\u00bb background_color=\u00a0\u00bbchino\u00a0\u00bb align=\u00a0\u00bbcenter\u00a0\u00bb css=\u00a0\u00bb.vc_custom_1621693250397{margin-bottom: 0px !important;}\u00a0\u00bb][vc_column_text]<\/p>\n<p style=\"text-align: center;\">WiFi gratuit<\/p>\n<p>[\/vc_column_text][\/vc_column][vc_column width=\u00a0\u00bb1\/6&Prime;][vc_icon icon_fontawesome=\u00a0\u00bbfas fa-dog\u00a0\u00bb color=\u00a0\u00bbchino\u00a0\u00bb background_style=\u00a0\u00bbrounded-outline\u00a0\u00bb background_color=\u00a0\u00bbchino\u00a0\u00bb align=\u00a0\u00bbcenter\u00a0\u00bb css=\u00a0\u00bb.vc_custom_1621693244760{margin-bottom: 0px !important;}\u00a0\u00bb][vc_column_text]<\/p>\n<p style=\"text-align: center;\">Animaux autoris\u00e9s<\/p>\n<p>[\/vc_column_text][\/vc_column][\/vc_row][vc_row content_placement=\u00a0\u00bbmiddle\u00a0\u00bb][vc_column][vc_empty_space][vc_media_grid element_width=\u00a0\u00bb3&Prime; gap=\u00a0\u00bb10&Prime; grid_id=\u00a0\u00bbvc_gid:1748536380405-00a77031-95c9-2&Prime; include=\u00a0\u00bb2045,2044,2043,2042,2041,2040,2039,2038,2037,2036,2035,2034&Prime;][\/vc_column][\/vc_row]<\/p>\n<\/div>","protected":false},"excerpt":{"rendered":"<p>[vc_row][vc_column css=\u00a0\u00bb.vc_custom_1747824614726{margin-top: 10px !important;margin-bottom: 10px !important;padding-top: 0px !important;}\u00a0\u00bb][vc_column_text css=\u00a0\u00bb\u00a0\u00bb el_class=\u00a0\u00bbnd_options_text_align_center_responsive\u00a0\u00bb] L&rsquo;H\u00f4tel Restaurant Garden est situ\u00e9 \u00e0 San Giovanni Rotondo, sur la route de Foggia, dans une position panoramique avec une vue splendide sur les Tavoliere di Puglia et le golfe de Manfredonia en contrebas. Il se trouve \u00e0 environ 2 km du couvent de Padre [&hellip;]<\/p>\n","protected":false},"author":1,"featured_media":0,"parent":0,"menu_order":2,"comment_status":"closed","ping_status":"closed","template":"","meta":{"footnotes":""},"class_list":["post-2851","page","type-page","status-publish","hentry"],"yoast_head":"<!-- This site is optimized with the Yoast SEO plugin v27.4 - https:\/\/yoast.com\/product\/yoast-seo-wordpress\/ -->\n<title>H\u00f4tel - Hotel Garden<\/title>\n<meta name=\"description\" content=\"Le H\u00f4tel Garden propose un service attentionn\u00e9 et professionnel, une cuisine aux saveurs authentiques du Gargano ainsi que des sp\u00e9cialit\u00e9s nationales.\" \/>\n<meta name=\"robots\" content=\"index, follow, max-snippet:-1, max-image-preview:large, max-video-preview:-1\" \/>\n<link rel=\"canonical\" href=\"https:\/\/www.hotel-garden.eu\/fr\/hotel-garden\/\" \/>\n<meta property=\"og:locale\" content=\"fr_FR\" \/>\n<meta property=\"og:type\" content=\"article\" \/>\n<meta property=\"og:title\" content=\"H\u00f4tel - Hotel Garden\" \/>\n<meta property=\"og:description\" content=\"Le H\u00f4tel Garden propose un service attentionn\u00e9 et professionnel, une cuisine aux saveurs authentiques du Gargano ainsi que des sp\u00e9cialit\u00e9s nationales.\" \/>\n<meta property=\"og:url\" content=\"https:\/\/www.hotel-garden.eu\/fr\/hotel-garden\/\" \/>\n<meta property=\"og:site_name\" content=\"Hotel Garden\" \/>\n<meta property=\"article:publisher\" content=\"https:\/\/www.facebook.com\/hotelristorantegardensangiovanni\" \/>\n<meta property=\"article:modified_time\" content=\"2025-05-29T16:33:41+00:00\" \/>\n<meta property=\"og:image\" content=\"https:\/\/www.hotel-garden.eu\/wp-content\/uploads\/2021\/05\/hg_1673.jpg\" \/>\n\t<meta property=\"og:image:width\" content=\"1920\" \/>\n\t<meta property=\"og:image:height\" content=\"1280\" \/>\n\t<meta property=\"og:image:type\" content=\"image\/jpeg\" \/>\n<meta name=\"twitter:card\" content=\"summary_large_image\" \/>\n<meta name=\"twitter:label1\" content=\"Dur\u00e9e de lecture estim\u00e9e\" \/>\n\t<meta name=\"twitter:data1\" content=\"4 minutes\" \/>\n<script type=\"application\/ld+json\" class=\"yoast-schema-graph\">{\"@context\":\"https:\\\/\\\/schema.org\",\"@graph\":[{\"@type\":\"WebPage\",\"@id\":\"https:\\\/\\\/www.hotel-garden.eu\\\/fr\\\/hotel-garden\\\/\",\"url\":\"https:\\\/\\\/www.hotel-garden.eu\\\/fr\\\/hotel-garden\\\/\",\"name\":\"H\u00f4tel - Hotel Garden\",\"isPartOf\":{\"@id\":\"https:\\\/\\\/www.hotel-garden.eu\\\/fr\\\/#website\"},\"datePublished\":\"2021-05-21T20:13:32+00:00\",\"dateModified\":\"2025-05-29T16:33:41+00:00\",\"description\":\"Le H\u00f4tel Garden propose un service attentionn\u00e9 et professionnel, une cuisine aux saveurs authentiques du Gargano ainsi que des sp\u00e9cialit\u00e9s nationales.\",\"breadcrumb\":{\"@id\":\"https:\\\/\\\/www.hotel-garden.eu\\\/fr\\\/hotel-garden\\\/#breadcrumb\"},\"inLanguage\":\"fr-FR\",\"potentialAction\":[{\"@type\":\"ReadAction\",\"target\":[\"https:\\\/\\\/www.hotel-garden.eu\\\/fr\\\/hotel-garden\\\/\"]}]},{\"@type\":\"BreadcrumbList\",\"@id\":\"https:\\\/\\\/www.hotel-garden.eu\\\/fr\\\/hotel-garden\\\/#breadcrumb\",\"itemListElement\":[{\"@type\":\"ListItem\",\"position\":1,\"name\":\"Home\",\"item\":\"https:\\\/\\\/www.hotel-garden.eu\\\/fr\\\/\"},{\"@type\":\"ListItem\",\"position\":2,\"name\":\"H\u00f4tel\"}]},{\"@type\":\"WebSite\",\"@id\":\"https:\\\/\\\/www.hotel-garden.eu\\\/fr\\\/#website\",\"url\":\"https:\\\/\\\/www.hotel-garden.eu\\\/fr\\\/\",\"name\":\"Hotel Garden - Hotel a San Giovanni Rotondo\",\"description\":\"Hotel a San Giovanni Rotondo\",\"publisher\":{\"@id\":\"https:\\\/\\\/www.hotel-garden.eu\\\/fr\\\/#organization\"},\"potentialAction\":[{\"@type\":\"SearchAction\",\"target\":{\"@type\":\"EntryPoint\",\"urlTemplate\":\"https:\\\/\\\/www.hotel-garden.eu\\\/fr\\\/?s={search_term_string}\"},\"query-input\":{\"@type\":\"PropertyValueSpecification\",\"valueRequired\":true,\"valueName\":\"search_term_string\"}}],\"inLanguage\":\"fr-FR\"},{\"@type\":\"Organization\",\"@id\":\"https:\\\/\\\/www.hotel-garden.eu\\\/fr\\\/#organization\",\"name\":\"Hotel Garden\",\"url\":\"https:\\\/\\\/www.hotel-garden.eu\\\/fr\\\/\",\"logo\":{\"@type\":\"ImageObject\",\"inLanguage\":\"fr-FR\",\"@id\":\"https:\\\/\\\/www.hotel-garden.eu\\\/fr\\\/#\\\/schema\\\/logo\\\/image\\\/\",\"url\":\"https:\\\/\\\/www.hotel-garden.eu\\\/wp-content\\\/uploads\\\/2021\\\/05\\\/logo-hg.png\",\"contentUrl\":\"https:\\\/\\\/www.hotel-garden.eu\\\/wp-content\\\/uploads\\\/2021\\\/05\\\/logo-hg.png\",\"width\":500,\"height\":150,\"caption\":\"Hotel Garden\"},\"image\":{\"@id\":\"https:\\\/\\\/www.hotel-garden.eu\\\/fr\\\/#\\\/schema\\\/logo\\\/image\\\/\"},\"sameAs\":[\"https:\\\/\\\/www.facebook.com\\\/hotelristorantegardensangiovanni\"]}]}<\/script>\n<!-- \/ Yoast SEO plugin. -->","yoast_head_json":{"title":"H\u00f4tel - Hotel Garden","description":"Le H\u00f4tel Garden propose un service attentionn\u00e9 et professionnel, une cuisine aux saveurs authentiques du Gargano ainsi que des sp\u00e9cialit\u00e9s nationales.","robots":{"index":"index","follow":"follow","max-snippet":"max-snippet:-1","max-image-preview":"max-image-preview:large","max-video-preview":"max-video-preview:-1"},"canonical":"https:\/\/www.hotel-garden.eu\/fr\/hotel-garden\/","og_locale":"fr_FR","og_type":"article","og_title":"H\u00f4tel - Hotel Garden","og_description":"Le H\u00f4tel Garden propose un service attentionn\u00e9 et professionnel, une cuisine aux saveurs authentiques du Gargano ainsi que des sp\u00e9cialit\u00e9s nationales.","og_url":"https:\/\/www.hotel-garden.eu\/fr\/hotel-garden\/","og_site_name":"Hotel Garden","article_publisher":"https:\/\/www.facebook.com\/hotelristorantegardensangiovanni","article_modified_time":"2025-05-29T16:33:41+00:00","og_image":[{"width":1920,"height":1280,"url":"https:\/\/www.hotel-garden.eu\/wp-content\/uploads\/2021\/05\/hg_1673.jpg","type":"image\/jpeg"}],"twitter_card":"summary_large_image","twitter_misc":{"Dur\u00e9e de lecture estim\u00e9e":"4 minutes"},"schema":{"@context":"https:\/\/schema.org","@graph":[{"@type":"WebPage","@id":"https:\/\/www.hotel-garden.eu\/fr\/hotel-garden\/","url":"https:\/\/www.hotel-garden.eu\/fr\/hotel-garden\/","name":"H\u00f4tel - Hotel Garden","isPartOf":{"@id":"https:\/\/www.hotel-garden.eu\/fr\/#website"},"datePublished":"2021-05-21T20:13:32+00:00","dateModified":"2025-05-29T16:33:41+00:00","description":"Le H\u00f4tel Garden propose un service attentionn\u00e9 et professionnel, une cuisine aux saveurs authentiques du Gargano ainsi que des sp\u00e9cialit\u00e9s nationales.","breadcrumb":{"@id":"https:\/\/www.hotel-garden.eu\/fr\/hotel-garden\/#breadcrumb"},"inLanguage":"fr-FR","potentialAction":[{"@type":"ReadAction","target":["https:\/\/www.hotel-garden.eu\/fr\/hotel-garden\/"]}]},{"@type":"BreadcrumbList","@id":"https:\/\/www.hotel-garden.eu\/fr\/hotel-garden\/#breadcrumb","itemListElement":[{"@type":"ListItem","position":1,"name":"Home","item":"https:\/\/www.hotel-garden.eu\/fr\/"},{"@type":"ListItem","position":2,"name":"H\u00f4tel"}]},{"@type":"WebSite","@id":"https:\/\/www.hotel-garden.eu\/fr\/#website","url":"https:\/\/www.hotel-garden.eu\/fr\/","name":"Hotel Garden - Hotel a San Giovanni Rotondo","description":"Hotel a San Giovanni Rotondo","publisher":{"@id":"https:\/\/www.hotel-garden.eu\/fr\/#organization"},"potentialAction":[{"@type":"SearchAction","target":{"@type":"EntryPoint","urlTemplate":"https:\/\/www.hotel-garden.eu\/fr\/?s={search_term_string}"},"query-input":{"@type":"PropertyValueSpecification","valueRequired":true,"valueName":"search_term_string"}}],"inLanguage":"fr-FR"},{"@type":"Organization","@id":"https:\/\/www.hotel-garden.eu\/fr\/#organization","name":"Hotel Garden","url":"https:\/\/www.hotel-garden.eu\/fr\/","logo":{"@type":"ImageObject","inLanguage":"fr-FR","@id":"https:\/\/www.hotel-garden.eu\/fr\/#\/schema\/logo\/image\/","url":"https:\/\/www.hotel-garden.eu\/wp-content\/uploads\/2021\/05\/logo-hg.png","contentUrl":"https:\/\/www.hotel-garden.eu\/wp-content\/uploads\/2021\/05\/logo-hg.png","width":500,"height":150,"caption":"Hotel Garden"},"image":{"@id":"https:\/\/www.hotel-garden.eu\/fr\/#\/schema\/logo\/image\/"},"sameAs":["https:\/\/www.facebook.com\/hotelristorantegardensangiovanni"]}]}},"_links":{"self":[{"href":"https:\/\/www.hotel-garden.eu\/fr\/wp-json\/wp\/v2\/pages\/2851","targetHints":{"allow":["GET"]}}],"collection":[{"href":"https:\/\/www.hotel-garden.eu\/fr\/wp-json\/wp\/v2\/pages"}],"about":[{"href":"https:\/\/www.hotel-garden.eu\/fr\/wp-json\/wp\/v2\/types\/page"}],"author":[{"embeddable":true,"href":"https:\/\/www.hotel-garden.eu\/fr\/wp-json\/wp\/v2\/users\/1"}],"replies":[{"embeddable":true,"href":"https:\/\/www.hotel-garden.eu\/fr\/wp-json\/wp\/v2\/comments?post=2851"}],"version-history":[{"count":0,"href":"https:\/\/www.hotel-garden.eu\/fr\/wp-json\/wp\/v2\/pages\/2851\/revisions"}],"wp:attachment":[{"href":"https:\/\/www.hotel-garden.eu\/fr\/wp-json\/wp\/v2\/media?parent=2851"}],"curies":[{"name":"wp","href":"https:\/\/api.w.org\/{rel}","templated":true}]}}