{"id":2866,"date":"2025-05-21T16:25:05","date_gmt":"2025-05-21T14:25:05","guid":{"rendered":"https:\/\/www.hotel-garden.eu\/?page_id=2866"},"modified":"2025-06-03T17:52:51","modified_gmt":"2025-06-03T15:52:51","slug":"chambre","status":"publish","type":"page","link":"https:\/\/www.hotel-garden.eu\/fr\/chambre\/","title":{"rendered":"Chambre"},"content":{"rendered":"\t\t<div data-elementor-type=\"wp-page\" data-elementor-id=\"2866\" class=\"elementor elementor-2866 elementor-2347\" data-elementor-post-type=\"page\">\n\t\t\t\t<div class=\"elementor-element elementor-element-428e7e6 e-flex e-con-boxed e-con e-parent\" data-id=\"428e7e6\" data-element_type=\"container\" data-e-type=\"container\">\n\t\t\t\t\t<div class=\"e-con-inner\">\n\t\t\t\t<div class=\"elementor-element elementor-element-6364606 elementor-widget elementor-widget-heading\" data-id=\"6364606\" data-element_type=\"widget\" data-e-type=\"widget\" data-widget_type=\"heading.default\">\n\t\t\t\t<div class=\"elementor-widget-container\">\n\t\t\t\t\t<h2 class=\"elementor-heading-title elementor-size-default\">Chambres confortables et bien \u00e9quip\u00e9es<\/h2>\t\t\t\t<\/div>\n\t\t\t\t<\/div>\n\t\t\t\t<div class=\"elementor-element elementor-element-b7a5e28 elementor-widget elementor-widget-heading\" data-id=\"b7a5e28\" data-element_type=\"widget\" data-e-type=\"widget\" data-widget_type=\"heading.default\">\n\t\t\t\t<div class=\"elementor-widget-container\">\n\t\t\t\t\t<p class=\"elementor-heading-title elementor-size-default\">L'h\u00f4tel, de cat\u00e9gorie 3 \u00e9toiles, est r\u00e9cemment ouvert et dispose \u00e0 l'ext\u00e9rieur d'un grand parking r\u00e9serv\u00e9 aux voitures et aux autocars, d'un jardin avec une zone \u00e9quip\u00e9e et des v\u00e9randas.<br>\n\u00c0 l'int\u00e9rieur, il y a un grand hall de style moderne, une bo\u00eete \u00e0 souvenirs, un bar am\u00e9ricain et un restaurant pouvant accueillir environ 200 personnes.<br>\nL'h\u00f4tel dispose d'un ascenseur et de 37 chambres, dont 2 sont r\u00e9serv\u00e9es aux personnes handicap\u00e9es, pour un total d'environ 80 lits.<br>\nToutes les chambres sont confortables et bien meubl\u00e9es et disposent du chauffage, de la t\u00e9l\u00e9vision, de toilettes et d'une douche.<\/p>\t\t\t\t<\/div>\n\t\t\t\t<\/div>\n\t\t\t\t\t<\/div>\n\t\t\t\t<\/div>\n\t\t<div class=\"elementor-element elementor-element-ccb5c35 canvas-room-hg e-flex e-con-boxed e-con e-parent\" data-id=\"ccb5c35\" data-element_type=\"container\" data-e-type=\"container\">\n\t\t\t\t\t<div class=\"e-con-inner\">\n\t\t<div class=\"elementor-element elementor-element-b2fab93 e-con-full e-flex e-con e-child\" data-id=\"b2fab93\" data-element_type=\"container\" data-e-type=\"container\">\n\t\t\t\t<div class=\"elementor-element elementor-element-a746d6e elementor-position-top elementor-widget elementor-widget-image-box\" data-id=\"a746d6e\" data-element_type=\"widget\" data-e-type=\"widget\" data-widget_type=\"image-box.default\">\n\t\t\t\t<div class=\"elementor-widget-container\">\n\t\t\t\t\t<div class=\"elementor-image-box-wrapper\"><figure class=\"elementor-image-box-img\"><a href=\"\/fr\/chambre\/chambre-double\/\" tabindex=\"-1\"><img fetchpriority=\"high\" decoding=\"async\" width=\"700\" height=\"480\" src=\"https:\/\/www.hotel-garden.eu\/wp-content\/uploads\/2021\/05\/camere2.jpeg\" class=\"attachment-full size-full wp-image-2050\" alt=\"Hotel Garden\" srcset=\"https:\/\/www.hotel-garden.eu\/wp-content\/uploads\/2021\/05\/camere2.jpeg 700w, https:\/\/www.hotel-garden.eu\/wp-content\/uploads\/2021\/05\/camere2-300x206.jpeg 300w\" sizes=\"(max-width: 700px) 100vw, 700px\" \/><\/a><\/figure><div class=\"elementor-image-box-content\"><h3 class=\"elementor-image-box-title\"><a href=\"\/fr\/chambre\/chambre-double\/\">Chambre Double<\/a><\/h3><p class=\"elementor-image-box-description\">\u00c9l\u00e9gance et confort pour un s\u00e9jour accueillant et totalement serein.<\/p><\/div><\/div>\t\t\t\t<\/div>\n\t\t\t\t<\/div>\n\t\t\t\t<\/div>\n\t\t<div class=\"elementor-element elementor-element-6d0e550 e-con-full e-flex e-con e-child\" data-id=\"6d0e550\" data-element_type=\"container\" data-e-type=\"container\">\n\t\t\t\t<div class=\"elementor-element elementor-element-b3eb0b1 elementor-position-top elementor-widget elementor-widget-image-box\" data-id=\"b3eb0b1\" data-element_type=\"widget\" data-e-type=\"widget\" data-widget_type=\"image-box.default\">\n\t\t\t\t<div class=\"elementor-widget-container\">\n\t\t\t\t\t<div class=\"elementor-image-box-wrapper\"><figure class=\"elementor-image-box-img\"><a href=\"\/fr\/chambre\/chambre-triple\/\" tabindex=\"-1\"><img decoding=\"async\" width=\"700\" height=\"480\" src=\"https:\/\/www.hotel-garden.eu\/wp-content\/uploads\/2021\/05\/camere6.jpeg\" class=\"attachment-full size-full wp-image-2054\" alt=\"Hotel Garden\" srcset=\"https:\/\/www.hotel-garden.eu\/wp-content\/uploads\/2021\/05\/camere6.jpeg 700w, https:\/\/www.hotel-garden.eu\/wp-content\/uploads\/2021\/05\/camere6-300x206.jpeg 300w\" sizes=\"(max-width: 700px) 100vw, 700px\" \/><\/a><\/figure><div class=\"elementor-image-box-content\"><h3 class=\"elementor-image-box-title\"><a href=\"\/fr\/chambre\/chambre-triple\/\">Chambre Triple<\/a><\/h3><p class=\"elementor-image-box-description\">Spacieux et polyvalent, id\u00e9al pour partager le salon avec des amis, des proches ou des coll\u00e8gues.<\/p><\/div><\/div>\t\t\t\t<\/div>\n\t\t\t\t<\/div>\n\t\t\t\t<\/div>\n\t\t<div class=\"elementor-element elementor-element-f61d961 e-con-full e-flex e-con e-child\" data-id=\"f61d961\" data-element_type=\"container\" data-e-type=\"container\">\n\t\t\t\t<div class=\"elementor-element elementor-element-e63656b elementor-position-top elementor-widget elementor-widget-image-box\" data-id=\"e63656b\" data-element_type=\"widget\" data-e-type=\"widget\" data-widget_type=\"image-box.default\">\n\t\t\t\t<div class=\"elementor-widget-container\">\n\t\t\t\t\t<div class=\"elementor-image-box-wrapper\"><figure class=\"elementor-image-box-img\"><a href=\"\/fr\/chambre\/chambre-quadruple\/\" tabindex=\"-1\"><img decoding=\"async\" width=\"700\" height=\"480\" src=\"https:\/\/www.hotel-garden.eu\/wp-content\/uploads\/2021\/05\/camere7.jpeg\" class=\"attachment-full size-full wp-image-2053\" alt=\"Hotel Garden\" srcset=\"https:\/\/www.hotel-garden.eu\/wp-content\/uploads\/2021\/05\/camere7.jpeg 700w, https:\/\/www.hotel-garden.eu\/wp-content\/uploads\/2021\/05\/camere7-300x206.jpeg 300w\" sizes=\"(max-width: 700px) 100vw, 700px\" \/><\/a><\/figure><div class=\"elementor-image-box-content\"><h3 class=\"elementor-image-box-title\"><a href=\"\/fr\/chambre\/chambre-quadruple\/\">Chambre Quadruple<\/a><\/h3><p class=\"elementor-image-box-description\">Pratique et confortable, con\u00e7u pour accueillir jusqu'\u00e0 quatre personnes avec un maximum de confort.<\/p><\/div><\/div>\t\t\t\t<\/div>\n\t\t\t\t<\/div>\n\t\t\t\t<\/div>\n\t\t\t\t\t<\/div>\n\t\t\t\t<\/div>\n\t\t<div class=\"elementor-element elementor-element-a1503c5 e-flex e-con-boxed e-con e-parent\" data-id=\"a1503c5\" data-element_type=\"container\" data-e-type=\"container\" data-settings=\"{&quot;background_background&quot;:&quot;classic&quot;}\">\n\t\t\t\t\t<div class=\"e-con-inner\">\n\t\t<div class=\"elementor-element elementor-element-b84b0b6 e-flex e-con-boxed e-con e-child\" data-id=\"b84b0b6\" data-element_type=\"container\" data-e-type=\"container\" data-settings=\"{&quot;shape_divider_top&quot;:&quot;split&quot;}\">\n\t\t\t\t\t<div class=\"e-con-inner\">\n\t\t\t\t<div class=\"elementor-shape elementor-shape-top\" aria-hidden=\"true\" data-negative=\"false\">\n\t\t\t<svg xmlns=\"http:\/\/www.w3.org\/2000\/svg\" viewBox=\"0 0 1000 20\" preserveAspectRatio=\"none\">\n\t<path class=\"elementor-shape-fill\" d=\"M0,0v3c0,0,393.8,0,483.4,0c9.2,0,16.6,7.4,16.6,16.6c0-9.1,7.4-16.6,16.6-16.6C606.2,3,1000,3,1000,3V0H0z\"\/>\n<\/svg>\t\t<\/div>\n\t\t<div class=\"elementor-element elementor-element-bd6c2f4 e-con-full e-flex e-con e-child\" data-id=\"bd6c2f4\" data-element_type=\"container\" data-e-type=\"container\">\n\t\t\t\t<div class=\"elementor-element elementor-element-5b0c7ab elementor-position-top elementor-widget elementor-widget-image-box\" data-id=\"5b0c7ab\" data-element_type=\"widget\" data-e-type=\"widget\" data-widget_type=\"image-box.default\">\n\t\t\t\t<div class=\"elementor-widget-container\">\n\t\t\t\t\t<div class=\"elementor-image-box-wrapper\"><figure class=\"elementor-image-box-img\"><img loading=\"lazy\" decoding=\"async\" width=\"100\" height=\"100\" src=\"https:\/\/www.hotel-garden.eu\/wp-content\/uploads\/2025\/05\/service-nosmoking.png\" class=\"attachment-full size-full wp-image-2255\" alt=\"\" \/><\/figure><div class=\"elementor-image-box-content\"><h3 class=\"elementor-image-box-title\">Chambres non-fumeurs<\/h3><\/div><\/div>\t\t\t\t<\/div>\n\t\t\t\t<\/div>\n\t\t\t\t<\/div>\n\t\t<div class=\"elementor-element elementor-element-10fd55e e-con-full e-flex e-con e-child\" data-id=\"10fd55e\" data-element_type=\"container\" data-e-type=\"container\">\n\t\t\t\t<div class=\"elementor-element elementor-element-71b4247 elementor-position-top elementor-widget elementor-widget-image-box\" data-id=\"71b4247\" data-element_type=\"widget\" data-e-type=\"widget\" data-widget_type=\"image-box.default\">\n\t\t\t\t<div class=\"elementor-widget-container\">\n\t\t\t\t\t<div class=\"elementor-image-box-wrapper\"><figure class=\"elementor-image-box-img\"><img loading=\"lazy\" decoding=\"async\" width=\"100\" height=\"100\" src=\"https:\/\/www.hotel-garden.eu\/wp-content\/uploads\/2025\/05\/service-familiare.png\" class=\"attachment-full size-full wp-image-2254\" alt=\"\" \/><\/figure><div class=\"elementor-image-box-content\"><h3 class=\"elementor-image-box-title\">Disponible toute l'ann\u00e9e<\/h3><\/div><\/div>\t\t\t\t<\/div>\n\t\t\t\t<\/div>\n\t\t\t\t<\/div>\n\t\t<div class=\"elementor-element elementor-element-6a1c101 e-con-full e-flex e-con e-child\" data-id=\"6a1c101\" data-element_type=\"container\" data-e-type=\"container\">\n\t\t\t\t<div class=\"elementor-element elementor-element-acbf6f6 elementor-position-top elementor-widget elementor-widget-image-box\" data-id=\"acbf6f6\" data-element_type=\"widget\" data-e-type=\"widget\" data-widget_type=\"image-box.default\">\n\t\t\t\t<div class=\"elementor-widget-container\">\n\t\t\t\t\t<div class=\"elementor-image-box-wrapper\"><figure class=\"elementor-image-box-img\"><img loading=\"lazy\" decoding=\"async\" width=\"100\" height=\"100\" src=\"https:\/\/www.hotel-garden.eu\/wp-content\/uploads\/2025\/05\/service-disabili.png\" class=\"attachment-full size-full wp-image-2253\" alt=\"\" \/><\/figure><div class=\"elementor-image-box-content\"><h3 class=\"elementor-image-box-title\">Chambres pour personnes handicap\u00e9es<\/h3><\/div><\/div>\t\t\t\t<\/div>\n\t\t\t\t<\/div>\n\t\t\t\t<\/div>\n\t\t<div class=\"elementor-element elementor-element-8f48b69 e-con-full e-flex e-con e-child\" data-id=\"8f48b69\" data-element_type=\"container\" data-e-type=\"container\">\n\t\t\t\t<div class=\"elementor-element elementor-element-c8662bd elementor-position-top elementor-widget elementor-widget-image-box\" data-id=\"c8662bd\" data-element_type=\"widget\" data-e-type=\"widget\" data-widget_type=\"image-box.default\">\n\t\t\t\t<div class=\"elementor-widget-container\">\n\t\t\t\t\t<div class=\"elementor-image-box-wrapper\"><figure class=\"elementor-image-box-img\"><img loading=\"lazy\" decoding=\"async\" width=\"100\" height=\"100\" src=\"https:\/\/www.hotel-garden.eu\/wp-content\/uploads\/2025\/05\/service-animali.png\" class=\"attachment-full size-full wp-image-2252\" alt=\"\" \/><\/figure><div class=\"elementor-image-box-content\"><h3 class=\"elementor-image-box-title\">Animaux autoris\u00e9s<\/h3><\/div><\/div>\t\t\t\t<\/div>\n\t\t\t\t<\/div>\n\t\t\t\t<\/div>\n\t\t<div class=\"elementor-element elementor-element-0d47ca9 e-con-full e-flex e-con e-child\" data-id=\"0d47ca9\" data-element_type=\"container\" data-e-type=\"container\">\n\t\t\t\t<div class=\"elementor-element elementor-element-4bbcd91 elementor-position-top elementor-widget elementor-widget-image-box\" data-id=\"4bbcd91\" data-element_type=\"widget\" data-e-type=\"widget\" data-widget_type=\"image-box.default\">\n\t\t\t\t<div class=\"elementor-widget-container\">\n\t\t\t\t\t<div class=\"elementor-image-box-wrapper\"><figure class=\"elementor-image-box-img\"><img loading=\"lazy\" decoding=\"async\" width=\"107\" height=\"107\" src=\"https:\/\/www.hotel-garden.eu\/wp-content\/uploads\/2025\/05\/service-wifi.png\" class=\"attachment-full size-full wp-image-2256\" alt=\"\" \/><\/figure><div class=\"elementor-image-box-content\"><h3 class=\"elementor-image-box-title\">WiFi gratuit<\/h3><\/div><\/div>\t\t\t\t<\/div>\n\t\t\t\t<\/div>\n\t\t\t\t<\/div>\n\t\t\t\t\t<\/div>\n\t\t\t\t<\/div>\n\t\t\t\t\t<\/div>\n\t\t\t\t<\/div>\n\t\t<div class=\"elementor-element elementor-element-e69bfb4 e-con-full e-flex e-con e-parent\" data-id=\"e69bfb4\" data-element_type=\"container\" data-e-type=\"container\" data-settings=\"{&quot;background_background&quot;:&quot;classic&quot;}\">\n\t\t\t\t<div class=\"elementor-element elementor-element-3e44a51 elementor-widget elementor-widget-heading\" data-id=\"3e44a51\" data-element_type=\"widget\" data-e-type=\"widget\" data-widget_type=\"heading.default\">\n\t\t\t\t<div class=\"elementor-widget-container\">\n\t\t\t\t\t<h4 class=\"elementor-heading-title elementor-size-default\">Vous voyagez avec votre ami \u00e0 quatre pattes ?<\/h4>\t\t\t\t<\/div>\n\t\t\t\t<\/div>\n\t\t\t\t<div class=\"elementor-element elementor-element-43cbf53 elementor-widget elementor-widget-heading\" data-id=\"43cbf53\" data-element_type=\"widget\" data-e-type=\"widget\" data-widget_type=\"heading.default\">\n\t\t\t\t<div class=\"elementor-widget-container\">\n\t\t\t\t\t<p class=\"elementor-heading-title elementor-size-default\">Choisissez notre h\u00f4tel et ne manquez pas l'occasion de voyager avec votre fid\u00e8le compagnon!<\/p>\t\t\t\t<\/div>\n\t\t\t\t<\/div>\n\t\t\t\t<div class=\"elementor-element elementor-element-a1a2efb link-bold elementor-widget elementor-widget-heading\" data-id=\"a1a2efb\" data-element_type=\"widget\" data-e-type=\"widget\" data-widget_type=\"heading.default\">\n\t\t\t\t<div class=\"elementor-widget-container\">\n\t\t\t\t\t<h3 class=\"elementor-heading-title elementor-size-default\"><a href=\"https:\/\/www.hotel-garden.eu\/hotel-garden-accetta-animali\/\">Cliquez ici et d\u00e9couvrez toutes les informations \u00bb<\/a><\/h3>\t\t\t\t<\/div>\n\t\t\t\t<\/div>\n\t\t\t\t<\/div>\n\t\t\t\t<\/div>\n\t\t","protected":false},"excerpt":{"rendered":"<p>Chambres confortables et bien \u00e9quip\u00e9es L&rsquo;h\u00f4tel, de cat\u00e9gorie 3 \u00e9toiles, est r\u00e9cemment ouvert et dispose \u00e0 l&rsquo;ext\u00e9rieur d&rsquo;un grand parking r\u00e9serv\u00e9 aux voitures et aux autocars, d&rsquo;un jardin avec une zone \u00e9quip\u00e9e et des v\u00e9randas. \u00c0 l&rsquo;int\u00e9rieur, il y a un grand hall de style moderne, une bo\u00eete \u00e0 souvenirs, un bar am\u00e9ricain et un [&hellip;]<\/p>\n","protected":false},"author":1,"featured_media":0,"parent":0,"menu_order":3,"comment_status":"closed","ping_status":"closed","template":"","meta":{"footnotes":""},"class_list":["post-2866","page","type-page","status-publish","hentry"],"yoast_head":"<!-- This site is optimized with the Yoast SEO plugin v27.4 - https:\/\/yoast.com\/product\/yoast-seo-wordpress\/ -->\n<title>Chambre - Hotel Garden<\/title>\n<meta name=\"description\" content=\"L&#039;H\u00f4tel Garden est un h\u00f4tel 3 \u00e9toiles et dispose d&#039;un grand hall de style moderne, d&#039;une bo\u00eete \u00e0 souvenirs, d&#039;un bar am\u00e9ricain et d&#039;un restaurant d&#039;environ 200 places.\" \/>\n<meta name=\"robots\" content=\"index, follow, max-snippet:-1, max-image-preview:large, max-video-preview:-1\" \/>\n<link rel=\"canonical\" href=\"https:\/\/www.hotel-garden.eu\/fr\/chambre\/\" \/>\n<meta property=\"og:locale\" content=\"fr_FR\" \/>\n<meta property=\"og:type\" content=\"article\" \/>\n<meta property=\"og:title\" content=\"Chambre - Hotel Garden\" \/>\n<meta property=\"og:description\" content=\"L&#039;H\u00f4tel Garden est un h\u00f4tel 3 \u00e9toiles et dispose d&#039;un grand hall de style moderne, d&#039;une bo\u00eete \u00e0 souvenirs, d&#039;un bar am\u00e9ricain et d&#039;un restaurant d&#039;environ 200 places.\" \/>\n<meta property=\"og:url\" content=\"https:\/\/www.hotel-garden.eu\/fr\/chambre\/\" \/>\n<meta property=\"og:site_name\" content=\"Hotel Garden\" \/>\n<meta property=\"article:publisher\" content=\"https:\/\/www.facebook.com\/hotelristorantegardensangiovanni\" \/>\n<meta property=\"article:modified_time\" content=\"2025-06-03T15:52:51+00:00\" \/>\n<meta property=\"og:image\" content=\"https:\/\/www.hotel-garden.eu\/wp-content\/uploads\/2021\/05\/camere2.jpeg\" \/>\n<meta name=\"twitter:card\" content=\"summary_large_image\" \/>\n<meta name=\"twitter:label1\" content=\"Dur\u00e9e de lecture estim\u00e9e\" \/>\n\t<meta name=\"twitter:data1\" content=\"3 minutes\" \/>\n<script type=\"application\/ld+json\" class=\"yoast-schema-graph\">{\"@context\":\"https:\\\/\\\/schema.org\",\"@graph\":[{\"@type\":\"WebPage\",\"@id\":\"https:\\\/\\\/www.hotel-garden.eu\\\/fr\\\/chambre\\\/\",\"url\":\"https:\\\/\\\/www.hotel-garden.eu\\\/fr\\\/chambre\\\/\",\"name\":\"Chambre - Hotel Garden\",\"isPartOf\":{\"@id\":\"https:\\\/\\\/www.hotel-garden.eu\\\/fr\\\/#website\"},\"primaryImageOfPage\":{\"@id\":\"https:\\\/\\\/www.hotel-garden.eu\\\/fr\\\/chambre\\\/#primaryimage\"},\"image\":{\"@id\":\"https:\\\/\\\/www.hotel-garden.eu\\\/fr\\\/chambre\\\/#primaryimage\"},\"thumbnailUrl\":\"https:\\\/\\\/www.hotel-garden.eu\\\/wp-content\\\/uploads\\\/2021\\\/05\\\/camere2.jpeg\",\"datePublished\":\"2025-05-21T14:25:05+00:00\",\"dateModified\":\"2025-06-03T15:52:51+00:00\",\"description\":\"L'H\u00f4tel Garden est un h\u00f4tel 3 \u00e9toiles et dispose d'un grand hall de style moderne, d'une bo\u00eete \u00e0 souvenirs, d'un bar am\u00e9ricain et d'un restaurant d'environ 200 places.\",\"breadcrumb\":{\"@id\":\"https:\\\/\\\/www.hotel-garden.eu\\\/fr\\\/chambre\\\/#breadcrumb\"},\"inLanguage\":\"fr-FR\",\"potentialAction\":[{\"@type\":\"ReadAction\",\"target\":[\"https:\\\/\\\/www.hotel-garden.eu\\\/fr\\\/chambre\\\/\"]}]},{\"@type\":\"ImageObject\",\"inLanguage\":\"fr-FR\",\"@id\":\"https:\\\/\\\/www.hotel-garden.eu\\\/fr\\\/chambre\\\/#primaryimage\",\"url\":\"https:\\\/\\\/www.hotel-garden.eu\\\/wp-content\\\/uploads\\\/2021\\\/05\\\/camere2.jpeg\",\"contentUrl\":\"https:\\\/\\\/www.hotel-garden.eu\\\/wp-content\\\/uploads\\\/2021\\\/05\\\/camere2.jpeg\"},{\"@type\":\"BreadcrumbList\",\"@id\":\"https:\\\/\\\/www.hotel-garden.eu\\\/fr\\\/chambre\\\/#breadcrumb\",\"itemListElement\":[{\"@type\":\"ListItem\",\"position\":1,\"name\":\"Home\",\"item\":\"https:\\\/\\\/www.hotel-garden.eu\\\/fr\\\/\"},{\"@type\":\"ListItem\",\"position\":2,\"name\":\"Chambre\"}]},{\"@type\":\"WebSite\",\"@id\":\"https:\\\/\\\/www.hotel-garden.eu\\\/fr\\\/#website\",\"url\":\"https:\\\/\\\/www.hotel-garden.eu\\\/fr\\\/\",\"name\":\"Hotel Garden - Hotel a San Giovanni Rotondo\",\"description\":\"Hotel a San Giovanni Rotondo\",\"publisher\":{\"@id\":\"https:\\\/\\\/www.hotel-garden.eu\\\/fr\\\/#organization\"},\"potentialAction\":[{\"@type\":\"SearchAction\",\"target\":{\"@type\":\"EntryPoint\",\"urlTemplate\":\"https:\\\/\\\/www.hotel-garden.eu\\\/fr\\\/?s={search_term_string}\"},\"query-input\":{\"@type\":\"PropertyValueSpecification\",\"valueRequired\":true,\"valueName\":\"search_term_string\"}}],\"inLanguage\":\"fr-FR\"},{\"@type\":\"Organization\",\"@id\":\"https:\\\/\\\/www.hotel-garden.eu\\\/fr\\\/#organization\",\"name\":\"Hotel Garden\",\"url\":\"https:\\\/\\\/www.hotel-garden.eu\\\/fr\\\/\",\"logo\":{\"@type\":\"ImageObject\",\"inLanguage\":\"fr-FR\",\"@id\":\"https:\\\/\\\/www.hotel-garden.eu\\\/fr\\\/#\\\/schema\\\/logo\\\/image\\\/\",\"url\":\"https:\\\/\\\/www.hotel-garden.eu\\\/wp-content\\\/uploads\\\/2021\\\/05\\\/logo-hg.png\",\"contentUrl\":\"https:\\\/\\\/www.hotel-garden.eu\\\/wp-content\\\/uploads\\\/2021\\\/05\\\/logo-hg.png\",\"width\":500,\"height\":150,\"caption\":\"Hotel Garden\"},\"image\":{\"@id\":\"https:\\\/\\\/www.hotel-garden.eu\\\/fr\\\/#\\\/schema\\\/logo\\\/image\\\/\"},\"sameAs\":[\"https:\\\/\\\/www.facebook.com\\\/hotelristorantegardensangiovanni\"]}]}<\/script>\n<!-- \/ Yoast SEO plugin. -->","yoast_head_json":{"title":"Chambre - Hotel Garden","description":"L'H\u00f4tel Garden est un h\u00f4tel 3 \u00e9toiles et dispose d'un grand hall de style moderne, d'une bo\u00eete \u00e0 souvenirs, d'un bar am\u00e9ricain et d'un restaurant d'environ 200 places.","robots":{"index":"index","follow":"follow","max-snippet":"max-snippet:-1","max-image-preview":"max-image-preview:large","max-video-preview":"max-video-preview:-1"},"canonical":"https:\/\/www.hotel-garden.eu\/fr\/chambre\/","og_locale":"fr_FR","og_type":"article","og_title":"Chambre - Hotel Garden","og_description":"L'H\u00f4tel Garden est un h\u00f4tel 3 \u00e9toiles et dispose d'un grand hall de style moderne, d'une bo\u00eete \u00e0 souvenirs, d'un bar am\u00e9ricain et d'un restaurant d'environ 200 places.","og_url":"https:\/\/www.hotel-garden.eu\/fr\/chambre\/","og_site_name":"Hotel Garden","article_publisher":"https:\/\/www.facebook.com\/hotelristorantegardensangiovanni","article_modified_time":"2025-06-03T15:52:51+00:00","og_image":[{"url":"https:\/\/www.hotel-garden.eu\/wp-content\/uploads\/2021\/05\/camere2.jpeg","type":"","width":"","height":""}],"twitter_card":"summary_large_image","twitter_misc":{"Dur\u00e9e de lecture estim\u00e9e":"3 minutes"},"schema":{"@context":"https:\/\/schema.org","@graph":[{"@type":"WebPage","@id":"https:\/\/www.hotel-garden.eu\/fr\/chambre\/","url":"https:\/\/www.hotel-garden.eu\/fr\/chambre\/","name":"Chambre - Hotel Garden","isPartOf":{"@id":"https:\/\/www.hotel-garden.eu\/fr\/#website"},"primaryImageOfPage":{"@id":"https:\/\/www.hotel-garden.eu\/fr\/chambre\/#primaryimage"},"image":{"@id":"https:\/\/www.hotel-garden.eu\/fr\/chambre\/#primaryimage"},"thumbnailUrl":"https:\/\/www.hotel-garden.eu\/wp-content\/uploads\/2021\/05\/camere2.jpeg","datePublished":"2025-05-21T14:25:05+00:00","dateModified":"2025-06-03T15:52:51+00:00","description":"L'H\u00f4tel Garden est un h\u00f4tel 3 \u00e9toiles et dispose d'un grand hall de style moderne, d'une bo\u00eete \u00e0 souvenirs, d'un bar am\u00e9ricain et d'un restaurant d'environ 200 places.","breadcrumb":{"@id":"https:\/\/www.hotel-garden.eu\/fr\/chambre\/#breadcrumb"},"inLanguage":"fr-FR","potentialAction":[{"@type":"ReadAction","target":["https:\/\/www.hotel-garden.eu\/fr\/chambre\/"]}]},{"@type":"ImageObject","inLanguage":"fr-FR","@id":"https:\/\/www.hotel-garden.eu\/fr\/chambre\/#primaryimage","url":"https:\/\/www.hotel-garden.eu\/wp-content\/uploads\/2021\/05\/camere2.jpeg","contentUrl":"https:\/\/www.hotel-garden.eu\/wp-content\/uploads\/2021\/05\/camere2.jpeg"},{"@type":"BreadcrumbList","@id":"https:\/\/www.hotel-garden.eu\/fr\/chambre\/#breadcrumb","itemListElement":[{"@type":"ListItem","position":1,"name":"Home","item":"https:\/\/www.hotel-garden.eu\/fr\/"},{"@type":"ListItem","position":2,"name":"Chambre"}]},{"@type":"WebSite","@id":"https:\/\/www.hotel-garden.eu\/fr\/#website","url":"https:\/\/www.hotel-garden.eu\/fr\/","name":"Hotel Garden - Hotel a San Giovanni Rotondo","description":"Hotel a San Giovanni Rotondo","publisher":{"@id":"https:\/\/www.hotel-garden.eu\/fr\/#organization"},"potentialAction":[{"@type":"SearchAction","target":{"@type":"EntryPoint","urlTemplate":"https:\/\/www.hotel-garden.eu\/fr\/?s={search_term_string}"},"query-input":{"@type":"PropertyValueSpecification","valueRequired":true,"valueName":"search_term_string"}}],"inLanguage":"fr-FR"},{"@type":"Organization","@id":"https:\/\/www.hotel-garden.eu\/fr\/#organization","name":"Hotel Garden","url":"https:\/\/www.hotel-garden.eu\/fr\/","logo":{"@type":"ImageObject","inLanguage":"fr-FR","@id":"https:\/\/www.hotel-garden.eu\/fr\/#\/schema\/logo\/image\/","url":"https:\/\/www.hotel-garden.eu\/wp-content\/uploads\/2021\/05\/logo-hg.png","contentUrl":"https:\/\/www.hotel-garden.eu\/wp-content\/uploads\/2021\/05\/logo-hg.png","width":500,"height":150,"caption":"Hotel Garden"},"image":{"@id":"https:\/\/www.hotel-garden.eu\/fr\/#\/schema\/logo\/image\/"},"sameAs":["https:\/\/www.facebook.com\/hotelristorantegardensangiovanni"]}]}},"_links":{"self":[{"href":"https:\/\/www.hotel-garden.eu\/fr\/wp-json\/wp\/v2\/pages\/2866","targetHints":{"allow":["GET"]}}],"collection":[{"href":"https:\/\/www.hotel-garden.eu\/fr\/wp-json\/wp\/v2\/pages"}],"about":[{"href":"https:\/\/www.hotel-garden.eu\/fr\/wp-json\/wp\/v2\/types\/page"}],"author":[{"embeddable":true,"href":"https:\/\/www.hotel-garden.eu\/fr\/wp-json\/wp\/v2\/users\/1"}],"replies":[{"embeddable":true,"href":"https:\/\/www.hotel-garden.eu\/fr\/wp-json\/wp\/v2\/comments?post=2866"}],"version-history":[{"count":0,"href":"https:\/\/www.hotel-garden.eu\/fr\/wp-json\/wp\/v2\/pages\/2866\/revisions"}],"wp:attachment":[{"href":"https:\/\/www.hotel-garden.eu\/fr\/wp-json\/wp\/v2\/media?parent=2866"}],"curies":[{"name":"wp","href":"https:\/\/api.w.org\/{rel}","templated":true}]}}