{"id":2871,"date":"2021-05-22T16:30:49","date_gmt":"2021-05-22T14:30:49","guid":{"rendered":"https:\/\/www.hotel-garden.eu\/?page_id=2871"},"modified":"2025-06-04T11:09:28","modified_gmt":"2025-06-04T09:09:28","slug":"restaurant-pizzeria","status":"publish","type":"page","link":"https:\/\/www.hotel-garden.eu\/fr\/restaurant-pizzeria\/","title":{"rendered":"Restaurant &#038; Pizzeria"},"content":{"rendered":"<div class=\"wpb-content-wrapper\"><p>[vc_row css=\u00a0\u00bb.vc_custom_1748428876223{padding-top: 50px !important;}\u00a0\u00bb][vc_column width=\u00a0\u00bb4\/12&Prime; css=\u00a0\u00bb.vc_custom_1467360650255{margin-top: 10px !important;margin-bottom: 10px !important;padding-top: 0px !important;padding-right: 40px !important;}\u00a0\u00bb][vc_single_image image=\u00a0\u00bb2191&Prime; img_size=\u00a0\u00bblarge\u00a0\u00bb alignment=\u00a0\u00bbright\u00a0\u00bb css=\u00a0\u00bb\u00a0\u00bb el_class=\u00a0\u00bbnd_options_text_align_center_responsive_important\u00a0\u00bb][\/vc_column][vc_column width=\u00a0\u00bb8\/12&Prime; css=\u00a0\u00bb.vc_custom_1467207292391{margin-top: 10px !important;margin-bottom: 10px !important;padding-top: 0px !important;}\u00a0\u00bb] <h2 style=\"color:;padding:px;text-align:;font-size:40px;line-height:50px;letter-spacing: px;font-weight:lighter\" class=\"  nd_options_text_align_center_responsive_important nd_options_first_font \">Plats aux saveurs typiques li\u00e9es aux traditions des Pouilles<\/h2> [vc_column_text css=\u00a0\u00bb\u00a0\u00bb el_class=\u00a0\u00bbnd_options_text_align_center_responsive\u00a0\u00bb]Notre restaurant propose une cuisine de qualit\u00e9 avec le souci du d\u00e9tail. \u00c0 table, vous trouverez le plaisir d&rsquo;\u00eatre ensemble et l&rsquo;ambiance id\u00e9ale pour toute occasion.<\/p>\n<p>Le chef Matteo Quitadamo transmet son caract\u00e8re joyeux et optimiste \u00e0 ses plats. L&rsquo;art de la cuisine va de pair avec l&rsquo;esth\u00e9tique de la pr\u00e9sentation : plaisir du go\u00fbt et plaisir du regard s\u00e9duit par les couleurs et les formes savamment juxtapos\u00e9es.<\/p>\n<p>L&rsquo;authenticit\u00e9 et la fra\u00eecheur recherch\u00e9es avec soin et attention sont au rendez-vous. Les recettes simples et riches en originalit\u00e9 sont li\u00e9es \u00e0 la tradition du Gargano. Dans les menus \u00e0 la carte comme dans les buffets, nous recherchons la qualit\u00e9. Chaque jour, un menu avec un choix de trois plats diff\u00e9rents est propos\u00e9 pour le d\u00e9jeuner et le d\u00eener.<\/p>\n<p>Notre pizzeria, avec son four \u00e0 bois traditionnel, est \u00e9galement \u00e0 la disposition de nos clients. Vous pourrez y d\u00e9guster des pizzas traditionnelles, pr\u00e9par\u00e9es par des pizza\u00efolos experts avec des grains moulus sur pierre, et des combinaisons gastronomiques qui encadrent les options plus classiques de la carte. Compl\u00e9tez-les par des plats l\u00e9gers de notre s\u00e9lection.<\/p>\n<p>En tenant compte des diff\u00e9rents besoins, le restaurant propose \u00e9galement des menus pour les groupes organis\u00e9s, qui ne veulent pas manquer le plaisir d&rsquo;\u00eatre ensemble dans un cadre id\u00e9al pour toutes les occasions.[\/vc_column_text][\/vc_column][\/vc_row][vc_row][vc_column][vc_separator][\/vc_column][\/vc_row][vc_row][vc_column width=\u00a0\u00bb1\/5&Prime;][vc_icon icon_fontawesome=\u00a0\u00bbfas fa-fish\u00a0\u00bb color=\u00a0\u00bbchino\u00a0\u00bb background_style=\u00a0\u00bbrounded-outline\u00a0\u00bb background_color=\u00a0\u00bbchino\u00a0\u00bb align=\u00a0\u00bbcenter\u00a0\u00bb css=\u00a0\u00bb.vc_custom_1621694252633{margin-bottom: 0px !important;}\u00a0\u00bb][vc_column_text]<\/p>\n<p style=\"text-align: center;\">Des produits toujours frais<\/p>\n<p>[\/vc_column_text][\/vc_column][vc_column width=\u00a0\u00bb1\/5&Prime;][vc_icon icon_fontawesome=\u00a0\u00bbfas fa-users\u00a0\u00bb color=\u00a0\u00bbchino\u00a0\u00bb background_style=\u00a0\u00bbrounded-outline\u00a0\u00bb background_color=\u00a0\u00bbchino\u00a0\u00bb align=\u00a0\u00bbcenter\u00a0\u00bb css=\u00a0\u00bb.vc_custom_1621694198865{margin-bottom: 0px !important;}\u00a0\u00bb][vc_column_text]<\/p>\n<p style=\"text-align: center;\">Menus pour groupes organis\u00e9s<\/p>\n<p>[\/vc_column_text][\/vc_column][vc_column width=\u00a0\u00bb1\/5&Prime;][vc_icon icon_fontawesome=\u00a0\u00bbfas fa-utensils\u00a0\u00bb color=\u00a0\u00bbchino\u00a0\u00bb background_style=\u00a0\u00bbrounded-outline\u00a0\u00bb background_color=\u00a0\u00bbchino\u00a0\u00bb align=\u00a0\u00bbcenter\u00a0\u00bb css=\u00a0\u00bb.vc_custom_1621694336709{margin-bottom: 0px !important;}\u00a0\u00bb][vc_column_text]<\/p>\n<p style=\"text-align: center;\">Menu pour les personnes intol\u00e9rantes et allergiques<\/p>\n<p>[\/vc_column_text][\/vc_column][vc_column width=\u00a0\u00bb1\/5&Prime;][vc_icon icon_fontawesome=\u00a0\u00bbfas fa-birthday-cake\u00a0\u00bb color=\u00a0\u00bbchino\u00a0\u00bb background_style=\u00a0\u00bbrounded-outline\u00a0\u00bb background_color=\u00a0\u00bbchino\u00a0\u00bb align=\u00a0\u00bbcenter\u00a0\u00bb css=\u00a0\u00bb.vc_custom_1621694454349{margin-bottom: 0px !important;}\u00a0\u00bb][vc_column_text]<\/p>\n<p style=\"text-align: center;\">Salle de banquet et de f\u00eate<\/p>\n<p>[\/vc_column_text][\/vc_column][vc_column width=\u00a0\u00bb1\/5&Prime;][vc_icon icon_fontawesome=\u00a0\u00bbfas fa-pizza-slice\u00a0\u00bb color=\u00a0\u00bbchino\u00a0\u00bb background_style=\u00a0\u00bbrounded-outline\u00a0\u00bb background_color=\u00a0\u00bbchino\u00a0\u00bb align=\u00a0\u00bbcenter\u00a0\u00bb css=\u00a0\u00bb.vc_custom_1622726814750{margin-bottom: 0px !important;}\u00a0\u00bb][vc_column_text]<\/p>\n<p style=\"text-align: center;\">Pizzeria avec four \u00e0 bois<\/p>\n<p>[\/vc_column_text][\/vc_column][\/vc_row][vc_row content_placement=\u00a0\u00bbmiddle\u00a0\u00bb][vc_column][vc_empty_space][vc_media_grid element_width=\u00a0\u00bb3&Prime; gap=\u00a0\u00bb10&Prime; grid_id=\u00a0\u00bbvc_gid:1749027978593-34cd9520-e182-9&Prime; include=\u00a0\u00bb2065,2060,2067,2068,2061,2116,2117,2115,2108,2112,2113,2114,2105,2106,2107,2109,2110,2111,2069,2070&Prime;][\/vc_column][\/vc_row]<\/p>\n<\/div>","protected":false},"excerpt":{"rendered":"<p>[vc_row css=\u00a0\u00bb.vc_custom_1748428876223{padding-top: 50px !important;}\u00a0\u00bb][vc_column width=\u00a0\u00bb4\/12&Prime; css=\u00a0\u00bb.vc_custom_1467360650255{margin-top: 10px !important;margin-bottom: 10px !important;padding-top: 0px !important;padding-right: 40px !important;}\u00a0\u00bb][vc_single_image image=\u00a0\u00bb2191&Prime; img_size=\u00a0\u00bblarge\u00a0\u00bb alignment=\u00a0\u00bbright\u00a0\u00bb css=\u00a0\u00bb\u00a0\u00bb el_class=\u00a0\u00bbnd_options_text_align_center_responsive_important\u00a0\u00bb][\/vc_column][vc_column width=\u00a0\u00bb8\/12&Prime; css=\u00a0\u00bb.vc_custom_1467207292391{margin-top: 10px !important;margin-bottom: 10px !important;padding-top: 0px !important;}\u00a0\u00bb][vc_column_text css=\u00a0\u00bb\u00a0\u00bb el_class=\u00a0\u00bbnd_options_text_align_center_responsive\u00a0\u00bb]Notre restaurant propose une cuisine de qualit\u00e9 avec le souci du d\u00e9tail. \u00c0 table, vous trouverez le plaisir d&rsquo;\u00eatre ensemble et l&rsquo;ambiance id\u00e9ale pour toute occasion. Le [&hellip;]<\/p>\n","protected":false},"author":1,"featured_media":0,"parent":0,"menu_order":4,"comment_status":"closed","ping_status":"closed","template":"","meta":{"footnotes":""},"class_list":["post-2871","page","type-page","status-publish","hentry"],"yoast_head":"<!-- This site is optimized with the Yoast SEO plugin v27.4 - https:\/\/yoast.com\/product\/yoast-seo-wordpress\/ -->\n<title>Restaurant &amp; Pizzeria - Hotel Garden<\/title>\n<meta name=\"description\" content=\"Le restaurant offre un service de cuisine de qualit\u00e9 et une attention particuli\u00e8re aux d\u00e9tails. \u00c0 table, vous red\u00e9couvrirez le plaisir d&#039;\u00eatre ensemble et l&#039;ambiance id\u00e9ale pour toutes les occasions.\" \/>\n<meta name=\"robots\" content=\"index, follow, max-snippet:-1, max-image-preview:large, max-video-preview:-1\" \/>\n<link rel=\"canonical\" href=\"https:\/\/www.hotel-garden.eu\/fr\/restaurant-pizzeria\/\" \/>\n<meta property=\"og:locale\" content=\"fr_FR\" \/>\n<meta property=\"og:type\" content=\"article\" \/>\n<meta property=\"og:title\" content=\"Restaurant &amp; Pizzeria - Hotel Garden\" \/>\n<meta property=\"og:description\" content=\"Le restaurant offre un service de cuisine de qualit\u00e9 et une attention particuli\u00e8re aux d\u00e9tails. \u00c0 table, vous red\u00e9couvrirez le plaisir d&#039;\u00eatre ensemble et l&#039;ambiance id\u00e9ale pour toutes les occasions.\" \/>\n<meta property=\"og:url\" content=\"https:\/\/www.hotel-garden.eu\/fr\/restaurant-pizzeria\/\" \/>\n<meta property=\"og:site_name\" content=\"Hotel Garden\" \/>\n<meta property=\"article:publisher\" content=\"https:\/\/www.facebook.com\/hotelristorantegardensangiovanni\" \/>\n<meta property=\"article:modified_time\" content=\"2025-06-04T09:09:28+00:00\" \/>\n<meta property=\"og:image\" content=\"https:\/\/www.hotel-garden.eu\/wp-content\/uploads\/2021\/05\/hg_1673.jpg\" \/>\n\t<meta property=\"og:image:width\" content=\"1920\" \/>\n\t<meta property=\"og:image:height\" content=\"1280\" \/>\n\t<meta property=\"og:image:type\" content=\"image\/jpeg\" \/>\n<meta name=\"twitter:card\" content=\"summary_large_image\" \/>\n<meta name=\"twitter:label1\" content=\"Dur\u00e9e de lecture estim\u00e9e\" \/>\n\t<meta name=\"twitter:data1\" content=\"7 minutes\" \/>\n<script type=\"application\/ld+json\" class=\"yoast-schema-graph\">{\"@context\":\"https:\\\/\\\/schema.org\",\"@graph\":[{\"@type\":\"WebPage\",\"@id\":\"https:\\\/\\\/www.hotel-garden.eu\\\/fr\\\/restaurant-pizzeria\\\/\",\"url\":\"https:\\\/\\\/www.hotel-garden.eu\\\/fr\\\/restaurant-pizzeria\\\/\",\"name\":\"Restaurant & Pizzeria - Hotel Garden\",\"isPartOf\":{\"@id\":\"https:\\\/\\\/www.hotel-garden.eu\\\/fr\\\/#website\"},\"datePublished\":\"2021-05-22T14:30:49+00:00\",\"dateModified\":\"2025-06-04T09:09:28+00:00\",\"description\":\"Le restaurant offre un service de cuisine de qualit\u00e9 et une attention particuli\u00e8re aux d\u00e9tails. \u00c0 table, vous red\u00e9couvrirez le plaisir d'\u00eatre ensemble et l'ambiance id\u00e9ale pour toutes les occasions.\",\"breadcrumb\":{\"@id\":\"https:\\\/\\\/www.hotel-garden.eu\\\/fr\\\/restaurant-pizzeria\\\/#breadcrumb\"},\"inLanguage\":\"fr-FR\",\"potentialAction\":[{\"@type\":\"ReadAction\",\"target\":[\"https:\\\/\\\/www.hotel-garden.eu\\\/fr\\\/restaurant-pizzeria\\\/\"]}]},{\"@type\":\"BreadcrumbList\",\"@id\":\"https:\\\/\\\/www.hotel-garden.eu\\\/fr\\\/restaurant-pizzeria\\\/#breadcrumb\",\"itemListElement\":[{\"@type\":\"ListItem\",\"position\":1,\"name\":\"Home\",\"item\":\"https:\\\/\\\/www.hotel-garden.eu\\\/fr\\\/\"},{\"@type\":\"ListItem\",\"position\":2,\"name\":\"Restaurant &#038; Pizzeria\"}]},{\"@type\":\"WebSite\",\"@id\":\"https:\\\/\\\/www.hotel-garden.eu\\\/fr\\\/#website\",\"url\":\"https:\\\/\\\/www.hotel-garden.eu\\\/fr\\\/\",\"name\":\"Hotel Garden - Hotel a San Giovanni Rotondo\",\"description\":\"Hotel a San Giovanni Rotondo\",\"publisher\":{\"@id\":\"https:\\\/\\\/www.hotel-garden.eu\\\/fr\\\/#organization\"},\"potentialAction\":[{\"@type\":\"SearchAction\",\"target\":{\"@type\":\"EntryPoint\",\"urlTemplate\":\"https:\\\/\\\/www.hotel-garden.eu\\\/fr\\\/?s={search_term_string}\"},\"query-input\":{\"@type\":\"PropertyValueSpecification\",\"valueRequired\":true,\"valueName\":\"search_term_string\"}}],\"inLanguage\":\"fr-FR\"},{\"@type\":\"Organization\",\"@id\":\"https:\\\/\\\/www.hotel-garden.eu\\\/fr\\\/#organization\",\"name\":\"Hotel Garden\",\"url\":\"https:\\\/\\\/www.hotel-garden.eu\\\/fr\\\/\",\"logo\":{\"@type\":\"ImageObject\",\"inLanguage\":\"fr-FR\",\"@id\":\"https:\\\/\\\/www.hotel-garden.eu\\\/fr\\\/#\\\/schema\\\/logo\\\/image\\\/\",\"url\":\"https:\\\/\\\/www.hotel-garden.eu\\\/wp-content\\\/uploads\\\/2021\\\/05\\\/logo-hg.png\",\"contentUrl\":\"https:\\\/\\\/www.hotel-garden.eu\\\/wp-content\\\/uploads\\\/2021\\\/05\\\/logo-hg.png\",\"width\":500,\"height\":150,\"caption\":\"Hotel Garden\"},\"image\":{\"@id\":\"https:\\\/\\\/www.hotel-garden.eu\\\/fr\\\/#\\\/schema\\\/logo\\\/image\\\/\"},\"sameAs\":[\"https:\\\/\\\/www.facebook.com\\\/hotelristorantegardensangiovanni\"]}]}<\/script>\n<!-- \/ Yoast SEO plugin. -->","yoast_head_json":{"title":"Restaurant & Pizzeria - Hotel Garden","description":"Le restaurant offre un service de cuisine de qualit\u00e9 et une attention particuli\u00e8re aux d\u00e9tails. \u00c0 table, vous red\u00e9couvrirez le plaisir d'\u00eatre ensemble et l'ambiance id\u00e9ale pour toutes les occasions.","robots":{"index":"index","follow":"follow","max-snippet":"max-snippet:-1","max-image-preview":"max-image-preview:large","max-video-preview":"max-video-preview:-1"},"canonical":"https:\/\/www.hotel-garden.eu\/fr\/restaurant-pizzeria\/","og_locale":"fr_FR","og_type":"article","og_title":"Restaurant & Pizzeria - Hotel Garden","og_description":"Le restaurant offre un service de cuisine de qualit\u00e9 et une attention particuli\u00e8re aux d\u00e9tails. \u00c0 table, vous red\u00e9couvrirez le plaisir d'\u00eatre ensemble et l'ambiance id\u00e9ale pour toutes les occasions.","og_url":"https:\/\/www.hotel-garden.eu\/fr\/restaurant-pizzeria\/","og_site_name":"Hotel Garden","article_publisher":"https:\/\/www.facebook.com\/hotelristorantegardensangiovanni","article_modified_time":"2025-06-04T09:09:28+00:00","og_image":[{"width":1920,"height":1280,"url":"https:\/\/www.hotel-garden.eu\/wp-content\/uploads\/2021\/05\/hg_1673.jpg","type":"image\/jpeg"}],"twitter_card":"summary_large_image","twitter_misc":{"Dur\u00e9e de lecture estim\u00e9e":"7 minutes"},"schema":{"@context":"https:\/\/schema.org","@graph":[{"@type":"WebPage","@id":"https:\/\/www.hotel-garden.eu\/fr\/restaurant-pizzeria\/","url":"https:\/\/www.hotel-garden.eu\/fr\/restaurant-pizzeria\/","name":"Restaurant & Pizzeria - Hotel Garden","isPartOf":{"@id":"https:\/\/www.hotel-garden.eu\/fr\/#website"},"datePublished":"2021-05-22T14:30:49+00:00","dateModified":"2025-06-04T09:09:28+00:00","description":"Le restaurant offre un service de cuisine de qualit\u00e9 et une attention particuli\u00e8re aux d\u00e9tails. \u00c0 table, vous red\u00e9couvrirez le plaisir d'\u00eatre ensemble et l'ambiance id\u00e9ale pour toutes les occasions.","breadcrumb":{"@id":"https:\/\/www.hotel-garden.eu\/fr\/restaurant-pizzeria\/#breadcrumb"},"inLanguage":"fr-FR","potentialAction":[{"@type":"ReadAction","target":["https:\/\/www.hotel-garden.eu\/fr\/restaurant-pizzeria\/"]}]},{"@type":"BreadcrumbList","@id":"https:\/\/www.hotel-garden.eu\/fr\/restaurant-pizzeria\/#breadcrumb","itemListElement":[{"@type":"ListItem","position":1,"name":"Home","item":"https:\/\/www.hotel-garden.eu\/fr\/"},{"@type":"ListItem","position":2,"name":"Restaurant &#038; Pizzeria"}]},{"@type":"WebSite","@id":"https:\/\/www.hotel-garden.eu\/fr\/#website","url":"https:\/\/www.hotel-garden.eu\/fr\/","name":"Hotel Garden - Hotel a San Giovanni Rotondo","description":"Hotel a San Giovanni Rotondo","publisher":{"@id":"https:\/\/www.hotel-garden.eu\/fr\/#organization"},"potentialAction":[{"@type":"SearchAction","target":{"@type":"EntryPoint","urlTemplate":"https:\/\/www.hotel-garden.eu\/fr\/?s={search_term_string}"},"query-input":{"@type":"PropertyValueSpecification","valueRequired":true,"valueName":"search_term_string"}}],"inLanguage":"fr-FR"},{"@type":"Organization","@id":"https:\/\/www.hotel-garden.eu\/fr\/#organization","name":"Hotel Garden","url":"https:\/\/www.hotel-garden.eu\/fr\/","logo":{"@type":"ImageObject","inLanguage":"fr-FR","@id":"https:\/\/www.hotel-garden.eu\/fr\/#\/schema\/logo\/image\/","url":"https:\/\/www.hotel-garden.eu\/wp-content\/uploads\/2021\/05\/logo-hg.png","contentUrl":"https:\/\/www.hotel-garden.eu\/wp-content\/uploads\/2021\/05\/logo-hg.png","width":500,"height":150,"caption":"Hotel Garden"},"image":{"@id":"https:\/\/www.hotel-garden.eu\/fr\/#\/schema\/logo\/image\/"},"sameAs":["https:\/\/www.facebook.com\/hotelristorantegardensangiovanni"]}]}},"_links":{"self":[{"href":"https:\/\/www.hotel-garden.eu\/fr\/wp-json\/wp\/v2\/pages\/2871","targetHints":{"allow":["GET"]}}],"collection":[{"href":"https:\/\/www.hotel-garden.eu\/fr\/wp-json\/wp\/v2\/pages"}],"about":[{"href":"https:\/\/www.hotel-garden.eu\/fr\/wp-json\/wp\/v2\/types\/page"}],"author":[{"embeddable":true,"href":"https:\/\/www.hotel-garden.eu\/fr\/wp-json\/wp\/v2\/users\/1"}],"replies":[{"embeddable":true,"href":"https:\/\/www.hotel-garden.eu\/fr\/wp-json\/wp\/v2\/comments?post=2871"}],"version-history":[{"count":0,"href":"https:\/\/www.hotel-garden.eu\/fr\/wp-json\/wp\/v2\/pages\/2871\/revisions"}],"wp:attachment":[{"href":"https:\/\/www.hotel-garden.eu\/fr\/wp-json\/wp\/v2\/media?parent=2871"}],"curies":[{"name":"wp","href":"https:\/\/api.w.org\/{rel}","templated":true}]}}