{"id":2872,"date":"2021-05-23T17:01:45","date_gmt":"2021-05-23T15:01:45","guid":{"rendered":"https:\/\/www.hotel-garden.eu\/?page_id=2872"},"modified":"2025-06-04T11:14:44","modified_gmt":"2025-06-04T09:14:44","slug":"services","status":"publish","type":"page","link":"https:\/\/www.hotel-garden.eu\/fr\/services\/","title":{"rendered":"Services"},"content":{"rendered":"<div class=\"wpb-content-wrapper\"><p>[vc_row][vc_column css=\u00a0\u00bb.vc_custom_1747824666847{margin-top: 10px !important;margin-bottom: 10px !important;padding-top: 0px !important;}\u00a0\u00bb] <h2 style=\"color:;padding:px;text-align:center;font-size:40px;line-height:50px;letter-spacing: px;font-weight:lighter\" class=\"  nd_options_text_align_center_responsive_important nd_options_first_font \">Les services de l'h\u00f4tel Garden enrichissent le s\u00e9jour de nos clients<\/h2> [vc_column_text css=\u00a0\u00bb\u00a0\u00bb el_class=\u00a0\u00bbnd_options_text_align_center_responsive\u00a0\u00bb]<\/p>\n<p style=\"text-align: center;\">Situ\u00e9 \u00e0 San Giovanni Rotondo, \u00e0 5 minutes de route du sanctuaire de Padre Pio, l&rsquo;Hotel Garden dispose d&rsquo;un parking gratuit et d&rsquo;un restaurant servant une cuisine des Pouilles et des sp\u00e9cialit\u00e9s de poisson frais.<\/p>\n<p style=\"text-align: center;\">Les chambres sont d\u00e9cor\u00e9es simplement et disposent d&rsquo;un mobilier en bois clair, d&rsquo;une salle de bains privative avec articles de toilette et d&rsquo;une t\u00e9l\u00e9vision. Certaines disposent d&rsquo;un balcon.<\/p>\n<p style=\"text-align: center;\">Vous pourrez vous d\u00e9tendre dans le salon de t\u00e9l\u00e9vision dot\u00e9 de canap\u00e9s confortables et utiliser le WiFi gratuit dans les parties communes.<\/p>\n<p style=\"text-align: center;\">Un petit d\u00e9jeuner de style italien est servi chaque matin dans la salle de petit d\u00e9jeuner.<\/p>\n<p style=\"text-align: center;\">L&rsquo;h\u00f4tel Garden est situ\u00e9 le long de la route nationale SP45, \u00e0 30 minutes de route de Foggia.<\/p>\n<p>[\/vc_column_text][\/vc_column][\/vc_row][vc_row][vc_column][vc_separator][\/vc_column][\/vc_row][vc_row][vc_column width=\u00a0\u00bb1\/6&Prime;][vc_icon icon_fontawesome=\u00a0\u00bbfas fa-car\u00a0\u00bb color=\u00a0\u00bbchino\u00a0\u00bb background_style=\u00a0\u00bbrounded-outline\u00a0\u00bb background_color=\u00a0\u00bbchino\u00a0\u00bb align=\u00a0\u00bbcenter\u00a0\u00bb css=\u00a0\u00bb.vc_custom_1621693212713{margin-bottom: 0px !important;}\u00a0\u00bb][vc_column_text]<\/p>\n<p style=\"text-align: center;\">Grand parking<\/p>\n<p>[\/vc_column_text][\/vc_column][vc_column width=\u00a0\u00bb1\/6&Prime;][vc_icon icon_fontawesome=\u00a0\u00bbfas fa-tree\u00a0\u00bb color=\u00a0\u00bbchino\u00a0\u00bb background_style=\u00a0\u00bbrounded-outline\u00a0\u00bb background_color=\u00a0\u00bbchino\u00a0\u00bb align=\u00a0\u00bbcenter\u00a0\u00bb css=\u00a0\u00bb.vc_custom_1621693225895{margin-bottom: 0px !important;}\u00a0\u00bb][vc_column_text]<\/p>\n<p style=\"text-align: center;\">Jardin avec aire de pique-nique<\/p>\n<p>[\/vc_column_text][\/vc_column][vc_column width=\u00a0\u00bb1\/6&Prime;][vc_icon icon_fontawesome=\u00a0\u00bbfas fa-glass-cheers\u00a0\u00bb color=\u00a0\u00bbchino\u00a0\u00bb background_style=\u00a0\u00bbrounded-outline\u00a0\u00bb background_color=\u00a0\u00bbchino\u00a0\u00bb align=\u00a0\u00bbcenter\u00a0\u00bb css=\u00a0\u00bb.vc_custom_1621693232095{margin-bottom: 0px !important;}\u00a0\u00bb][vc_column_text]<\/p>\n<p style=\"text-align: center;\">Bar am\u00e9ricain<\/p>\n<p>[\/vc_column_text][\/vc_column][vc_column width=\u00a0\u00bb1\/6&Prime;][vc_icon icon_fontawesome=\u00a0\u00bbfas fa-utensils\u00a0\u00bb color=\u00a0\u00bbchino\u00a0\u00bb background_style=\u00a0\u00bbrounded-outline\u00a0\u00bb background_color=\u00a0\u00bbchino\u00a0\u00bb align=\u00a0\u00bbcenter\u00a0\u00bb css=\u00a0\u00bb.vc_custom_1621693238256{margin-bottom: 0px !important;}\u00a0\u00bb][vc_column_text]<\/p>\n<p style=\"text-align: center;\">Restaurant de l&rsquo;h\u00f4tel<\/p>\n<p>[\/vc_column_text][\/vc_column][vc_column width=\u00a0\u00bb1\/6&Prime;][vc_icon icon_fontawesome=\u00a0\u00bbfas fa-wifi\u00a0\u00bb color=\u00a0\u00bbchino\u00a0\u00bb background_style=\u00a0\u00bbrounded-outline\u00a0\u00bb background_color=\u00a0\u00bbchino\u00a0\u00bb align=\u00a0\u00bbcenter\u00a0\u00bb css=\u00a0\u00bb.vc_custom_1621693250397{margin-bottom: 0px !important;}\u00a0\u00bb][vc_column_text]<\/p>\n<p style=\"text-align: center;\">WiFi gratuit<\/p>\n<p>[\/vc_column_text][\/vc_column][vc_column width=\u00a0\u00bb1\/6&Prime;][vc_icon icon_fontawesome=\u00a0\u00bbfas fa-dog\u00a0\u00bb color=\u00a0\u00bbchino\u00a0\u00bb background_style=\u00a0\u00bbrounded-outline\u00a0\u00bb background_color=\u00a0\u00bbchino\u00a0\u00bb align=\u00a0\u00bbcenter\u00a0\u00bb css=\u00a0\u00bb.vc_custom_1621693244760{margin-bottom: 0px !important;}\u00a0\u00bb][vc_column_text]<\/p>\n<p style=\"text-align: center;\">Animaux autoris\u00e9s<\/p>\n<p>[\/vc_column_text][\/vc_column][\/vc_row][vc_row][vc_column width=\u00a0\u00bb1\/6&Prime;][vc_icon icon_fontawesome=\u00a0\u00bbfas fa-bus\u00a0\u00bb color=\u00a0\u00bbchino\u00a0\u00bb background_style=\u00a0\u00bbrounded-outline\u00a0\u00bb background_color=\u00a0\u00bbchino\u00a0\u00bb align=\u00a0\u00bbcenter\u00a0\u00bb css=\u00a0\u00bb.vc_custom_1621782770813{margin-bottom: 0px !important;}\u00a0\u00bb][vc_column_text]<\/p>\n<p style=\"text-align: center;\">Navette vers et depuis l&rsquo;a\u00e9roport<br \/>\n(payant)<\/p>\n<p>[\/vc_column_text][\/vc_column][vc_column width=\u00a0\u00bb1\/6&Prime;][vc_icon icon_fontawesome=\u00a0\u00bbfas fa-shapes\u00a0\u00bb color=\u00a0\u00bbchino\u00a0\u00bb background_style=\u00a0\u00bbrounded-outline\u00a0\u00bb background_color=\u00a0\u00bbchino\u00a0\u00bb align=\u00a0\u00bbcenter\u00a0\u00bb css=\u00a0\u00bb.vc_custom_1621782870939{margin-bottom: 0px !important;}\u00a0\u00bb][vc_column_text]<\/p>\n<p style=\"text-align: center;\">Aire de jeux ext\u00e9rieure<\/p>\n<p>[\/vc_column_text][\/vc_column][vc_column width=\u00a0\u00bb1\/6&Prime;][vc_icon icon_fontawesome=\u00a0\u00bbfas fa-birthday-cake\u00a0\u00bb color=\u00a0\u00bbchino\u00a0\u00bb background_style=\u00a0\u00bbrounded-outline\u00a0\u00bb background_color=\u00a0\u00bbchino\u00a0\u00bb align=\u00a0\u00bbcenter\u00a0\u00bb css=\u00a0\u00bb.vc_custom_1621782955100{margin-bottom: 0px !important;}\u00a0\u00bb][vc_column_text]<\/p>\n<p style=\"text-align: center;\">Salle de r\u00e9union\/banquet<\/p>\n<p>[\/vc_column_text][\/vc_column][vc_column width=\u00a0\u00bb1\/6&Prime;][vc_icon icon_fontawesome=\u00a0\u00bbfas fa-users\u00a0\u00bb color=\u00a0\u00bbchino\u00a0\u00bb background_style=\u00a0\u00bbrounded-outline\u00a0\u00bb background_color=\u00a0\u00bbchino\u00a0\u00bb align=\u00a0\u00bbcenter\u00a0\u00bb css=\u00a0\u00bb.vc_custom_1621783002898{margin-bottom: 0px !important;}\u00a0\u00bb][vc_column_text]<\/p>\n<p style=\"text-align: center;\">Chambres familiales disponibles<\/p>\n<p>[\/vc_column_text][\/vc_column][vc_column width=\u00a0\u00bb1\/6&Prime;][vc_icon icon_fontawesome=\u00a0\u00bbfas fa-wheelchair\u00a0\u00bb color=\u00a0\u00bbchino\u00a0\u00bb background_style=\u00a0\u00bbrounded-outline\u00a0\u00bb background_color=\u00a0\u00bbchino\u00a0\u00bb align=\u00a0\u00bbcenter\u00a0\u00bb css=\u00a0\u00bb.vc_custom_1621783037666{margin-bottom: 0px !important;}\u00a0\u00bb][vc_column_text]<\/p>\n<p style=\"text-align: center;\">Chambres pour personnes handicap\u00e9es<\/p>\n<p>[\/vc_column_text][\/vc_column][vc_column width=\u00a0\u00bb1\/6&Prime;][vc_icon icon_fontawesome=\u00a0\u00bbfas fa-smoking-ban\u00a0\u00bb color=\u00a0\u00bbchino\u00a0\u00bb background_style=\u00a0\u00bbrounded-outline\u00a0\u00bb background_color=\u00a0\u00bbchino\u00a0\u00bb align=\u00a0\u00bbcenter\u00a0\u00bb css=\u00a0\u00bb.vc_custom_1621783098259{margin-bottom: 0px !important;}\u00a0\u00bb][vc_column_text]<\/p>\n<p style=\"text-align: center;\">Chambres non-fumeurs<\/p>\n<p>[\/vc_column_text][\/vc_column][\/vc_row][vc_row content_placement=\u00a0\u00bbmiddle\u00a0\u00bb][vc_column][vc_empty_space][vc_media_grid element_width=\u00a0\u00bb3&Prime; gap=\u00a0\u00bb10&Prime; grid_id=\u00a0\u00bbvc_gid:1749028300448-f79d391e-58b5-8&Prime; include=\u00a0\u00bb2034,2035,2038,2037,2046,2054,2052,2060,2149,2150,2040,2079,2078,2077,2076,2075&Prime;][\/vc_column][\/vc_row]<\/p>\n<\/div>","protected":false},"excerpt":{"rendered":"<p>[vc_row][vc_column css=\u00a0\u00bb.vc_custom_1747824666847{margin-top: 10px !important;margin-bottom: 10px !important;padding-top: 0px !important;}\u00a0\u00bb][vc_column_text css=\u00a0\u00bb\u00a0\u00bb el_class=\u00a0\u00bbnd_options_text_align_center_responsive\u00a0\u00bb] Situ\u00e9 \u00e0 San Giovanni Rotondo, \u00e0 5 minutes de route du sanctuaire de Padre Pio, l&rsquo;Hotel Garden dispose d&rsquo;un parking gratuit et d&rsquo;un restaurant servant une cuisine des Pouilles et des sp\u00e9cialit\u00e9s de poisson frais. Les chambres sont d\u00e9cor\u00e9es simplement et disposent d&rsquo;un mobilier en [&hellip;]<\/p>\n","protected":false},"author":1,"featured_media":0,"parent":0,"menu_order":5,"comment_status":"closed","ping_status":"closed","template":"","meta":{"footnotes":""},"class_list":["post-2872","page","type-page","status-publish","hentry"],"yoast_head":"<!-- This site is optimized with the Yoast SEO plugin v27.4 - https:\/\/yoast.com\/product\/yoast-seo-wordpress\/ -->\n<title>Services - Hotel Garden<\/title>\n<meta name=\"description\" content=\"Les services de l&#039;H\u00f4tel Garden enrichissent l&#039;exp\u00e9rience du s\u00e9jour de nos clients avec confort et hospitalit\u00e9.\" \/>\n<meta name=\"robots\" content=\"index, follow, max-snippet:-1, max-image-preview:large, max-video-preview:-1\" \/>\n<link rel=\"canonical\" href=\"https:\/\/www.hotel-garden.eu\/fr\/services\/\" \/>\n<meta property=\"og:locale\" content=\"fr_FR\" \/>\n<meta property=\"og:type\" content=\"article\" \/>\n<meta property=\"og:title\" content=\"Services - Hotel Garden\" \/>\n<meta property=\"og:description\" content=\"Les services de l&#039;H\u00f4tel Garden enrichissent l&#039;exp\u00e9rience du s\u00e9jour de nos clients avec confort et hospitalit\u00e9.\" \/>\n<meta property=\"og:url\" content=\"https:\/\/www.hotel-garden.eu\/fr\/services\/\" \/>\n<meta property=\"og:site_name\" content=\"Hotel Garden\" \/>\n<meta property=\"article:publisher\" content=\"https:\/\/www.facebook.com\/hotelristorantegardensangiovanni\" \/>\n<meta property=\"article:modified_time\" content=\"2025-06-04T09:14:44+00:00\" \/>\n<meta property=\"og:image\" content=\"https:\/\/www.hotel-garden.eu\/wp-content\/uploads\/2021\/05\/hg_1673.jpg\" \/>\n\t<meta property=\"og:image:width\" content=\"1920\" \/>\n\t<meta property=\"og:image:height\" content=\"1280\" \/>\n\t<meta property=\"og:image:type\" content=\"image\/jpeg\" \/>\n<meta name=\"twitter:card\" content=\"summary_large_image\" \/>\n<meta name=\"twitter:label1\" content=\"Dur\u00e9e de lecture estim\u00e9e\" \/>\n\t<meta name=\"twitter:data1\" content=\"5 minutes\" \/>\n<script type=\"application\/ld+json\" class=\"yoast-schema-graph\">{\"@context\":\"https:\\\/\\\/schema.org\",\"@graph\":[{\"@type\":\"WebPage\",\"@id\":\"https:\\\/\\\/www.hotel-garden.eu\\\/fr\\\/services\\\/\",\"url\":\"https:\\\/\\\/www.hotel-garden.eu\\\/fr\\\/services\\\/\",\"name\":\"Services - Hotel Garden\",\"isPartOf\":{\"@id\":\"https:\\\/\\\/www.hotel-garden.eu\\\/fr\\\/#website\"},\"datePublished\":\"2021-05-23T15:01:45+00:00\",\"dateModified\":\"2025-06-04T09:14:44+00:00\",\"description\":\"Les services de l'H\u00f4tel Garden enrichissent l'exp\u00e9rience du s\u00e9jour de nos clients avec confort et hospitalit\u00e9.\",\"breadcrumb\":{\"@id\":\"https:\\\/\\\/www.hotel-garden.eu\\\/fr\\\/services\\\/#breadcrumb\"},\"inLanguage\":\"fr-FR\",\"potentialAction\":[{\"@type\":\"ReadAction\",\"target\":[\"https:\\\/\\\/www.hotel-garden.eu\\\/fr\\\/services\\\/\"]}]},{\"@type\":\"BreadcrumbList\",\"@id\":\"https:\\\/\\\/www.hotel-garden.eu\\\/fr\\\/services\\\/#breadcrumb\",\"itemListElement\":[{\"@type\":\"ListItem\",\"position\":1,\"name\":\"Home\",\"item\":\"https:\\\/\\\/www.hotel-garden.eu\\\/fr\\\/\"},{\"@type\":\"ListItem\",\"position\":2,\"name\":\"Services\"}]},{\"@type\":\"WebSite\",\"@id\":\"https:\\\/\\\/www.hotel-garden.eu\\\/fr\\\/#website\",\"url\":\"https:\\\/\\\/www.hotel-garden.eu\\\/fr\\\/\",\"name\":\"Hotel Garden - Hotel a San Giovanni Rotondo\",\"description\":\"Hotel a San Giovanni Rotondo\",\"publisher\":{\"@id\":\"https:\\\/\\\/www.hotel-garden.eu\\\/fr\\\/#organization\"},\"potentialAction\":[{\"@type\":\"SearchAction\",\"target\":{\"@type\":\"EntryPoint\",\"urlTemplate\":\"https:\\\/\\\/www.hotel-garden.eu\\\/fr\\\/?s={search_term_string}\"},\"query-input\":{\"@type\":\"PropertyValueSpecification\",\"valueRequired\":true,\"valueName\":\"search_term_string\"}}],\"inLanguage\":\"fr-FR\"},{\"@type\":\"Organization\",\"@id\":\"https:\\\/\\\/www.hotel-garden.eu\\\/fr\\\/#organization\",\"name\":\"Hotel Garden\",\"url\":\"https:\\\/\\\/www.hotel-garden.eu\\\/fr\\\/\",\"logo\":{\"@type\":\"ImageObject\",\"inLanguage\":\"fr-FR\",\"@id\":\"https:\\\/\\\/www.hotel-garden.eu\\\/fr\\\/#\\\/schema\\\/logo\\\/image\\\/\",\"url\":\"https:\\\/\\\/www.hotel-garden.eu\\\/wp-content\\\/uploads\\\/2021\\\/05\\\/logo-hg.png\",\"contentUrl\":\"https:\\\/\\\/www.hotel-garden.eu\\\/wp-content\\\/uploads\\\/2021\\\/05\\\/logo-hg.png\",\"width\":500,\"height\":150,\"caption\":\"Hotel Garden\"},\"image\":{\"@id\":\"https:\\\/\\\/www.hotel-garden.eu\\\/fr\\\/#\\\/schema\\\/logo\\\/image\\\/\"},\"sameAs\":[\"https:\\\/\\\/www.facebook.com\\\/hotelristorantegardensangiovanni\"]}]}<\/script>\n<!-- \/ Yoast SEO plugin. -->","yoast_head_json":{"title":"Services - Hotel Garden","description":"Les services de l'H\u00f4tel Garden enrichissent l'exp\u00e9rience du s\u00e9jour de nos clients avec confort et hospitalit\u00e9.","robots":{"index":"index","follow":"follow","max-snippet":"max-snippet:-1","max-image-preview":"max-image-preview:large","max-video-preview":"max-video-preview:-1"},"canonical":"https:\/\/www.hotel-garden.eu\/fr\/services\/","og_locale":"fr_FR","og_type":"article","og_title":"Services - Hotel Garden","og_description":"Les services de l'H\u00f4tel Garden enrichissent l'exp\u00e9rience du s\u00e9jour de nos clients avec confort et hospitalit\u00e9.","og_url":"https:\/\/www.hotel-garden.eu\/fr\/services\/","og_site_name":"Hotel Garden","article_publisher":"https:\/\/www.facebook.com\/hotelristorantegardensangiovanni","article_modified_time":"2025-06-04T09:14:44+00:00","og_image":[{"width":1920,"height":1280,"url":"https:\/\/www.hotel-garden.eu\/wp-content\/uploads\/2021\/05\/hg_1673.jpg","type":"image\/jpeg"}],"twitter_card":"summary_large_image","twitter_misc":{"Dur\u00e9e de lecture estim\u00e9e":"5 minutes"},"schema":{"@context":"https:\/\/schema.org","@graph":[{"@type":"WebPage","@id":"https:\/\/www.hotel-garden.eu\/fr\/services\/","url":"https:\/\/www.hotel-garden.eu\/fr\/services\/","name":"Services - Hotel Garden","isPartOf":{"@id":"https:\/\/www.hotel-garden.eu\/fr\/#website"},"datePublished":"2021-05-23T15:01:45+00:00","dateModified":"2025-06-04T09:14:44+00:00","description":"Les services de l'H\u00f4tel Garden enrichissent l'exp\u00e9rience du s\u00e9jour de nos clients avec confort et hospitalit\u00e9.","breadcrumb":{"@id":"https:\/\/www.hotel-garden.eu\/fr\/services\/#breadcrumb"},"inLanguage":"fr-FR","potentialAction":[{"@type":"ReadAction","target":["https:\/\/www.hotel-garden.eu\/fr\/services\/"]}]},{"@type":"BreadcrumbList","@id":"https:\/\/www.hotel-garden.eu\/fr\/services\/#breadcrumb","itemListElement":[{"@type":"ListItem","position":1,"name":"Home","item":"https:\/\/www.hotel-garden.eu\/fr\/"},{"@type":"ListItem","position":2,"name":"Services"}]},{"@type":"WebSite","@id":"https:\/\/www.hotel-garden.eu\/fr\/#website","url":"https:\/\/www.hotel-garden.eu\/fr\/","name":"Hotel Garden - Hotel a San Giovanni Rotondo","description":"Hotel a San Giovanni Rotondo","publisher":{"@id":"https:\/\/www.hotel-garden.eu\/fr\/#organization"},"potentialAction":[{"@type":"SearchAction","target":{"@type":"EntryPoint","urlTemplate":"https:\/\/www.hotel-garden.eu\/fr\/?s={search_term_string}"},"query-input":{"@type":"PropertyValueSpecification","valueRequired":true,"valueName":"search_term_string"}}],"inLanguage":"fr-FR"},{"@type":"Organization","@id":"https:\/\/www.hotel-garden.eu\/fr\/#organization","name":"Hotel Garden","url":"https:\/\/www.hotel-garden.eu\/fr\/","logo":{"@type":"ImageObject","inLanguage":"fr-FR","@id":"https:\/\/www.hotel-garden.eu\/fr\/#\/schema\/logo\/image\/","url":"https:\/\/www.hotel-garden.eu\/wp-content\/uploads\/2021\/05\/logo-hg.png","contentUrl":"https:\/\/www.hotel-garden.eu\/wp-content\/uploads\/2021\/05\/logo-hg.png","width":500,"height":150,"caption":"Hotel Garden"},"image":{"@id":"https:\/\/www.hotel-garden.eu\/fr\/#\/schema\/logo\/image\/"},"sameAs":["https:\/\/www.facebook.com\/hotelristorantegardensangiovanni"]}]}},"_links":{"self":[{"href":"https:\/\/www.hotel-garden.eu\/fr\/wp-json\/wp\/v2\/pages\/2872","targetHints":{"allow":["GET"]}}],"collection":[{"href":"https:\/\/www.hotel-garden.eu\/fr\/wp-json\/wp\/v2\/pages"}],"about":[{"href":"https:\/\/www.hotel-garden.eu\/fr\/wp-json\/wp\/v2\/types\/page"}],"author":[{"embeddable":true,"href":"https:\/\/www.hotel-garden.eu\/fr\/wp-json\/wp\/v2\/users\/1"}],"replies":[{"embeddable":true,"href":"https:\/\/www.hotel-garden.eu\/fr\/wp-json\/wp\/v2\/comments?post=2872"}],"version-history":[{"count":0,"href":"https:\/\/www.hotel-garden.eu\/fr\/wp-json\/wp\/v2\/pages\/2872\/revisions"}],"wp:attachment":[{"href":"https:\/\/www.hotel-garden.eu\/fr\/wp-json\/wp\/v2\/media?parent=2872"}],"curies":[{"name":"wp","href":"https:\/\/api.w.org\/{rel}","templated":true}]}}