{"id":2873,"date":"2021-05-23T17:28:39","date_gmt":"2021-05-23T15:28:39","guid":{"rendered":"https:\/\/www.hotel-garden.eu\/?page_id=2873"},"modified":"2025-06-04T11:24:21","modified_gmt":"2025-06-04T09:24:21","slug":"san-giovanni-rotondo","status":"publish","type":"page","link":"https:\/\/www.hotel-garden.eu\/fr\/san-giovanni-rotondo\/","title":{"rendered":"San Giovanni Rotondo"},"content":{"rendered":"<div class=\"wpb-content-wrapper\"><p>[vc_row][vc_column css=\u00a0\u00bb.vc_custom_1747824816586{margin-top: 10px !important;margin-bottom: 10px !important;padding-top: 0px !important;}\u00a0\u00bb] <h2 style=\"color:;padding:px;text-align:center;font-size:40px;line-height:50px;letter-spacing: px;font-weight:lighter\" class=\"  nd_options_text_align_center_responsive_important nd_options_first_font \">Le sanctuaire de Padre Pio de Pietralcina et l'h\u00f4pital Casa Sollievo della Sofferenza voulu par Padre Pio<\/h2> [vc_column_text css=\u00a0\u00bb\u00a0\u00bb el_class=\u00a0\u00bbnd_options_text_align_center_responsive\u00a0\u00bb]<\/p>\n<p style=\"text-align: center;\">San Giovanni Rotondo est le centre de la spiritualit\u00e9 du Gargano et des p\u00e8lerins qui se rendent chaque ann\u00e9e dans la ville pour prier sur les restes de Saint Padre Pio de Pietrelcina.<\/p>\n<p style=\"text-align: center;\">La ville est situ\u00e9e dans un bassin bien cultiv\u00e9 qui s&rsquo;ouvre au sud-est du mont Castellana, sur le versant m\u00e9ridional du Gargano, et qui domine Manfredonia.<\/p>\n<p style=\"text-align: center;\">San Giovanni est c\u00e9l\u00e8bre pour le sanctuaire de Padre Pio de Pietralcina et pour l&rsquo;h\u00f4pital Casa Sollievo della Sofferenza voulu par le saint. Depuis plus de 50 ans, San Giovanni Rotondo est une destination pour les p\u00e8lerins du monde entier en raison du couvent o\u00f9 Padre Pio de Pietralcina a v\u00e9cu et re\u00e7u les stigmates.<\/p>\n<p>[\/vc_column_text][\/vc_column][\/vc_row][vc_row][vc_column][vc_separator][\/vc_column][\/vc_row][vc_row][vc_column width=\u00a0\u00bb1\/6&Prime;][vc_icon icon_fontawesome=\u00a0\u00bbfas fa-car\u00a0\u00bb color=\u00a0\u00bbchino\u00a0\u00bb background_style=\u00a0\u00bbrounded-outline\u00a0\u00bb background_color=\u00a0\u00bbchino\u00a0\u00bb align=\u00a0\u00bbcenter\u00a0\u00bb css=\u00a0\u00bb.vc_custom_1621693212713{margin-bottom: 0px !important;}\u00a0\u00bb][vc_column_text]<\/p>\n<p style=\"text-align: center;\">Grand parking<\/p>\n<p>[\/vc_column_text][\/vc_column][vc_column width=\u00a0\u00bb1\/6&Prime;][vc_icon icon_fontawesome=\u00a0\u00bbfas fa-tree\u00a0\u00bb color=\u00a0\u00bbchino\u00a0\u00bb background_style=\u00a0\u00bbrounded-outline\u00a0\u00bb background_color=\u00a0\u00bbchino\u00a0\u00bb align=\u00a0\u00bbcenter\u00a0\u00bb css=\u00a0\u00bb.vc_custom_1621693225895{margin-bottom: 0px !important;}\u00a0\u00bb][vc_column_text]<\/p>\n<p style=\"text-align: center;\">Jardin avec aire de pique-nique<\/p>\n<p>[\/vc_column_text][\/vc_column][vc_column width=\u00a0\u00bb1\/6&Prime;][vc_icon icon_fontawesome=\u00a0\u00bbfas fa-glass-cheers\u00a0\u00bb color=\u00a0\u00bbchino\u00a0\u00bb background_style=\u00a0\u00bbrounded-outline\u00a0\u00bb background_color=\u00a0\u00bbchino\u00a0\u00bb align=\u00a0\u00bbcenter\u00a0\u00bb css=\u00a0\u00bb.vc_custom_1621693232095{margin-bottom: 0px !important;}\u00a0\u00bb][vc_column_text]<\/p>\n<p style=\"text-align: center;\">Bar am\u00e9ricain<\/p>\n<p>[\/vc_column_text][\/vc_column][vc_column width=\u00a0\u00bb1\/6&Prime;][vc_icon icon_fontawesome=\u00a0\u00bbfas fa-utensils\u00a0\u00bb color=\u00a0\u00bbchino\u00a0\u00bb background_style=\u00a0\u00bbrounded-outline\u00a0\u00bb background_color=\u00a0\u00bbchino\u00a0\u00bb align=\u00a0\u00bbcenter\u00a0\u00bb css=\u00a0\u00bb.vc_custom_1621693238256{margin-bottom: 0px !important;}\u00a0\u00bb][vc_column_text]<\/p>\n<p style=\"text-align: center;\">Restaurant de l&rsquo;h\u00f4tel<\/p>\n<p>[\/vc_column_text][\/vc_column][vc_column width=\u00a0\u00bb1\/6&Prime;][vc_icon icon_fontawesome=\u00a0\u00bbfas fa-wifi\u00a0\u00bb color=\u00a0\u00bbchino\u00a0\u00bb background_style=\u00a0\u00bbrounded-outline\u00a0\u00bb background_color=\u00a0\u00bbchino\u00a0\u00bb align=\u00a0\u00bbcenter\u00a0\u00bb css=\u00a0\u00bb.vc_custom_1621693250397{margin-bottom: 0px !important;}\u00a0\u00bb][vc_column_text]<\/p>\n<p style=\"text-align: center;\">WiFi gratuit<\/p>\n<p>[\/vc_column_text][\/vc_column][vc_column width=\u00a0\u00bb1\/6&Prime;][vc_icon icon_fontawesome=\u00a0\u00bbfas fa-dog\u00a0\u00bb color=\u00a0\u00bbchino\u00a0\u00bb background_style=\u00a0\u00bbrounded-outline\u00a0\u00bb background_color=\u00a0\u00bbchino\u00a0\u00bb align=\u00a0\u00bbcenter\u00a0\u00bb css=\u00a0\u00bb.vc_custom_1621693244760{margin-bottom: 0px !important;}\u00a0\u00bb][vc_column_text]<\/p>\n<p style=\"text-align: center;\">Animaux autoris\u00e9s<\/p>\n<p>[\/vc_column_text][\/vc_column][\/vc_row][vc_row][vc_column][vc_empty_space][vc_media_grid grid_id=\u00a0\u00bbvc_gid:1749028921121-b662fbcf-60c3-8&Prime; include=\u00a0\u00bb2084,2083,2085&Prime;][\/vc_column][\/vc_row]<\/p>\n<\/div>","protected":false},"excerpt":{"rendered":"<p>[vc_row][vc_column css=\u00a0\u00bb.vc_custom_1747824816586{margin-top: 10px !important;margin-bottom: 10px !important;padding-top: 0px !important;}\u00a0\u00bb][vc_column_text css=\u00a0\u00bb\u00a0\u00bb el_class=\u00a0\u00bbnd_options_text_align_center_responsive\u00a0\u00bb] San Giovanni Rotondo est le centre de la spiritualit\u00e9 du Gargano et des p\u00e8lerins qui se rendent chaque ann\u00e9e dans la ville pour prier sur les restes de Saint Padre Pio de Pietrelcina. La ville est situ\u00e9e dans un bassin bien cultiv\u00e9 qui s&rsquo;ouvre au [&hellip;]<\/p>\n","protected":false},"author":1,"featured_media":0,"parent":0,"menu_order":6,"comment_status":"closed","ping_status":"closed","template":"","meta":{"footnotes":""},"class_list":["post-2873","page","type-page","status-publish","hentry"],"yoast_head":"<!-- This site is optimized with the Yoast SEO plugin v27.4 - https:\/\/yoast.com\/product\/yoast-seo-wordpress\/ -->\n<title>San Giovanni Rotondo - Hotel Garden<\/title>\n<meta name=\"description\" content=\"L&#039;H\u00f4tel Garden se trouve \u00e0 San Giovanni Rotondo, une destination touristique pour les croyants du monde entier qui viennent visiter la ville et Padre Pio.\" \/>\n<meta name=\"robots\" content=\"index, follow, max-snippet:-1, max-image-preview:large, max-video-preview:-1\" \/>\n<link rel=\"canonical\" href=\"https:\/\/www.hotel-garden.eu\/fr\/san-giovanni-rotondo\/\" \/>\n<meta property=\"og:locale\" content=\"fr_FR\" \/>\n<meta property=\"og:type\" content=\"article\" \/>\n<meta property=\"og:title\" content=\"San Giovanni Rotondo - Hotel Garden\" \/>\n<meta property=\"og:description\" content=\"L&#039;H\u00f4tel Garden se trouve \u00e0 San Giovanni Rotondo, une destination touristique pour les croyants du monde entier qui viennent visiter la ville et Padre Pio.\" \/>\n<meta property=\"og:url\" content=\"https:\/\/www.hotel-garden.eu\/fr\/san-giovanni-rotondo\/\" \/>\n<meta property=\"og:site_name\" content=\"Hotel Garden\" \/>\n<meta property=\"article:publisher\" content=\"https:\/\/www.facebook.com\/hotelristorantegardensangiovanni\" \/>\n<meta property=\"article:modified_time\" content=\"2025-06-04T09:24:21+00:00\" \/>\n<meta property=\"og:image\" content=\"https:\/\/www.hotel-garden.eu\/wp-content\/uploads\/2021\/05\/hg_1673.jpg\" \/>\n\t<meta property=\"og:image:width\" content=\"1920\" \/>\n\t<meta property=\"og:image:height\" content=\"1280\" \/>\n\t<meta property=\"og:image:type\" content=\"image\/jpeg\" \/>\n<meta name=\"twitter:card\" content=\"summary_large_image\" \/>\n<meta name=\"twitter:label1\" content=\"Dur\u00e9e de lecture estim\u00e9e\" \/>\n\t<meta name=\"twitter:data1\" content=\"2 minutes\" \/>\n<script type=\"application\/ld+json\" class=\"yoast-schema-graph\">{\"@context\":\"https:\\\/\\\/schema.org\",\"@graph\":[{\"@type\":\"WebPage\",\"@id\":\"https:\\\/\\\/www.hotel-garden.eu\\\/fr\\\/san-giovanni-rotondo\\\/\",\"url\":\"https:\\\/\\\/www.hotel-garden.eu\\\/fr\\\/san-giovanni-rotondo\\\/\",\"name\":\"San Giovanni Rotondo - Hotel Garden\",\"isPartOf\":{\"@id\":\"https:\\\/\\\/www.hotel-garden.eu\\\/fr\\\/#website\"},\"datePublished\":\"2021-05-23T15:28:39+00:00\",\"dateModified\":\"2025-06-04T09:24:21+00:00\",\"description\":\"L'H\u00f4tel Garden se trouve \u00e0 San Giovanni Rotondo, une destination touristique pour les croyants du monde entier qui viennent visiter la ville et Padre Pio.\",\"breadcrumb\":{\"@id\":\"https:\\\/\\\/www.hotel-garden.eu\\\/fr\\\/san-giovanni-rotondo\\\/#breadcrumb\"},\"inLanguage\":\"fr-FR\",\"potentialAction\":[{\"@type\":\"ReadAction\",\"target\":[\"https:\\\/\\\/www.hotel-garden.eu\\\/fr\\\/san-giovanni-rotondo\\\/\"]}]},{\"@type\":\"BreadcrumbList\",\"@id\":\"https:\\\/\\\/www.hotel-garden.eu\\\/fr\\\/san-giovanni-rotondo\\\/#breadcrumb\",\"itemListElement\":[{\"@type\":\"ListItem\",\"position\":1,\"name\":\"Home\",\"item\":\"https:\\\/\\\/www.hotel-garden.eu\\\/fr\\\/\"},{\"@type\":\"ListItem\",\"position\":2,\"name\":\"San Giovanni Rotondo\"}]},{\"@type\":\"WebSite\",\"@id\":\"https:\\\/\\\/www.hotel-garden.eu\\\/fr\\\/#website\",\"url\":\"https:\\\/\\\/www.hotel-garden.eu\\\/fr\\\/\",\"name\":\"Hotel Garden - Hotel a San Giovanni Rotondo\",\"description\":\"Hotel a San Giovanni Rotondo\",\"publisher\":{\"@id\":\"https:\\\/\\\/www.hotel-garden.eu\\\/fr\\\/#organization\"},\"potentialAction\":[{\"@type\":\"SearchAction\",\"target\":{\"@type\":\"EntryPoint\",\"urlTemplate\":\"https:\\\/\\\/www.hotel-garden.eu\\\/fr\\\/?s={search_term_string}\"},\"query-input\":{\"@type\":\"PropertyValueSpecification\",\"valueRequired\":true,\"valueName\":\"search_term_string\"}}],\"inLanguage\":\"fr-FR\"},{\"@type\":\"Organization\",\"@id\":\"https:\\\/\\\/www.hotel-garden.eu\\\/fr\\\/#organization\",\"name\":\"Hotel Garden\",\"url\":\"https:\\\/\\\/www.hotel-garden.eu\\\/fr\\\/\",\"logo\":{\"@type\":\"ImageObject\",\"inLanguage\":\"fr-FR\",\"@id\":\"https:\\\/\\\/www.hotel-garden.eu\\\/fr\\\/#\\\/schema\\\/logo\\\/image\\\/\",\"url\":\"https:\\\/\\\/www.hotel-garden.eu\\\/wp-content\\\/uploads\\\/2021\\\/05\\\/logo-hg.png\",\"contentUrl\":\"https:\\\/\\\/www.hotel-garden.eu\\\/wp-content\\\/uploads\\\/2021\\\/05\\\/logo-hg.png\",\"width\":500,\"height\":150,\"caption\":\"Hotel Garden\"},\"image\":{\"@id\":\"https:\\\/\\\/www.hotel-garden.eu\\\/fr\\\/#\\\/schema\\\/logo\\\/image\\\/\"},\"sameAs\":[\"https:\\\/\\\/www.facebook.com\\\/hotelristorantegardensangiovanni\"]}]}<\/script>\n<!-- \/ Yoast SEO plugin. -->","yoast_head_json":{"title":"San Giovanni Rotondo - Hotel Garden","description":"L'H\u00f4tel Garden se trouve \u00e0 San Giovanni Rotondo, une destination touristique pour les croyants du monde entier qui viennent visiter la ville et Padre Pio.","robots":{"index":"index","follow":"follow","max-snippet":"max-snippet:-1","max-image-preview":"max-image-preview:large","max-video-preview":"max-video-preview:-1"},"canonical":"https:\/\/www.hotel-garden.eu\/fr\/san-giovanni-rotondo\/","og_locale":"fr_FR","og_type":"article","og_title":"San Giovanni Rotondo - Hotel Garden","og_description":"L'H\u00f4tel Garden se trouve \u00e0 San Giovanni Rotondo, une destination touristique pour les croyants du monde entier qui viennent visiter la ville et Padre Pio.","og_url":"https:\/\/www.hotel-garden.eu\/fr\/san-giovanni-rotondo\/","og_site_name":"Hotel Garden","article_publisher":"https:\/\/www.facebook.com\/hotelristorantegardensangiovanni","article_modified_time":"2025-06-04T09:24:21+00:00","og_image":[{"width":1920,"height":1280,"url":"https:\/\/www.hotel-garden.eu\/wp-content\/uploads\/2021\/05\/hg_1673.jpg","type":"image\/jpeg"}],"twitter_card":"summary_large_image","twitter_misc":{"Dur\u00e9e de lecture estim\u00e9e":"2 minutes"},"schema":{"@context":"https:\/\/schema.org","@graph":[{"@type":"WebPage","@id":"https:\/\/www.hotel-garden.eu\/fr\/san-giovanni-rotondo\/","url":"https:\/\/www.hotel-garden.eu\/fr\/san-giovanni-rotondo\/","name":"San Giovanni Rotondo - Hotel Garden","isPartOf":{"@id":"https:\/\/www.hotel-garden.eu\/fr\/#website"},"datePublished":"2021-05-23T15:28:39+00:00","dateModified":"2025-06-04T09:24:21+00:00","description":"L'H\u00f4tel Garden se trouve \u00e0 San Giovanni Rotondo, une destination touristique pour les croyants du monde entier qui viennent visiter la ville et Padre Pio.","breadcrumb":{"@id":"https:\/\/www.hotel-garden.eu\/fr\/san-giovanni-rotondo\/#breadcrumb"},"inLanguage":"fr-FR","potentialAction":[{"@type":"ReadAction","target":["https:\/\/www.hotel-garden.eu\/fr\/san-giovanni-rotondo\/"]}]},{"@type":"BreadcrumbList","@id":"https:\/\/www.hotel-garden.eu\/fr\/san-giovanni-rotondo\/#breadcrumb","itemListElement":[{"@type":"ListItem","position":1,"name":"Home","item":"https:\/\/www.hotel-garden.eu\/fr\/"},{"@type":"ListItem","position":2,"name":"San Giovanni Rotondo"}]},{"@type":"WebSite","@id":"https:\/\/www.hotel-garden.eu\/fr\/#website","url":"https:\/\/www.hotel-garden.eu\/fr\/","name":"Hotel Garden - Hotel a San Giovanni Rotondo","description":"Hotel a San Giovanni Rotondo","publisher":{"@id":"https:\/\/www.hotel-garden.eu\/fr\/#organization"},"potentialAction":[{"@type":"SearchAction","target":{"@type":"EntryPoint","urlTemplate":"https:\/\/www.hotel-garden.eu\/fr\/?s={search_term_string}"},"query-input":{"@type":"PropertyValueSpecification","valueRequired":true,"valueName":"search_term_string"}}],"inLanguage":"fr-FR"},{"@type":"Organization","@id":"https:\/\/www.hotel-garden.eu\/fr\/#organization","name":"Hotel Garden","url":"https:\/\/www.hotel-garden.eu\/fr\/","logo":{"@type":"ImageObject","inLanguage":"fr-FR","@id":"https:\/\/www.hotel-garden.eu\/fr\/#\/schema\/logo\/image\/","url":"https:\/\/www.hotel-garden.eu\/wp-content\/uploads\/2021\/05\/logo-hg.png","contentUrl":"https:\/\/www.hotel-garden.eu\/wp-content\/uploads\/2021\/05\/logo-hg.png","width":500,"height":150,"caption":"Hotel Garden"},"image":{"@id":"https:\/\/www.hotel-garden.eu\/fr\/#\/schema\/logo\/image\/"},"sameAs":["https:\/\/www.facebook.com\/hotelristorantegardensangiovanni"]}]}},"_links":{"self":[{"href":"https:\/\/www.hotel-garden.eu\/fr\/wp-json\/wp\/v2\/pages\/2873","targetHints":{"allow":["GET"]}}],"collection":[{"href":"https:\/\/www.hotel-garden.eu\/fr\/wp-json\/wp\/v2\/pages"}],"about":[{"href":"https:\/\/www.hotel-garden.eu\/fr\/wp-json\/wp\/v2\/types\/page"}],"author":[{"embeddable":true,"href":"https:\/\/www.hotel-garden.eu\/fr\/wp-json\/wp\/v2\/users\/1"}],"replies":[{"embeddable":true,"href":"https:\/\/www.hotel-garden.eu\/fr\/wp-json\/wp\/v2\/comments?post=2873"}],"version-history":[{"count":0,"href":"https:\/\/www.hotel-garden.eu\/fr\/wp-json\/wp\/v2\/pages\/2873\/revisions"}],"wp:attachment":[{"href":"https:\/\/www.hotel-garden.eu\/fr\/wp-json\/wp\/v2\/media?parent=2873"}],"curies":[{"name":"wp","href":"https:\/\/api.w.org\/{rel}","templated":true}]}}