{"id":2874,"date":"2021-05-24T11:13:37","date_gmt":"2021-05-24T09:13:37","guid":{"rendered":"https:\/\/www.hotel-garden.eu\/?page_id=2874"},"modified":"2025-06-04T12:18:50","modified_gmt":"2025-06-04T10:18:50","slug":"itineraires","status":"publish","type":"page","link":"https:\/\/www.hotel-garden.eu\/fr\/itineraires\/","title":{"rendered":"Itin\u00e9raires"},"content":{"rendered":"<div class=\"wpb-content-wrapper\"><p>[vc_row][vc_column css=\u00a0\u00bb.vc_custom_1747824502615{margin-top: 10px !important;margin-bottom: 10px !important;padding-top: 0px !important;}\u00a0\u00bb] <h2 style=\"color:;padding:px;text-align:center;font-size:40px;line-height:50px;letter-spacing: px;font-weight:lighter\" class=\"  nd_options_text_align_center_responsive_important nd_options_first_font \">Tout le Gargano est sillonn\u00e9 par les voies et les sentiers du Sacr\u00e9<\/h2> [vc_column_text css=\u00a0\u00bb\u00a0\u00bb el_class=\u00a0\u00bbnd_options_text_align_center_responsive\u00a0\u00bb]<\/p>\n<p style=\"text-align: center;\">Dans la vie des croyants, le p\u00e8lerinage a toujours \u00e9t\u00e9 un moment important, un moment de renforcement de la foi.<\/p>\n<p style=\"text-align: center;\">Le p\u00e8lerinage appartient \u00e0 l&rsquo;histoire du christianisme. L&rsquo;analyse de l&rsquo;histoire des religions montre qu&rsquo;il s&rsquo;agit d&rsquo;un ph\u00e9nom\u00e8ne \u00e0 caract\u00e8re universel qui tend \u00e0 relier l&rsquo;homme \u00e0 la divinit\u00e9. Aux motivations religieuses s&rsquo;ajoutent des stimuli culturels et relationnels.<\/p>\n<p style=\"text-align: center;\">Dans le Gargano, il existe deux itin\u00e9raires religieux, l&rsquo;un ancien, remontant aux premiers si\u00e8cles du christianisme, et l&rsquo;autre r\u00e9cent : Saint-Michel au Monte Sant&rsquo;Angelo et Saint Pio de Pietralcina \u00e0 San Giovanni Rotondo. Tout le Gargano est sillonn\u00e9 par les voies et les sentiers du sacr\u00e9. Des itin\u00e9raires qui m\u00e8nent \u00e0 des lieux de d\u00e9votion \u00e0 proximit\u00e9 des villages (\u00e9glises rurales, S. Maria di Merino, grotte de Saint Michel sur le lac Varano&#8230;) et des itin\u00e9raires qui m\u00e8nent aux grands Sanctuaires : Saint Michel surtout, mais aussi Saint Matthieu et l&rsquo;Incoronata.<\/p>\n<p>[\/vc_column_text][\/vc_column][\/vc_row][vc_row][vc_column css=\u00a0\u00bb.vc_custom_1747824506240{margin-top: 10px !important;margin-bottom: 10px !important;padding-top: 0px !important;}\u00a0\u00bb] <h2 style=\"color:;padding:px;text-align:center;font-size:40px;line-height:50px;letter-spacing: px;font-weight:lighter\" class=\"  nd_options_text_align_center_responsive_important nd_options_first_font \">Le sanctuaire de Saint Matthieu \u00e0 San Marco in Lamis<\/h2> [vc_column_text css=\u00a0\u00bb\u00a0\u00bb el_class=\u00a0\u00bbnd_options_text_align_center_responsive\u00a0\u00bb]<\/p>\n<p style=\"text-align: center;\">Le monast\u00e8re se dresse aujourd&rsquo;hui dans toute sa majest\u00e9 sur les pentes bois\u00e9es d&rsquo;une colline. Un long escalier au milieu de la nature intacte du lieu, ou une route carrossable sont les alternatives pour atteindre le monast\u00e8re, o\u00f9 sont conserv\u00e9s de nombreux t\u00e9moignages artistiques, ainsi que d&rsquo;anciennes reliques de saints et une riche biblioth\u00e8que, o\u00f9 sont conserv\u00e9s de pr\u00e9cieux codex et manuscrits.<\/p>\n<p style=\"text-align: center;\">En quittant le couvent, nous continuons \u00e0 descendre, en suivant la vall\u00e9e de Stignano. Apr\u00e8s avoir travers\u00e9 le centre caract\u00e9ristique de San Marco in Lamis, qui conserve intact le charme ancien de ses maisons en terrasses rassembl\u00e9es autour du palais des abb\u00e9s, aujourd&rsquo;hui h\u00f4tel de ville, nous arrivons \u00e0 Stignano, d&rsquo;o\u00f9 le deuxi\u00e8me sanctuaire de notre itin\u00e9raire tire son nom : S. Maria di Stignano.<\/p>\n<p style=\"text-align: center;\">L&rsquo;ensemble monastique d\u00e9j\u00e0 mentionn\u00e9 au XIIIe si\u00e8cle, compos\u00e9 d&rsquo;une \u00e9glise et de deux beaux clo\u00eetres aux t\u00e9moignages artistiques baroques, se pr\u00e9sente au visiteur comme une oasis de paix entour\u00e9e dans ses environs par les ruines de nombreux ermitages (ermitages creus\u00e9s dans la roche), parmi lesquels nous mentionnons celui d\u00e9di\u00e9 \u00e0 la Sainte Trinit\u00e9. La route que nous empruntons descend vers S. Severo et est l&rsquo;une des plus anciennes voies d&rsquo;acc\u00e8s au Gargano, la Via Sacra dei Longobardi ; un chemin mill\u00e9naire suivi par les p\u00e8lerins en route vers les sanctuaires du promontoire et vers la Palestine. \u00c0 la gare de S. Marco in Lamis, au fond de la vall\u00e9e, on tourne \u00e0 gauche sur la route \u00ab Pedegarganica \u00bb. Suivre les indications pour Manfredonia.<\/p>\n<p>[\/vc_column_text][\/vc_column][\/vc_row][vc_row][vc_column css=\u00a0\u00bb.vc_custom_1747824511933{margin-top: 10px !important;margin-bottom: 10px !important;padding-top: 0px !important;}\u00a0\u00bb] <h2 style=\"color:;padding:px;text-align:center;font-size:40px;line-height:50px;letter-spacing: px;font-weight:lighter\" class=\"  nd_options_text_align_center_responsive_important nd_options_first_font \">Santa Maria di Siponto \u00e0 Manfredonia<\/h2> [vc_column_text css=\u00a0\u00bb\u00a0\u00bb el_class=\u00a0\u00bbnd_options_text_align_center_responsive\u00a0\u00bb]<\/p>\n<p style=\"text-align: center;\">En continuant vers Manfredonia, nous rencontrons l&rsquo;\u00e9glise de S. Maria di Siponto (sur la droite, bien visible de la route). Cath\u00e9drale de l&rsquo;ancienne ville de Siponto, aujourd&rsquo;hui disparue, cette \u00e9glise se dresse au milieu des ruines d&rsquo;une basilique pal\u00e9ochr\u00e9tienne et d&rsquo;autres b\u00e2timents anciens ; parmi les vestiges de divers mat\u00e9riaux arch\u00e9ologiques, on peut admirer, pour leur caract\u00e8re unique, des colonnes, des mosa\u00efques, des chapiteaux et des sarcophages.<\/p>\n<p style=\"text-align: center;\">Outre un portail raffin\u00e9, la crypte du XIIe si\u00e8cle, o\u00f9 des th\u00e9ories de colonnes alternent avec d&rsquo;anciennes s\u00e9pultures, est un enchantement. \u00c0 l&rsquo;ext\u00e9rieur de l&rsquo;\u00e9glise proprement dite, une longue promenade longe la zone arch\u00e9ologique du IVe si\u00e8cle<\/p>\n<p>[\/vc_column_text][\/vc_column][\/vc_row][vc_row][vc_column css=\u00a0\u00bb.vc_custom_1747824517277{margin-top: 10px !important;margin-bottom: 10px !important;padding-top: 0px !important;}\u00a0\u00bb] <h2 style=\"color:;padding:px;text-align:center;font-size:40px;line-height:50px;letter-spacing: px;font-weight:lighter\" class=\"  nd_options_text_align_center_responsive_important nd_options_first_font \">Manfredonia, la ville fond\u00e9e par le roi Manfredi<\/h2> [vc_column_text css=\u00a0\u00bb\u00a0\u00bb el_class=\u00a0\u00bbnd_options_text_align_center_responsive\u00a0\u00bb]<\/p>\n<p style=\"text-align: center;\">Non loin de l&rsquo;ancienne Siponto se trouve la ville de Manfredi, Manfredonia. C&rsquo;est le nom donn\u00e9 au centre qui naquit apr\u00e8s la destruction de l&rsquo;ancienne Siponto, sur ordre du roi Manfredi, fils de l&#8217;empereur Fr\u00e9d\u00e9ric II de Souabe.<\/p>\n<p style=\"text-align: center;\">Ville \u00e0 tourelles, dot\u00e9e d&rsquo;un imposant ch\u00e2teau surplombant la mer, riche en \u00e9glises et en palais nobles, Manfredonia abrite dans le mus\u00e9e national, situ\u00e9 dans les majestueuses salles du ch\u00e2teau, de nombreux vestiges arch\u00e9ologiques, dont la st\u00e8le Daunie, des objets particuliers des anciennes populations de ce territoire.<\/p>\n<p>[\/vc_column_text][\/vc_column][\/vc_row][vc_row][vc_column css=\u00a0\u00bb.vc_custom_1747824522405{margin-top: 10px !important;margin-bottom: 10px !important;padding-top: 0px !important;}\u00a0\u00bb] <h2 style=\"color:;padding:px;text-align:center;font-size:40px;line-height:50px;letter-spacing: px;font-weight:lighter\" class=\"  nd_options_text_align_center_responsive_important nd_options_first_font \">Le sanctuaire de Santa Maria Di Pulsano, un monast\u00e8re du XIIe si\u00e8cle<\/h2> [vc_column_text css=\u00a0\u00bb\u00a0\u00bb el_class=\u00a0\u00bbnd_options_text_align_center_responsive\u00a0\u00bb]<\/p>\n<p style=\"text-align: center;\">Salendo verso Monte Sant\u2019Angelo, merita fermarsi e ammirare il paesaggio sul golfo di Manfredonia. Il Santuario di S. Maria Di Pulsano \u00e8 posto quasi a guardia dell\u2019ampio golfo della citt\u00e0. L\u2019antico monastero del XII secolo (oggi completamente restaurato e abitato), si erge sopra le alture che sovrastano centro balneare porta del Gargano.<\/p>\n<p style=\"text-align: center;\">La chiesa \u00e8 ricavata in parte in una grotta naturale piena di fascino e di mistero e il complesso conventuale, protetto da massicce mura di cinta, presenta un artistico portale decorato con rilievi zoomorfi ed antichi blasoni.<\/p>\n<p>[\/vc_column_text][\/vc_column][\/vc_row][vc_row][vc_column css=\u00a0\u00bb.vc_custom_1747824527543{margin-top: 10px !important;margin-bottom: 10px !important;padding-top: 0px !important;}\u00a0\u00bb] <h2 style=\"color:;padding:px;text-align:center;font-size:40px;line-height:50px;letter-spacing: px;font-weight:lighter\" class=\"  nd_options_text_align_center_responsive_important nd_options_first_font \">Le sanctuaire de Saint Michel Archange \u00e0 Monte Sant'Angelo<\/h2> [vc_column_text css=\u00a0\u00bb\u00a0\u00bb el_class=\u00a0\u00bbnd_options_text_align_center_responsive\u00a0\u00bb]<\/p>\n<p style=\"text-align: center;\">Le Monte Sant&rsquo;Angelo abrite le sanctuaire mill\u00e9naire d\u00e9di\u00e9 \u00e0 saint Michel Archange ; cette ville est un v\u00e9ritable tr\u00e9sor artistique : de vieilles \u00e9glises romanes, un ancien baptist\u00e8re, un ch\u00e2teau normand et des quartiers m\u00e9di\u00e9vaux entiers encore intacts.<\/p>\n<p style=\"text-align: center;\">Le Moyen \u00c2ge est \u00e0 l&rsquo;honneur au Monte Sant&rsquo;Angelo, o\u00f9 le sanctuaire de Saint-Michel, situ\u00e9 dans les entrailles de la terre, dans une grotte naturelle vaste et humide, nous ram\u00e8ne aux temps anciens, laissant le visiteur imaginer des foules de p\u00e8lerins priant \u00e0 la lueur des bougies et descendant les centaines de marches qui m\u00e8nent sous terre. La th\u00e9orie des marches, des sanctuaires de d\u00e9votion, des chapelles et des s\u00e9pultures nous accompagne encore dans la visite de cet ancien sanctuaire du Gargano, qui fut au Moyen-\u00c2ge le centre le plus important du christianisme. La route int\u00e9rieure, \u00e0 travers les bois verts et les fermes encore en activit\u00e9, nous ram\u00e8ne \u00e0 San Giovanni Rotondo, le village le long de la via Sacra parcourue par les p\u00e8lerins.<\/p>\n<p style=\"text-align: center;\">L&rsquo;ancienne voie sacr\u00e9e avait pour itin\u00e9raire S. Giovanni Rotondo, o\u00f9 l&rsquo;on trouve, aux portes du village, dans le couvent des Capucins, la tombe de Saint Pio de Pietrelcina, le fr\u00e8re franciscain qui a marqu\u00e9 l&rsquo;histoire de ce coin du Gargano et qui est v\u00e9n\u00e9r\u00e9 pour les nombreux miracles qui lui ont \u00e9t\u00e9 attribu\u00e9s.<\/p>\n<p style=\"text-align: center;\">Padre Pio, n\u00e9 Francesco Forgione, est n\u00e9 de parents modestes \u00e0 Pietrelcina, une petite ville de la province de B\u00e9n\u00e9vent, le 25 mai 1887. \u00c0 l&rsquo;\u00e2ge de quinze ans, il entra au noviciat capucin de Morcone et, apr\u00e8s plusieurs s\u00e9jours dans diff\u00e9rents couvents de son ordre, dont S. Marco la Catola et Foggia, il s&rsquo;installa dans le couvent franciscain de San Giovanni Rotondo.<\/p>\n<p style=\"text-align: center;\">C&rsquo;est pr\u00e9cis\u00e9ment dans le ch\u0153ur de l&rsquo;\u00e9glise rattach\u00e9e \u00e0 ce monast\u00e8re et d\u00e9di\u00e9e \u00e0 Santa Maria delle Grazie qu&rsquo;il re\u00e7ut les stigmates le 20 septembre 1918. De ce jour jusqu&rsquo;\u00e0 sa mort, le 23 septembre 1968, son monast\u00e8re a \u00e9t\u00e9 la destination de millions de p\u00e8lerins qui ont b\u00e9n\u00e9fici\u00e9 de son aide spirituelle et de sa pri\u00e8re.<\/p>\n<p style=\"text-align: center;\">Les p\u00e8lerins qui visitent aujourd&rsquo;hui la tombe de Padre Pio et la nouvelle \u00e9glise s&rsquo;arr\u00eatent \u00e9galement au monumental chemin de croix qui serpente dans les bois entourant le couvent de Santa Maria delle Grazie et ne d\u00e9daignent pas de visiter le centre historique de S. Giovanni Rotondo, qui conserve encore quelques tours d&rsquo;enceinte solides et intactes.<\/p>\n<p>[\/vc_column_text][\/vc_column][\/vc_row][vc_row][vc_column][vc_separator][\/vc_column][\/vc_row][vc_row][vc_column][vc_empty_space][vc_media_grid grid_id=\u00a0\u00bbvc_gid:1749032282850-53b657b1-1f91-9&Prime; include=\u00a0\u00bb2084,2083,2092,2091,2090,2089,2088,2093,2094&Prime;][\/vc_column][\/vc_row]<\/p>\n<\/div>","protected":false},"excerpt":{"rendered":"<p>[vc_row][vc_column css=\u00a0\u00bb.vc_custom_1747824502615{margin-top: 10px !important;margin-bottom: 10px !important;padding-top: 0px !important;}\u00a0\u00bb][vc_column_text css=\u00a0\u00bb\u00a0\u00bb el_class=\u00a0\u00bbnd_options_text_align_center_responsive\u00a0\u00bb] Dans la vie des croyants, le p\u00e8lerinage a toujours \u00e9t\u00e9 un moment important, un moment de renforcement de la foi. Le p\u00e8lerinage appartient \u00e0 l&rsquo;histoire du christianisme. L&rsquo;analyse de l&rsquo;histoire des religions montre qu&rsquo;il s&rsquo;agit d&rsquo;un ph\u00e9nom\u00e8ne \u00e0 caract\u00e8re universel qui tend \u00e0 relier l&rsquo;homme [&hellip;]<\/p>\n","protected":false},"author":1,"featured_media":0,"parent":0,"menu_order":7,"comment_status":"closed","ping_status":"closed","template":"","meta":{"footnotes":""},"class_list":["post-2874","page","type-page","status-publish","hentry"],"yoast_head":"<!-- This site is optimized with the Yoast SEO plugin v27.4 - https:\/\/yoast.com\/product\/yoast-seo-wordpress\/ -->\n<title>Itin\u00e9raires - Hotel Garden<\/title>\n<meta name=\"description\" content=\"L&#039;H\u00f4tel Garden est situ\u00e9 dans un point strat\u00e9gique du Gargano afin que vous puissiez visiter tous les endroits et lieux suggestifs riches en histoire.\" \/>\n<meta name=\"robots\" content=\"index, follow, max-snippet:-1, max-image-preview:large, max-video-preview:-1\" \/>\n<link rel=\"canonical\" href=\"https:\/\/www.hotel-garden.eu\/fr\/itineraires\/\" \/>\n<meta property=\"og:locale\" content=\"fr_FR\" \/>\n<meta property=\"og:type\" content=\"article\" \/>\n<meta property=\"og:title\" content=\"Itin\u00e9raires - Hotel Garden\" \/>\n<meta property=\"og:description\" content=\"L&#039;H\u00f4tel Garden est situ\u00e9 dans un point strat\u00e9gique du Gargano afin que vous puissiez visiter tous les endroits et lieux suggestifs riches en histoire.\" \/>\n<meta property=\"og:url\" content=\"https:\/\/www.hotel-garden.eu\/fr\/itineraires\/\" \/>\n<meta property=\"og:site_name\" content=\"Hotel Garden\" \/>\n<meta property=\"article:publisher\" content=\"https:\/\/www.facebook.com\/hotelristorantegardensangiovanni\" \/>\n<meta property=\"article:modified_time\" content=\"2025-06-04T10:18:50+00:00\" \/>\n<meta property=\"og:image\" content=\"https:\/\/www.hotel-garden.eu\/wp-content\/uploads\/2021\/05\/hg_1673.jpg\" \/>\n\t<meta property=\"og:image:width\" content=\"1920\" \/>\n\t<meta property=\"og:image:height\" content=\"1280\" \/>\n\t<meta property=\"og:image:type\" content=\"image\/jpeg\" \/>\n<meta name=\"twitter:card\" content=\"summary_large_image\" \/>\n<meta name=\"twitter:label1\" content=\"Dur\u00e9e de lecture estim\u00e9e\" \/>\n\t<meta name=\"twitter:data1\" content=\"7 minutes\" \/>\n<script type=\"application\/ld+json\" class=\"yoast-schema-graph\">{\"@context\":\"https:\\\/\\\/schema.org\",\"@graph\":[{\"@type\":\"WebPage\",\"@id\":\"https:\\\/\\\/www.hotel-garden.eu\\\/fr\\\/itineraires\\\/\",\"url\":\"https:\\\/\\\/www.hotel-garden.eu\\\/fr\\\/itineraires\\\/\",\"name\":\"Itin\u00e9raires - Hotel Garden\",\"isPartOf\":{\"@id\":\"https:\\\/\\\/www.hotel-garden.eu\\\/fr\\\/#website\"},\"datePublished\":\"2021-05-24T09:13:37+00:00\",\"dateModified\":\"2025-06-04T10:18:50+00:00\",\"description\":\"L'H\u00f4tel Garden est situ\u00e9 dans un point strat\u00e9gique du Gargano afin que vous puissiez visiter tous les endroits et lieux suggestifs riches en histoire.\",\"breadcrumb\":{\"@id\":\"https:\\\/\\\/www.hotel-garden.eu\\\/fr\\\/itineraires\\\/#breadcrumb\"},\"inLanguage\":\"fr-FR\",\"potentialAction\":[{\"@type\":\"ReadAction\",\"target\":[\"https:\\\/\\\/www.hotel-garden.eu\\\/fr\\\/itineraires\\\/\"]}]},{\"@type\":\"BreadcrumbList\",\"@id\":\"https:\\\/\\\/www.hotel-garden.eu\\\/fr\\\/itineraires\\\/#breadcrumb\",\"itemListElement\":[{\"@type\":\"ListItem\",\"position\":1,\"name\":\"Home\",\"item\":\"https:\\\/\\\/www.hotel-garden.eu\\\/fr\\\/\"},{\"@type\":\"ListItem\",\"position\":2,\"name\":\"Itin\u00e9raires\"}]},{\"@type\":\"WebSite\",\"@id\":\"https:\\\/\\\/www.hotel-garden.eu\\\/fr\\\/#website\",\"url\":\"https:\\\/\\\/www.hotel-garden.eu\\\/fr\\\/\",\"name\":\"Hotel Garden - Hotel a San Giovanni Rotondo\",\"description\":\"Hotel a San Giovanni Rotondo\",\"publisher\":{\"@id\":\"https:\\\/\\\/www.hotel-garden.eu\\\/fr\\\/#organization\"},\"potentialAction\":[{\"@type\":\"SearchAction\",\"target\":{\"@type\":\"EntryPoint\",\"urlTemplate\":\"https:\\\/\\\/www.hotel-garden.eu\\\/fr\\\/?s={search_term_string}\"},\"query-input\":{\"@type\":\"PropertyValueSpecification\",\"valueRequired\":true,\"valueName\":\"search_term_string\"}}],\"inLanguage\":\"fr-FR\"},{\"@type\":\"Organization\",\"@id\":\"https:\\\/\\\/www.hotel-garden.eu\\\/fr\\\/#organization\",\"name\":\"Hotel Garden\",\"url\":\"https:\\\/\\\/www.hotel-garden.eu\\\/fr\\\/\",\"logo\":{\"@type\":\"ImageObject\",\"inLanguage\":\"fr-FR\",\"@id\":\"https:\\\/\\\/www.hotel-garden.eu\\\/fr\\\/#\\\/schema\\\/logo\\\/image\\\/\",\"url\":\"https:\\\/\\\/www.hotel-garden.eu\\\/wp-content\\\/uploads\\\/2021\\\/05\\\/logo-hg.png\",\"contentUrl\":\"https:\\\/\\\/www.hotel-garden.eu\\\/wp-content\\\/uploads\\\/2021\\\/05\\\/logo-hg.png\",\"width\":500,\"height\":150,\"caption\":\"Hotel Garden\"},\"image\":{\"@id\":\"https:\\\/\\\/www.hotel-garden.eu\\\/fr\\\/#\\\/schema\\\/logo\\\/image\\\/\"},\"sameAs\":[\"https:\\\/\\\/www.facebook.com\\\/hotelristorantegardensangiovanni\"]}]}<\/script>\n<!-- \/ Yoast SEO plugin. -->","yoast_head_json":{"title":"Itin\u00e9raires - Hotel Garden","description":"L'H\u00f4tel Garden est situ\u00e9 dans un point strat\u00e9gique du Gargano afin que vous puissiez visiter tous les endroits et lieux suggestifs riches en histoire.","robots":{"index":"index","follow":"follow","max-snippet":"max-snippet:-1","max-image-preview":"max-image-preview:large","max-video-preview":"max-video-preview:-1"},"canonical":"https:\/\/www.hotel-garden.eu\/fr\/itineraires\/","og_locale":"fr_FR","og_type":"article","og_title":"Itin\u00e9raires - Hotel Garden","og_description":"L'H\u00f4tel Garden est situ\u00e9 dans un point strat\u00e9gique du Gargano afin que vous puissiez visiter tous les endroits et lieux suggestifs riches en histoire.","og_url":"https:\/\/www.hotel-garden.eu\/fr\/itineraires\/","og_site_name":"Hotel Garden","article_publisher":"https:\/\/www.facebook.com\/hotelristorantegardensangiovanni","article_modified_time":"2025-06-04T10:18:50+00:00","og_image":[{"width":1920,"height":1280,"url":"https:\/\/www.hotel-garden.eu\/wp-content\/uploads\/2021\/05\/hg_1673.jpg","type":"image\/jpeg"}],"twitter_card":"summary_large_image","twitter_misc":{"Dur\u00e9e de lecture estim\u00e9e":"7 minutes"},"schema":{"@context":"https:\/\/schema.org","@graph":[{"@type":"WebPage","@id":"https:\/\/www.hotel-garden.eu\/fr\/itineraires\/","url":"https:\/\/www.hotel-garden.eu\/fr\/itineraires\/","name":"Itin\u00e9raires - Hotel Garden","isPartOf":{"@id":"https:\/\/www.hotel-garden.eu\/fr\/#website"},"datePublished":"2021-05-24T09:13:37+00:00","dateModified":"2025-06-04T10:18:50+00:00","description":"L'H\u00f4tel Garden est situ\u00e9 dans un point strat\u00e9gique du Gargano afin que vous puissiez visiter tous les endroits et lieux suggestifs riches en histoire.","breadcrumb":{"@id":"https:\/\/www.hotel-garden.eu\/fr\/itineraires\/#breadcrumb"},"inLanguage":"fr-FR","potentialAction":[{"@type":"ReadAction","target":["https:\/\/www.hotel-garden.eu\/fr\/itineraires\/"]}]},{"@type":"BreadcrumbList","@id":"https:\/\/www.hotel-garden.eu\/fr\/itineraires\/#breadcrumb","itemListElement":[{"@type":"ListItem","position":1,"name":"Home","item":"https:\/\/www.hotel-garden.eu\/fr\/"},{"@type":"ListItem","position":2,"name":"Itin\u00e9raires"}]},{"@type":"WebSite","@id":"https:\/\/www.hotel-garden.eu\/fr\/#website","url":"https:\/\/www.hotel-garden.eu\/fr\/","name":"Hotel Garden - Hotel a San Giovanni Rotondo","description":"Hotel a San Giovanni Rotondo","publisher":{"@id":"https:\/\/www.hotel-garden.eu\/fr\/#organization"},"potentialAction":[{"@type":"SearchAction","target":{"@type":"EntryPoint","urlTemplate":"https:\/\/www.hotel-garden.eu\/fr\/?s={search_term_string}"},"query-input":{"@type":"PropertyValueSpecification","valueRequired":true,"valueName":"search_term_string"}}],"inLanguage":"fr-FR"},{"@type":"Organization","@id":"https:\/\/www.hotel-garden.eu\/fr\/#organization","name":"Hotel Garden","url":"https:\/\/www.hotel-garden.eu\/fr\/","logo":{"@type":"ImageObject","inLanguage":"fr-FR","@id":"https:\/\/www.hotel-garden.eu\/fr\/#\/schema\/logo\/image\/","url":"https:\/\/www.hotel-garden.eu\/wp-content\/uploads\/2021\/05\/logo-hg.png","contentUrl":"https:\/\/www.hotel-garden.eu\/wp-content\/uploads\/2021\/05\/logo-hg.png","width":500,"height":150,"caption":"Hotel Garden"},"image":{"@id":"https:\/\/www.hotel-garden.eu\/fr\/#\/schema\/logo\/image\/"},"sameAs":["https:\/\/www.facebook.com\/hotelristorantegardensangiovanni"]}]}},"_links":{"self":[{"href":"https:\/\/www.hotel-garden.eu\/fr\/wp-json\/wp\/v2\/pages\/2874","targetHints":{"allow":["GET"]}}],"collection":[{"href":"https:\/\/www.hotel-garden.eu\/fr\/wp-json\/wp\/v2\/pages"}],"about":[{"href":"https:\/\/www.hotel-garden.eu\/fr\/wp-json\/wp\/v2\/types\/page"}],"author":[{"embeddable":true,"href":"https:\/\/www.hotel-garden.eu\/fr\/wp-json\/wp\/v2\/users\/1"}],"replies":[{"embeddable":true,"href":"https:\/\/www.hotel-garden.eu\/fr\/wp-json\/wp\/v2\/comments?post=2874"}],"version-history":[{"count":0,"href":"https:\/\/www.hotel-garden.eu\/fr\/wp-json\/wp\/v2\/pages\/2874\/revisions"}],"wp:attachment":[{"href":"https:\/\/www.hotel-garden.eu\/fr\/wp-json\/wp\/v2\/media?parent=2874"}],"curies":[{"name":"wp","href":"https:\/\/api.w.org\/{rel}","templated":true}]}}